{"id":1160,"date":"2022-01-26T19:43:10","date_gmt":"2022-01-26T18:43:10","guid":{"rendered":"https:\/\/regala.hotelvillaretiro.com\/producto\/escapada-gourmet\/"},"modified":"2026-03-03T18:23:44","modified_gmt":"2026-03-03T17:23:44","slug":"escapada-romantica","status":"publish","type":"product","link":"https:\/\/regala.hotelvillaretiro.com\/ca\/producto\/escapada-romantica\/","title":{"rendered":"Escapada Rom\u00e0ntica &#8211; 1 nit Hotel 5 estrelles + Sopar en Restaurant amb Estrella Michelin"},"content":{"rendered":"[vc_row type=&#8221;in_container&#8221; full_screen_row_position=&#8221;middle&#8221; column_margin=&#8221;default&#8221; column_direction=&#8221;default&#8221; column_direction_tablet=&#8221;default&#8221; column_direction_phone=&#8221;default&#8221; scene_position=&#8221;center&#8221; text_color=&#8221;dark&#8221; text_align=&#8221;left&#8221; row_border_radius=&#8221;none&#8221; row_border_radius_applies=&#8221;bg&#8221; overflow=&#8221;visible&#8221; overlay_strength=&#8221;0.3&#8243; gradient_direction=&#8221;left_to_right&#8221; shape_divider_position=&#8221;bottom&#8221; bg_image_animation=&#8221;none&#8221;][vc_column column_padding=&#8221;no-extra-padding&#8221; column_padding_tablet=&#8221;inherit&#8221; column_padding_phone=&#8221;inherit&#8221; column_padding_position=&#8221;all&#8221; column_element_spacing=&#8221;default&#8221; background_color_opacity=&#8221;1&#8243; background_hover_color_opacity=&#8221;1&#8243; column_shadow=&#8221;none&#8221; column_border_radius=&#8221;none&#8221; column_link_target=&#8221;_self&#8221; column_position=&#8221;default&#8221; gradient_direction=&#8221;left_to_right&#8221; overlay_strength=&#8221;0.3&#8243; width=&#8221;1\/1&#8243; tablet_width_inherit=&#8221;default&#8221; tablet_text_alignment=&#8221;default&#8221; phone_text_alignment=&#8221;default&#8221; animation_type=&#8221;default&#8221; bg_image_animation=&#8221;none&#8221; border_type=&#8221;simple&#8221; column_border_width=&#8221;none&#8221; column_border_style=&#8221;solid&#8221;][vc_column_text]\n<h3><span style=\"color: #333333; font-size: 26px;\">Un regal Rom\u00e0ntic i de luxe<\/span><\/h3>\n<p>Regala&#8217;t o regala una\u00a0 Escapada Rom\u00e1ntica que combina el luxe i l&#8217;excel\u00b7l\u00e8ncia culin\u00e0ria, ideal per a qualsevol ocasi\u00f3 especial. Amb el nostre servei personalitzat i una experi\u00e8ncia gastron\u00f2mica sense igual, cada moment es convertir\u00e0 en un grat record. Ideal per a ocasions especials<\/p>\n<p><strong>Regal per al Dia de Sant Valent\u00ed:<\/strong> Feix d&#8217;aquest dia de Sant Valent\u00ed una cosa inoblidable amb una escapada rom\u00e0ntica plena de detalls i una sopa gurmet que encantar\u00e0 a la teva parella.<br \/>\n<strong>Regal de luxe Nadal:<\/strong> Regala una experi\u00e8ncia inoblidable aquest Nadal. Oblida&#8217;t dels regals convencionals i sorpr\u00e8n amb una escapada de luxe, perfecta per a desconnectar i gaudir d&#8217;un entorn privilegiat.<br \/>\n<strong>Regals d&#8217;Aniversaris, Aniversaris o ocasions especials:<\/strong> Celebra aquest dia tan especial amb una experi\u00e8ncia \u00fanica. Ja sigui per a un aniversari, un aniversari o simplement per a sorprendre a alg\u00fa especial. L&#8217;experi\u00e8ncia est\u00e0 disponible tamb\u00e9 entre setmana per a una escapada inesperada i fora de la rutina[\/vc_column_text][\/vc_column][\/vc_row]\n","protected":false},"excerpt":{"rendered":"<p>Sorpr\u00e8n la teva parella amb una escapada \u00fanica, en cap de setmana o entre setmana, que us far\u00e0 desconnectar de la rutina. Gaudiu d&#8217;una Experi\u00e8ncia Gastron\u00f2mica de Luxe en un Hotel Boutique 5* amb encant i envoltat de naturalesa. Aquest cap de setmana rom\u00e0ntic \u00e9s perfecte per a aquells que busquen relax, luxe i una estada plena de detalls.<\/p>\n<p><strong>Inclou:<\/strong><\/p>\n<ul>\n<li>Allotjament 1 nit en habitaci\u00f3 de luxe per a dues persones<\/li>\n<li><strong>Dinar o sopar<\/strong> gastron\u00f2mic per a dues persones amb un &#8220;Men\u00fa Homenatge 20\u00e8 Aniversari&#8221; creat pel Xef Fran L\u00f3pez en el Restaurant Villa Retiro, un edifici amb encant situat als Jardins de l&#8217;Hotel, guardonat amb una Estrella Michelin.<\/li>\n<li>Esmorzar gurmet<br \/>\nDetall de benvinguda a l&#8217;habitaci\u00f3<\/li>\n<li>Nota: begudes no incloses.<\/li>\n<\/ul>\n<p>Si vol afegir extres, pot fer-ho a continuaci\u00f3:<\/p>\n","protected":false},"featured_media":968,"template":"","meta":{"inline_featured_image":false},"product_brand":[],"product_cat":[37],"product_tag":[],"class_list":{"0":"post-1160","1":"product","2":"type-product","3":"status-publish","4":"has-post-thumbnail","6":"product_cat-escapadas-ca","7":"wcpa_has_options","9":"first","10":"instock","11":"virtual","12":"purchasable","13":"product-type-simple"},"yoast_head":"<!-- This site is optimized with the Yoast SEO plugin v27.3 - https:\/\/yoast.com\/product\/yoast-seo-wordpress\/ -->\n<title>Escapada Rom\u00e0ntica - 1 nit Hotel 5 estrelles + Sopar en Restaurant amb Estrella Michelin - Regala Villa Retiro<\/title>\n<meta name=\"description\" content=\"Escapada Rom\u00e1ntica en el Hotel Villa Retiro. Regala&#039;t o regala una\u00a0 Escapada Rom\u00e1ntica que combina el luxe i l&#039;excel\u00b7l\u00e8ncia culin\u00e0ria.\" \/>\n<meta name=\"robots\" content=\"index, follow, max-snippet:-1, max-image-preview:large, max-video-preview:-1\" \/>\n<link rel=\"canonical\" href=\"https:\/\/regala.hotelvillaretiro.com\/ca\/producto\/escapada-romantica\/\" \/>\n<meta property=\"og:locale\" content=\"ca_ES\" \/>\n<meta property=\"og:type\" content=\"article\" \/>\n<meta property=\"og:title\" content=\"Escapada Rom\u00e0ntica - 1 nit Hotel 5 estrelles + Sopar en Restaurant amb Estrella Michelin - Regala Villa Retiro\" \/>\n<meta property=\"og:description\" content=\"Escapada Rom\u00e1ntica en el Hotel Villa Retiro. Regala&#039;t o regala una\u00a0 Escapada Rom\u00e1ntica que combina el luxe i l&#039;excel\u00b7l\u00e8ncia culin\u00e0ria.\" \/>\n<meta property=\"og:url\" content=\"https:\/\/regala.hotelvillaretiro.com\/ca\/producto\/escapada-romantica\/\" \/>\n<meta property=\"og:site_name\" content=\"Regala Villa Retiro\" \/>\n<meta property=\"article:modified_time\" content=\"2026-03-03T17:23:44+00:00\" \/>\n<meta property=\"og:image\" content=\"https:\/\/regala.hotelvillaretiro.com\/wp-content\/uploads\/2022\/01\/hotel-villa-retiro-estrella-michelin-fran-lopez-xerta-tarragona-restaurante-spaVilla-Retiro-Octubre-2021-189.jpg\" \/>\n\t<meta property=\"og:image:width\" content=\"1200\" \/>\n\t<meta property=\"og:image:height\" content=\"800\" \/>\n\t<meta property=\"og:image:type\" content=\"image\/jpeg\" \/>\n<meta name=\"twitter:card\" content=\"summary_large_image\" \/>\n<meta name=\"twitter:label1\" content=\"Temps estimat de lectura\" \/>\n\t<meta name=\"twitter:data1\" content=\"1 minut\" \/>\n<script type=\"application\/ld+json\" class=\"yoast-schema-graph\">{\"@context\":\"https:\\\/\\\/schema.org\",\"@graph\":[{\"@type\":\"WebPage\",\"@id\":\"https:\\\/\\\/regala.hotelvillaretiro.com\\\/ca\\\/producto\\\/escapada-romantica\\\/\",\"url\":\"https:\\\/\\\/regala.hotelvillaretiro.com\\\/ca\\\/producto\\\/escapada-romantica\\\/\",\"name\":\"Escapada Rom\u00e0ntica - 1 nit Hotel 5 estrelles + Sopar en Restaurant amb Estrella Michelin - Regala Villa Retiro\",\"isPartOf\":{\"@id\":\"https:\\\/\\\/regala.hotelvillaretiro.com\\\/ca\\\/#website\"},\"primaryImageOfPage\":{\"@id\":\"https:\\\/\\\/regala.hotelvillaretiro.com\\\/ca\\\/producto\\\/escapada-romantica\\\/#primaryimage\"},\"image\":{\"@id\":\"https:\\\/\\\/regala.hotelvillaretiro.com\\\/ca\\\/producto\\\/escapada-romantica\\\/#primaryimage\"},\"thumbnailUrl\":\"https:\\\/\\\/regala.hotelvillaretiro.com\\\/wp-content\\\/uploads\\\/2022\\\/01\\\/hotel-villa-retiro-estrella-michelin-fran-lopez-xerta-tarragona-restaurante-spaVilla-Retiro-Octubre-2021-189.jpg\",\"datePublished\":\"2022-01-26T18:43:10+00:00\",\"dateModified\":\"2026-03-03T17:23:44+00:00\",\"description\":\"Escapada Rom\u00e1ntica en el Hotel Villa Retiro. Regala't o regala una\u00a0 Escapada Rom\u00e1ntica que combina el luxe i l'excel\u00b7l\u00e8ncia culin\u00e0ria.\",\"breadcrumb\":{\"@id\":\"https:\\\/\\\/regala.hotelvillaretiro.com\\\/ca\\\/producto\\\/escapada-romantica\\\/#breadcrumb\"},\"inLanguage\":\"ca\",\"potentialAction\":[{\"@type\":\"ReadAction\",\"target\":[\"https:\\\/\\\/regala.hotelvillaretiro.com\\\/ca\\\/producto\\\/escapada-romantica\\\/\"]}]},{\"@type\":\"ImageObject\",\"inLanguage\":\"ca\",\"@id\":\"https:\\\/\\\/regala.hotelvillaretiro.com\\\/ca\\\/producto\\\/escapada-romantica\\\/#primaryimage\",\"url\":\"https:\\\/\\\/regala.hotelvillaretiro.com\\\/wp-content\\\/uploads\\\/2022\\\/01\\\/hotel-villa-retiro-estrella-michelin-fran-lopez-xerta-tarragona-restaurante-spaVilla-Retiro-Octubre-2021-189.jpg\",\"contentUrl\":\"https:\\\/\\\/regala.hotelvillaretiro.com\\\/wp-content\\\/uploads\\\/2022\\\/01\\\/hotel-villa-retiro-estrella-michelin-fran-lopez-xerta-tarragona-restaurante-spaVilla-Retiro-Octubre-2021-189.jpg\",\"width\":1200,\"height\":800,\"caption\":\"Regala Villa Retiro-escapadas-menus-estrella-michelin-hotel-cinco-estrellas-spa-enoturismo-gastroturimo Escapada Rom\u00e1ntica Hotel Villa Retiro\"},{\"@type\":\"BreadcrumbList\",\"@id\":\"https:\\\/\\\/regala.hotelvillaretiro.com\\\/ca\\\/producto\\\/escapada-romantica\\\/#breadcrumb\",\"itemListElement\":[{\"@type\":\"ListItem\",\"position\":1,\"name\":\"Portada\",\"item\":\"https:\\\/\\\/regala.hotelvillaretiro.com\\\/ca\\\/\"},{\"@type\":\"ListItem\",\"position\":2,\"name\":\"Botiga\",\"item\":\"https:\\\/\\\/regala.hotelvillaretiro.com\\\/ca\\\/botiga\\\/\"},{\"@type\":\"ListItem\",\"position\":3,\"name\":\"Escapada Rom\u00e0ntica &#8211; 1 nit Hotel 5 estrelles + Sopar en Restaurant amb Estrella Michelin\"}]},{\"@type\":\"WebSite\",\"@id\":\"https:\\\/\\\/regala.hotelvillaretiro.com\\\/ca\\\/#website\",\"url\":\"https:\\\/\\\/regala.hotelvillaretiro.com\\\/ca\\\/\",\"name\":\"Regala Villa Retiro\",\"description\":\"Regala experiencias gastron\u00f3micas con estrella Michelin en el Hotel Villa Retiro\",\"potentialAction\":[{\"@type\":\"SearchAction\",\"target\":{\"@type\":\"EntryPoint\",\"urlTemplate\":\"https:\\\/\\\/regala.hotelvillaretiro.com\\\/ca\\\/?s={search_term_string}\"},\"query-input\":{\"@type\":\"PropertyValueSpecification\",\"valueRequired\":true,\"valueName\":\"search_term_string\"}}],\"inLanguage\":\"ca\"}]}<\/script>\n<!-- \/ Yoast SEO plugin. -->","yoast_head_json":{"title":"Escapada Rom\u00e0ntica - 1 nit Hotel 5 estrelles + Sopar en Restaurant amb Estrella Michelin - Regala Villa Retiro","description":"Escapada Rom\u00e1ntica en el Hotel Villa Retiro. Regala't o regala una\u00a0 Escapada Rom\u00e1ntica que combina el luxe i l'excel\u00b7l\u00e8ncia culin\u00e0ria.","robots":{"index":"index","follow":"follow","max-snippet":"max-snippet:-1","max-image-preview":"max-image-preview:large","max-video-preview":"max-video-preview:-1"},"canonical":"https:\/\/regala.hotelvillaretiro.com\/ca\/producto\/escapada-romantica\/","og_locale":"ca_ES","og_type":"article","og_title":"Escapada Rom\u00e0ntica - 1 nit Hotel 5 estrelles + Sopar en Restaurant amb Estrella Michelin - Regala Villa Retiro","og_description":"Escapada Rom\u00e1ntica en el Hotel Villa Retiro. Regala't o regala una\u00a0 Escapada Rom\u00e1ntica que combina el luxe i l'excel\u00b7l\u00e8ncia culin\u00e0ria.","og_url":"https:\/\/regala.hotelvillaretiro.com\/ca\/producto\/escapada-romantica\/","og_site_name":"Regala Villa Retiro","article_modified_time":"2026-03-03T17:23:44+00:00","og_image":[{"width":1200,"height":800,"url":"https:\/\/regala.hotelvillaretiro.com\/wp-content\/uploads\/2022\/01\/hotel-villa-retiro-estrella-michelin-fran-lopez-xerta-tarragona-restaurante-spaVilla-Retiro-Octubre-2021-189.jpg","type":"image\/jpeg"}],"twitter_card":"summary_large_image","twitter_misc":{"Temps estimat de lectura":"1 minut"},"schema":{"@context":"https:\/\/schema.org","@graph":[{"@type":"WebPage","@id":"https:\/\/regala.hotelvillaretiro.com\/ca\/producto\/escapada-romantica\/","url":"https:\/\/regala.hotelvillaretiro.com\/ca\/producto\/escapada-romantica\/","name":"Escapada Rom\u00e0ntica - 1 nit Hotel 5 estrelles + Sopar en Restaurant amb Estrella Michelin - Regala Villa Retiro","isPartOf":{"@id":"https:\/\/regala.hotelvillaretiro.com\/ca\/#website"},"primaryImageOfPage":{"@id":"https:\/\/regala.hotelvillaretiro.com\/ca\/producto\/escapada-romantica\/#primaryimage"},"image":{"@id":"https:\/\/regala.hotelvillaretiro.com\/ca\/producto\/escapada-romantica\/#primaryimage"},"thumbnailUrl":"https:\/\/regala.hotelvillaretiro.com\/wp-content\/uploads\/2022\/01\/hotel-villa-retiro-estrella-michelin-fran-lopez-xerta-tarragona-restaurante-spaVilla-Retiro-Octubre-2021-189.jpg","datePublished":"2022-01-26T18:43:10+00:00","dateModified":"2026-03-03T17:23:44+00:00","description":"Escapada Rom\u00e1ntica en el Hotel Villa Retiro. Regala't o regala una\u00a0 Escapada Rom\u00e1ntica que combina el luxe i l'excel\u00b7l\u00e8ncia culin\u00e0ria.","breadcrumb":{"@id":"https:\/\/regala.hotelvillaretiro.com\/ca\/producto\/escapada-romantica\/#breadcrumb"},"inLanguage":"ca","potentialAction":[{"@type":"ReadAction","target":["https:\/\/regala.hotelvillaretiro.com\/ca\/producto\/escapada-romantica\/"]}]},{"@type":"ImageObject","inLanguage":"ca","@id":"https:\/\/regala.hotelvillaretiro.com\/ca\/producto\/escapada-romantica\/#primaryimage","url":"https:\/\/regala.hotelvillaretiro.com\/wp-content\/uploads\/2022\/01\/hotel-villa-retiro-estrella-michelin-fran-lopez-xerta-tarragona-restaurante-spaVilla-Retiro-Octubre-2021-189.jpg","contentUrl":"https:\/\/regala.hotelvillaretiro.com\/wp-content\/uploads\/2022\/01\/hotel-villa-retiro-estrella-michelin-fran-lopez-xerta-tarragona-restaurante-spaVilla-Retiro-Octubre-2021-189.jpg","width":1200,"height":800,"caption":"Regala Villa Retiro-escapadas-menus-estrella-michelin-hotel-cinco-estrellas-spa-enoturismo-gastroturimo Escapada Rom\u00e1ntica Hotel Villa Retiro"},{"@type":"BreadcrumbList","@id":"https:\/\/regala.hotelvillaretiro.com\/ca\/producto\/escapada-romantica\/#breadcrumb","itemListElement":[{"@type":"ListItem","position":1,"name":"Portada","item":"https:\/\/regala.hotelvillaretiro.com\/ca\/"},{"@type":"ListItem","position":2,"name":"Botiga","item":"https:\/\/regala.hotelvillaretiro.com\/ca\/botiga\/"},{"@type":"ListItem","position":3,"name":"Escapada Rom\u00e0ntica &#8211; 1 nit Hotel 5 estrelles + Sopar en Restaurant amb Estrella Michelin"}]},{"@type":"WebSite","@id":"https:\/\/regala.hotelvillaretiro.com\/ca\/#website","url":"https:\/\/regala.hotelvillaretiro.com\/ca\/","name":"Regala Villa Retiro","description":"Regala experiencias gastron\u00f3micas con estrella Michelin en el Hotel Villa Retiro","potentialAction":[{"@type":"SearchAction","target":{"@type":"EntryPoint","urlTemplate":"https:\/\/regala.hotelvillaretiro.com\/ca\/?s={search_term_string}"},"query-input":{"@type":"PropertyValueSpecification","valueRequired":true,"valueName":"search_term_string"}}],"inLanguage":"ca"}]}},"wcpa_form_fields":{"wcpaData":{"product":{"product_price":499,"price_html":"<span class=\"woocommerce-Price-amount amount\"><bdi>499,00&nbsp;<span class=\"woocommerce-Price-currencySymbol\">&euro;<\/span><\/bdi><\/span>","original_product_price":499,"price_including_tax":499,"price_excluding_tax":499,"product_id":{"parent":1160,"variation":false},"is_variable":false,"stock_status":"instock","stock_quantity":null,"parent_sku":"","product_attributes":[],"custom_fields":[],"is_taxable":false},"fields":{"sec_1066701cc10e541":{"extra":{"key":"sec_1066701cc10e541","section_id":"sec_1066701cc10e541","name":"Default","status":1,"cl_rule":"show","enableCl":false,"relations":[],"toggle":true,"title_tag":"h3","show_title":false,"showPrice":"default","form_id":4031,"form_rules":{"exclude_from_discount":false,"fee_label":"Extras","disp_hide_options_price":false,"disp_show_section_price":false,"disp_show_field_price":true,"layout_option":"standard","pric_use_as_fee":false,"process_fee_as":"woo_fee"},"layout_option":"standard"},"fields":[[{"label":"Afegir maridatge de vins (preu per persona)","active":true,"elementId":"checkbox-group-2730362075","tooltip":"","name":"checkbox-group-2730362075","enablePrice":true,"relations":false,"enable_quantity":true,"quantity_label":"","checkUi":"","layOut":"","other_text":"Other","values":[{"label":"Maridatge +","value":"Maridaje de vinos","price":"+70","pimage":"","pimage_id":"","pthumb":"","tempId":"aco_137","selected":false,"gt_translate_keys":["label"]}],"priceOptions":"different_for_all","pricingType":"fixed","cl_rule":"show","col":6,"type":"checkbox-group","error":false,"use_as_fee":false,"gt_translate_keys":["label","tooltip","quantity_label"],"price_dependency":false,"cl_dependency":false,"value":""}]]},"sec_065a7c3183d1fa":{"extra":{"key":"sec_065a7c3183d1fa","section_id":"sec_065a7c3183d1fa","name":"Default","status":1,"cl_rule":"show","enableCl":false,"relations":[],"toggle":true,"title_tag":"h3","show_title":false,"showPrice":"default","form_id":1219,"form_rules":{"exclude_from_discount":false,"fee_label":"Extras","disp_hide_options_price":false,"disp_show_section_price":false,"disp_show_field_price":true,"layout_option":"standard","pric_use_as_fee":false,"process_fee_as":"woo_fee"},"layout_option":"standard"},"fields":[[{"type":"checkbox-group","elementId":"wcpa-checkbox-group-1643214260988","label":"Afegir ampolla de vi o cava","enablePrice":true,"priceOptions":"different_for_all","pricingType":"fixed","name":"checkbox-group-1643214260988","other_text":"Other","cl_rule":"show","col":6,"values":[{"label":"Ampolla vi o cava +","value":"option-1","price":"34","pimage":"","pimage_id":"","pthumb":"","tempId":"aco_24","gt_translate_keys":["label"]},{"label":"Ampolla vi o cava +","value":"Botella cava","price":"36","pimage":"","pimage_id":"","pthumb":"","tempId":"aco_27","gt_translate_keys":["label"]},{"label":"Ampolla vi o cava +","value":"Botella cava2","price":"60","pimage":"","pimage_id":"","pthumb":"","tempId":"aco_28","gt_translate_keys":["label"]}],"relations":false,"active":true,"tooltip":"","layOut":"","checkUi":"","error":false,"use_as_fee":true,"enable_quantity":true,"quantity_label":"","gt_translate_keys":["label","tooltip","quantity_label"],"price_dependency":false,"cl_dependency":false,"value":""}]]},"sec_369bd89ec33595":{"extra":{"key":"sec_369bd89ec33595","section_id":"sec_369bd89ec33595","name":"Default","status":1,"cl_rule":"show","enableCl":false,"relations":[],"toggle":true,"title_tag":"h3","show_title":false,"showPrice":"default","form_id":1231,"form_rules":{"exclude_from_discount":false,"fee_label":"Extras","disp_hide_options_price":false,"disp_show_section_price":false,"disp_show_field_price":true,"layout_option":"standard","pric_use_as_fee":false,"process_fee_as":"woo_fee"},"layout_option":"standard"},"fields":[[{"type":"checkbox-group","elementId":"wcpa-checkbox-group-1643221666959","label":"Suplement d\u2019habitaci\u00f3","enablePrice":true,"priceOptions":"different_for_all","pricingType":"fixed","name":"checkbox-group-1643221666959","other_text":"Other","cl_rule":"show","col":6,"values":[{"label":"Habitaci\u00f3 Junior Suite Jard\u00ed +","value":"Habitaci\u00f3n Junior Suite Jard\u00edn","price":"40","pimage":"","pimage_id":"","pthumb":"","tempId":"aco_21","gt_translate_keys":["label"]},{"label":" Habitaci\u00f3 Suite Cl\u00e1sica  +","value":"Habitaci\u00f3n Suite Cl\u00e1sica","price":"60","pimage":"","pimage_id":"","pthumb":"","tempId":"aco_22","gt_translate_keys":["label"]},{"label":" Habitaci\u00f3 Gran Suite Jard\u00ed +","value":"Habitaci\u00f3n Gran Suite Jard\u00edn","price":"120","pimage":"","pimage_id":"","pthumb":"","tempId":"aco_23","gt_translate_keys":["label"]}],"relations":false,"active":true,"tooltip":"","layOut":"","checkUi":"","error":false,"gt_translate_keys":["label","tooltip"],"price_dependency":false,"cl_dependency":false,"value":""}]]},"sec_465dc5ae4670ef":{"extra":{"key":"sec_465dc5ae4670ef","section_id":"sec_465dc5ae4670ef","name":"Default","status":1,"cl_rule":"show","enableCl":false,"relations":[],"toggle":true,"title_tag":"h3","show_title":false,"showPrice":"default","form_id":1228,"form_rules":{"exclude_from_discount":false,"fee_label":"Extras","disp_hide_options_price":false,"disp_show_section_price":false,"disp_show_field_price":true,"layout_option":"standard","pric_use_as_fee":false,"process_fee_as":"woo_fee"},"layout_option":"standard"},"fields":[[{"type":"checkbox-group","elementId":"wcpa-checkbox-group-1643221899196","label":"Extras habitaci\u00f3","enablePrice":true,"priceOptions":"different_for_all","pricingType":"fixed","name":"checkbox-group-1643221899196","other_text":"Other","cl_rule":"show","col":6,"values":[{"label":"Kit er\u00f2tic: inclou ampolla de cava, kit de cosm\u00e8tica er\u00f2tica i sals de bany +","value":"Kit er\u00f3tico","price":"75","pimage":"","pimage_id":"","pthumb":"","tempId":"aco_39","gt_translate_keys":["label"]},{"label":"Ampolla de cava i bombons +","value":"Botella de cava y bombones","price":"30","pimage":"","pimage_id":"","pthumb":"","tempId":"aco_40","gt_translate_keys":["label"]},{"label":"Sals de bany i cartes de suggeriments +","value":"Sales de ba\u00f1o y cartas de sugerencias","price":"16.9","pimage":"","pimage_id":"","pthumb":"","tempId":"aco_41","gt_translate_keys":["label"]},{"label":"Cosm\u00e8tica Er\u00f2tica +","value":"Cosm\u00e9tica Er\u00f3tica","price":"42.8","pimage":"","pimage_id":"","pthumb":"","tempId":"aco_42","gt_translate_keys":["label"]},{"label":"Sals de bany +","value":"Sales de ba\u00f1o","price":"12.99","pimage":"","pimage_id":"","pthumb":"","tempId":"aco_43","gt_translate_keys":["label"]},{"label":"Ampolla 0,38cl M\u00f6et & Chandon Imp\u00e9rial +","value":"Botella  0,38cl M\u00f6et & Chandon Imp\u00e9rial","price":"38","pimage":"","pimage_id":"","pthumb":"","tempId":"aco_44","gt_translate_keys":["label"]}],"relations":false,"active":true,"tooltip":"","layOut":"","checkUi":"","error":false,"enable_quantity":true,"quantity_label":"","gt_translate_keys":["label","tooltip","quantity_label"],"price_dependency":false,"cl_dependency":false,"value":""}]]},"sec_1065dc589827179":{"extra":{"key":"sec_1065dc589827179","section_id":"sec_1065dc589827179","name":"Default","status":1,"cl_rule":"show","enableCl":false,"relations":[],"toggle":true,"title_tag":"h3","show_title":false,"showPrice":"default","form_id":1225,"form_rules":{"exclude_from_discount":false,"fee_label":"Extras","disp_hide_options_price":false,"disp_show_section_price":false,"disp_show_field_price":true,"layout_option":"standard","pric_use_as_fee":false,"process_fee_as":"woo_fee"},"layout_option":"standard"},"fields":[[{"type":"checkbox-group","elementId":"wcpa-checkbox-group-1643222553174","label":"Massatges i tractaments (per persona)","description":"","enablePrice":true,"priceOptions":"different_for_all","pricingType":"custom","use_as_fee":true,"name":"checkbox-group-1643222553174","other_text":"Other","cl_rule":"show","col":6,"values":[{"label":"Massatge equilibrant Vata 50' +","value":"option-1Masaje equilibrante Vata 60","price":"88","pimage":"","pimage_id":"","pthumb":"","tempId":"aco_182","gt_translate_keys":["label"]},{"label":"Massatge Otham 50' +","value":"Masaje Otham 60'","price":"98","pimage":"","pimage_id":"","pthumb":"","tempId":"aco_183","gt_translate_keys":["label"]},{"label":"Massatge terap\u00e8utic de cames 25' +","value":"Masaje terap\u00e9utico de piernas 30","price":"44","pimage":"","pimage_id":"","pthumb":"","tempId":"aco_185","gt_translate_keys":["label"]},{"label":"Massatge terap\u00e8utic esquena 25' +","value":"Masaje terap\u00e9utico espalda 30'","price":"44","pimage":"","pimage_id":"","pthumb":"","tempId":"aco_186","gt_translate_keys":["label"]},{"label":"Massatge terap\u00e8utic podal 25' +","value":"Masaje terap\u00e9utico podal 30'","price":"44","pimage":"","pimage_id":"","pthumb":"","tempId":"aco_187","gt_translate_keys":["label"]},{"label":"Tractament facial hidratant 25' +","value":"o\tTratamiento facial hidratante 30'","price":"49","pimage":"","pimage_id":"","pthumb":"","tempId":"aco_188","gt_translate_keys":["label"]},{"label":"Massatge amb olis perfumats 25' +","value":"o\tMasaje con aceites perfumados 30'","selected":false,"tempId":"aco_234","price":"49","gt_translate_keys":["label"]}],"relations":[{"operator":false,"rules":[{"operator":false,"rules":{"cl_field":"quantity","cl_relation":"is","cl_val":""}}]}],"active":true,"tooltip":"","layOut":"","checkUi":"","error":false,"isTemplate":false,"enable_quantity":true,"quantity_label":"","gt_translate_keys":["label","description","tooltip","quantity_label"],"price_dependency":false,"cl_dependency":false,"value":""}]]},"sec_065a7c628f01a3":{"extra":{"key":"sec_065a7c628f01a3","section_id":"sec_065a7c628f01a3","name":"Default","status":1,"cl_rule":"show","enableCl":false,"relations":[],"toggle":true,"title_tag":"h3","show_title":false,"showPrice":"default","form_id":1216,"form_rules":{"exclude_from_discount":false,"fee_label":"Extras","disp_hide_options_price":false,"disp_show_section_price":false,"disp_show_field_price":true,"layout_option":"standard","pric_use_as_fee":false,"process_fee_as":"woo_fee"},"layout_option":"standard"},"fields":[[{"type":"checkbox-group","elementId":"wcpa-checkbox-group-1643214688485","label":"Mini past\u00eds d'aniversari","enablePrice":true,"priceOptions":"different_for_all","pricingType":"fixed","name":"checkbox-group-1643214688485","other_text":"Other","cl_rule":"show","col":6,"values":[{"label":"Mini past\u00eds +","value":"option-1","price":"25","pimage":"","pimage_id":"","pthumb":"","tempId":"aco_20","gt_translate_keys":["label"]}],"relations":false,"active":true,"tooltip":"","layOut":"","checkUi":"","error":false,"use_as_fee":true,"enable_quantity":true,"quantity_label":"0","gt_translate_keys":["label","tooltip","quantity_label"],"price_dependency":false,"cl_dependency":false,"value":""}]]}},"config":{"price_override":"","enable_recaptcha":false,"bind_quantity":true,"quantity_bind_formula":"{field.element_id_of_the_field.value}","disp_summ_show_option_price":true,"disp_summ_show_product_price":true,"disp_summ_show_total_price":true,"disp_summ_show_fee":true,"disp_summ_show_discount":false,"summary_title":"","options_total_label":"","total_label":"Total","options_product_label":"Precio","fee_label":"Extras","discount_label":"Discount","has_price":true,"has_quantity_formula":false},"mc_unit":1,"tax_rate":1,"tax_rate_real":1,"discount":{"percentage":0,"fixed":0},"design":{"conf":{"LabelPosition":"above","DescPosition":"above","UploadField":"custom_1","QuantityFieldStyle":"default"},"css":{"LeftLabelWidth":"120px"}},"formulas":[],"clones":false,"cartKey":false}},"_links":{"self":[{"href":"https:\/\/regala.hotelvillaretiro.com\/ca\/wp-json\/wp\/v2\/product\/1160","targetHints":{"allow":["GET"]}}],"collection":[{"href":"https:\/\/regala.hotelvillaretiro.com\/ca\/wp-json\/wp\/v2\/product"}],"about":[{"href":"https:\/\/regala.hotelvillaretiro.com\/ca\/wp-json\/wp\/v2\/types\/product"}],"wp:featuredmedia":[{"embeddable":true,"href":"https:\/\/regala.hotelvillaretiro.com\/ca\/wp-json\/wp\/v2\/media\/968"}],"wp:attachment":[{"href":"https:\/\/regala.hotelvillaretiro.com\/ca\/wp-json\/wp\/v2\/media?parent=1160"}],"wp:term":[{"taxonomy":"product_brand","embeddable":true,"href":"https:\/\/regala.hotelvillaretiro.com\/ca\/wp-json\/wp\/v2\/product_brand?post=1160"},{"taxonomy":"product_cat","embeddable":true,"href":"https:\/\/regala.hotelvillaretiro.com\/ca\/wp-json\/wp\/v2\/product_cat?post=1160"},{"taxonomy":"product_tag","embeddable":true,"href":"https:\/\/regala.hotelvillaretiro.com\/ca\/wp-json\/wp\/v2\/product_tag?post=1160"}],"curies":[{"name":"wp","href":"https:\/\/api.w.org\/{rel}","templated":true}]}}