{"id":1163,"date":"2022-02-02T19:41:25","date_gmt":"2022-02-02T18:41:25","guid":{"rendered":"https:\/\/regala.hotelvillaretiro.com\/producto\/menu-degustacion\/"},"modified":"2026-03-20T19:54:51","modified_gmt":"2026-03-20T18:54:51","slug":"menu-degustacio","status":"publish","type":"product","link":"https:\/\/regala.hotelvillaretiro.com\/ca\/producto\/menu-degustacio\/","title":{"rendered":"Men\u00fa Homenatge 20\u00e8 Aniversari \u2013 Estrella Michel\u00edn Villa Retiro"},"content":{"rendered":"[vc_row type=&#8221;in_container&#8221; full_screen_row_position=&#8221;middle&#8221; column_margin=&#8221;default&#8221; column_direction=&#8221;default&#8221; column_direction_tablet=&#8221;default&#8221; column_direction_phone=&#8221;default&#8221; scene_position=&#8221;center&#8221; text_color=&#8221;dark&#8221; text_align=&#8221;left&#8221; row_border_radius=&#8221;none&#8221; row_border_radius_applies=&#8221;bg&#8221; overflow=&#8221;visible&#8221; overlay_strength=&#8221;0.3&#8243; gradient_direction=&#8221;left_to_right&#8221; shape_divider_position=&#8221;bottom&#8221; bg_image_animation=&#8221;none&#8221;][vc_column column_padding=&#8221;no-extra-padding&#8221; column_padding_tablet=&#8221;inherit&#8221; column_padding_phone=&#8221;inherit&#8221; column_padding_position=&#8221;all&#8221; column_element_spacing=&#8221;default&#8221; background_color_opacity=&#8221;1&#8243; background_hover_color_opacity=&#8221;1&#8243; column_shadow=&#8221;none&#8221; column_border_radius=&#8221;none&#8221; column_link_target=&#8221;_self&#8221; column_position=&#8221;default&#8221; gradient_direction=&#8221;left_to_right&#8221; overlay_strength=&#8221;0.3&#8243; width=&#8221;1\/1&#8243; tablet_width_inherit=&#8221;default&#8221; tablet_text_alignment=&#8221;default&#8221; phone_text_alignment=&#8221;default&#8221; animation_type=&#8221;default&#8221; bg_image_animation=&#8221;none&#8221; border_type=&#8221;simple&#8221; column_border_width=&#8221;none&#8221; column_border_style=&#8221;solid&#8221;][vc_column_text]\n<div class=\"elementor-column elementor-col-50 elementor-inner-column elementor-element elementor-element-31e8f0d1\" data-id=\"31e8f0d1\" data-element_type=\"column\">\n<div class=\"elementor-widget-wrap elementor-element-populated\">\n<div class=\"elementor-element elementor-element-4bb28164 elementor-widget elementor-widget-heading\" data-id=\"4bb28164\" data-element_type=\"widget\" data-widget_type=\"heading.default\">\n<div class=\"elementor-widget-container\">\n<p class=\"elementor-heading-title elementor-size-default\"><a href=\"https:\/\/hotelvillaretiro.com\/ca\/menu-homenatge\/\" target=\"_blank\" rel=\"noopener\"><strong>Men\u00fa Homenatge \u2013 Un men\u00fa a la seva mida<\/strong><\/a><\/p>\n<div class=\"elementor-column elementor-col-50 elementor-inner-column elementor-element elementor-element-3470e844\" data-id=\"3470e844\" data-element_type=\"column\">\n<div class=\"elementor-widget-wrap elementor-element-populated\">\n<div class=\"elementor-element elementor-element-5fdde79 elementor-widget elementor-widget-text-editor\" data-id=\"5fdde79\" data-element_type=\"widget\" data-widget_type=\"text-editor.default\">\n<div class=\"elementor-widget-container\">\n<p>El nostre restaurant, amb una estrella Michelin, ha fet aquest men\u00fa homenatge per a aquells que vulguin viure una experi\u00e8ncia gastron\u00f2mica \u00fanica.<\/p>\n<\/div>\n<\/div>\n<\/div>\n<\/div>\n<\/div>\n<\/div>\n<\/div>\n<\/div>\n[\/vc_column_text][\/vc_column][\/vc_row]\n","protected":false},"excerpt":{"rendered":"<p>El nostre restaurant, amb una estrella Michelin, ha fet aquest men\u00fa homenatge per a aquells que vulguin viure una experi\u00e8ncia gastron\u00f2mica \u00fanica.<\/p>\n<p>[nectar_btn size=&#8221;medium&#8221; button_style=&#8221;regular&#8221; button_color_2=&#8221;Accent-Color&#8221; icon_family=&#8221;none&#8221; text=&#8221;DESCARREGAR MEN\u00da&#8221; url=&#8221;https:\/\/regala.hotelvillaretiro.com\/wp-content\/uploads\/2026\/03\/CARTA-WEB-CAT-2026.pdf&#8221;]<\/p>\n","protected":false},"featured_media":4785,"template":"","meta":{"inline_featured_image":false},"product_brand":[],"product_cat":[43],"product_tag":[],"class_list":{"0":"post-1163","1":"product","2":"type-product","3":"status-publish","4":"has-post-thumbnail","6":"product_cat-menus-ca","7":"wcpa_has_options","9":"first","10":"instock","11":"virtual","12":"purchasable","13":"product-type-simple"},"yoast_head":"<!-- This site is optimized with the Yoast SEO plugin v27.3 - https:\/\/yoast.com\/product\/yoast-seo-wordpress\/ -->\n<title>Men\u00fa Homenatge 20\u00e8 Aniversari \u2013 Estrella Michel\u00edn Villa Retiro - Regala Villa Retiro<\/title>\n<meta name=\"description\" content=\"El men\u00fa homenatge del Restaurant Villa Retiro \u00e9s el men\u00fa per a aquells que vulguin viure una experi\u00e8ncia gastron\u00f2mica \u00fanica.\" \/>\n<meta name=\"robots\" content=\"index, follow, max-snippet:-1, max-image-preview:large, max-video-preview:-1\" \/>\n<link rel=\"canonical\" href=\"https:\/\/regala.hotelvillaretiro.com\/ca\/producto\/menu-degustacio\/\" \/>\n<meta property=\"og:locale\" content=\"ca_ES\" \/>\n<meta property=\"og:type\" content=\"article\" \/>\n<meta property=\"og:title\" content=\"Men\u00fa Homenatge 20\u00e8 Aniversari \u2013 Estrella Michel\u00edn Villa Retiro - Regala Villa Retiro\" \/>\n<meta property=\"og:description\" content=\"El men\u00fa homenatge del Restaurant Villa Retiro \u00e9s el men\u00fa per a aquells que vulguin viure una experi\u00e8ncia gastron\u00f2mica \u00fanica.\" \/>\n<meta property=\"og:url\" content=\"https:\/\/regala.hotelvillaretiro.com\/ca\/producto\/menu-degustacio\/\" \/>\n<meta property=\"og:site_name\" content=\"Regala Villa Retiro\" \/>\n<meta property=\"article:modified_time\" content=\"2026-03-20T18:54:51+00:00\" \/>\n<meta property=\"og:image\" content=\"https:\/\/regala.hotelvillaretiro.com\/wp-content\/uploads\/2022\/02\/NouMenuVR-46.jpg\" \/>\n\t<meta property=\"og:image:width\" content=\"2048\" \/>\n\t<meta property=\"og:image:height\" content=\"1365\" \/>\n\t<meta property=\"og:image:type\" content=\"image\/jpeg\" \/>\n<meta name=\"twitter:card\" content=\"summary_large_image\" \/>\n<meta name=\"twitter:label1\" content=\"Temps estimat de lectura\" \/>\n\t<meta name=\"twitter:data1\" content=\"1 minut\" \/>\n<script type=\"application\/ld+json\" class=\"yoast-schema-graph\">{\"@context\":\"https:\\\/\\\/schema.org\",\"@graph\":[{\"@type\":\"WebPage\",\"@id\":\"https:\\\/\\\/regala.hotelvillaretiro.com\\\/ca\\\/producto\\\/menu-degustacio\\\/\",\"url\":\"https:\\\/\\\/regala.hotelvillaretiro.com\\\/ca\\\/producto\\\/menu-degustacio\\\/\",\"name\":\"Men\u00fa Homenatge 20\u00e8 Aniversari \u2013 Estrella Michel\u00edn Villa Retiro - Regala Villa Retiro\",\"isPartOf\":{\"@id\":\"https:\\\/\\\/regala.hotelvillaretiro.com\\\/ca\\\/#website\"},\"primaryImageOfPage\":{\"@id\":\"https:\\\/\\\/regala.hotelvillaretiro.com\\\/ca\\\/producto\\\/menu-degustacio\\\/#primaryimage\"},\"image\":{\"@id\":\"https:\\\/\\\/regala.hotelvillaretiro.com\\\/ca\\\/producto\\\/menu-degustacio\\\/#primaryimage\"},\"thumbnailUrl\":\"https:\\\/\\\/regala.hotelvillaretiro.com\\\/wp-content\\\/uploads\\\/2022\\\/02\\\/NouMenuVR-46.jpg\",\"datePublished\":\"2022-02-02T18:41:25+00:00\",\"dateModified\":\"2026-03-20T18:54:51+00:00\",\"description\":\"El men\u00fa homenatge del Restaurant Villa Retiro \u00e9s el men\u00fa per a aquells que vulguin viure una experi\u00e8ncia gastron\u00f2mica \u00fanica.\",\"breadcrumb\":{\"@id\":\"https:\\\/\\\/regala.hotelvillaretiro.com\\\/ca\\\/producto\\\/menu-degustacio\\\/#breadcrumb\"},\"inLanguage\":\"ca\",\"potentialAction\":[{\"@type\":\"ReadAction\",\"target\":[\"https:\\\/\\\/regala.hotelvillaretiro.com\\\/ca\\\/producto\\\/menu-degustacio\\\/\"]}]},{\"@type\":\"ImageObject\",\"inLanguage\":\"ca\",\"@id\":\"https:\\\/\\\/regala.hotelvillaretiro.com\\\/ca\\\/producto\\\/menu-degustacio\\\/#primaryimage\",\"url\":\"https:\\\/\\\/regala.hotelvillaretiro.com\\\/wp-content\\\/uploads\\\/2022\\\/02\\\/NouMenuVR-46.jpg\",\"contentUrl\":\"https:\\\/\\\/regala.hotelvillaretiro.com\\\/wp-content\\\/uploads\\\/2022\\\/02\\\/NouMenuVR-46.jpg\",\"width\":2048,\"height\":1365},{\"@type\":\"BreadcrumbList\",\"@id\":\"https:\\\/\\\/regala.hotelvillaretiro.com\\\/ca\\\/producto\\\/menu-degustacio\\\/#breadcrumb\",\"itemListElement\":[{\"@type\":\"ListItem\",\"position\":1,\"name\":\"Portada\",\"item\":\"https:\\\/\\\/regala.hotelvillaretiro.com\\\/ca\\\/\"},{\"@type\":\"ListItem\",\"position\":2,\"name\":\"Botiga\",\"item\":\"https:\\\/\\\/regala.hotelvillaretiro.com\\\/ca\\\/botiga\\\/\"},{\"@type\":\"ListItem\",\"position\":3,\"name\":\"Men\u00fa Homenatge 20\u00e8 Aniversari \u2013 Estrella Michel\u00edn Villa Retiro\"}]},{\"@type\":\"WebSite\",\"@id\":\"https:\\\/\\\/regala.hotelvillaretiro.com\\\/ca\\\/#website\",\"url\":\"https:\\\/\\\/regala.hotelvillaretiro.com\\\/ca\\\/\",\"name\":\"Regala Villa Retiro\",\"description\":\"Regala experiencias gastron\u00f3micas con estrella Michelin en el Hotel Villa Retiro\",\"potentialAction\":[{\"@type\":\"SearchAction\",\"target\":{\"@type\":\"EntryPoint\",\"urlTemplate\":\"https:\\\/\\\/regala.hotelvillaretiro.com\\\/ca\\\/?s={search_term_string}\"},\"query-input\":{\"@type\":\"PropertyValueSpecification\",\"valueRequired\":true,\"valueName\":\"search_term_string\"}}],\"inLanguage\":\"ca\"}]}<\/script>\n<!-- \/ Yoast SEO plugin. -->","yoast_head_json":{"title":"Men\u00fa Homenatge 20\u00e8 Aniversari \u2013 Estrella Michel\u00edn Villa Retiro - Regala Villa Retiro","description":"El men\u00fa homenatge del Restaurant Villa Retiro \u00e9s el men\u00fa per a aquells que vulguin viure una experi\u00e8ncia gastron\u00f2mica \u00fanica.","robots":{"index":"index","follow":"follow","max-snippet":"max-snippet:-1","max-image-preview":"max-image-preview:large","max-video-preview":"max-video-preview:-1"},"canonical":"https:\/\/regala.hotelvillaretiro.com\/ca\/producto\/menu-degustacio\/","og_locale":"ca_ES","og_type":"article","og_title":"Men\u00fa Homenatge 20\u00e8 Aniversari \u2013 Estrella Michel\u00edn Villa Retiro - Regala Villa Retiro","og_description":"El men\u00fa homenatge del Restaurant Villa Retiro \u00e9s el men\u00fa per a aquells que vulguin viure una experi\u00e8ncia gastron\u00f2mica \u00fanica.","og_url":"https:\/\/regala.hotelvillaretiro.com\/ca\/producto\/menu-degustacio\/","og_site_name":"Regala Villa Retiro","article_modified_time":"2026-03-20T18:54:51+00:00","og_image":[{"width":2048,"height":1365,"url":"https:\/\/regala.hotelvillaretiro.com\/wp-content\/uploads\/2022\/02\/NouMenuVR-46.jpg","type":"image\/jpeg"}],"twitter_card":"summary_large_image","twitter_misc":{"Temps estimat de lectura":"1 minut"},"schema":{"@context":"https:\/\/schema.org","@graph":[{"@type":"WebPage","@id":"https:\/\/regala.hotelvillaretiro.com\/ca\/producto\/menu-degustacio\/","url":"https:\/\/regala.hotelvillaretiro.com\/ca\/producto\/menu-degustacio\/","name":"Men\u00fa Homenatge 20\u00e8 Aniversari \u2013 Estrella Michel\u00edn Villa Retiro - Regala Villa Retiro","isPartOf":{"@id":"https:\/\/regala.hotelvillaretiro.com\/ca\/#website"},"primaryImageOfPage":{"@id":"https:\/\/regala.hotelvillaretiro.com\/ca\/producto\/menu-degustacio\/#primaryimage"},"image":{"@id":"https:\/\/regala.hotelvillaretiro.com\/ca\/producto\/menu-degustacio\/#primaryimage"},"thumbnailUrl":"https:\/\/regala.hotelvillaretiro.com\/wp-content\/uploads\/2022\/02\/NouMenuVR-46.jpg","datePublished":"2022-02-02T18:41:25+00:00","dateModified":"2026-03-20T18:54:51+00:00","description":"El men\u00fa homenatge del Restaurant Villa Retiro \u00e9s el men\u00fa per a aquells que vulguin viure una experi\u00e8ncia gastron\u00f2mica \u00fanica.","breadcrumb":{"@id":"https:\/\/regala.hotelvillaretiro.com\/ca\/producto\/menu-degustacio\/#breadcrumb"},"inLanguage":"ca","potentialAction":[{"@type":"ReadAction","target":["https:\/\/regala.hotelvillaretiro.com\/ca\/producto\/menu-degustacio\/"]}]},{"@type":"ImageObject","inLanguage":"ca","@id":"https:\/\/regala.hotelvillaretiro.com\/ca\/producto\/menu-degustacio\/#primaryimage","url":"https:\/\/regala.hotelvillaretiro.com\/wp-content\/uploads\/2022\/02\/NouMenuVR-46.jpg","contentUrl":"https:\/\/regala.hotelvillaretiro.com\/wp-content\/uploads\/2022\/02\/NouMenuVR-46.jpg","width":2048,"height":1365},{"@type":"BreadcrumbList","@id":"https:\/\/regala.hotelvillaretiro.com\/ca\/producto\/menu-degustacio\/#breadcrumb","itemListElement":[{"@type":"ListItem","position":1,"name":"Portada","item":"https:\/\/regala.hotelvillaretiro.com\/ca\/"},{"@type":"ListItem","position":2,"name":"Botiga","item":"https:\/\/regala.hotelvillaretiro.com\/ca\/botiga\/"},{"@type":"ListItem","position":3,"name":"Men\u00fa Homenatge 20\u00e8 Aniversari \u2013 Estrella Michel\u00edn Villa Retiro"}]},{"@type":"WebSite","@id":"https:\/\/regala.hotelvillaretiro.com\/ca\/#website","url":"https:\/\/regala.hotelvillaretiro.com\/ca\/","name":"Regala Villa Retiro","description":"Regala experiencias gastron\u00f3micas con estrella Michelin en el Hotel Villa Retiro","potentialAction":[{"@type":"SearchAction","target":{"@type":"EntryPoint","urlTemplate":"https:\/\/regala.hotelvillaretiro.com\/ca\/?s={search_term_string}"},"query-input":{"@type":"PropertyValueSpecification","valueRequired":true,"valueName":"search_term_string"}}],"inLanguage":"ca"}]}},"wcpa_form_fields":{"wcpaData":{"product":{"product_price":130,"price_html":"<span class=\"woocommerce-Price-amount amount\"><bdi>130,00&nbsp;<span class=\"woocommerce-Price-currencySymbol\">&euro;<\/span><\/bdi><\/span>","original_product_price":130,"price_including_tax":130,"price_excluding_tax":130,"product_id":{"parent":1163,"variation":false},"is_variable":false,"stock_status":"instock","stock_quantity":null,"parent_sku":"","product_attributes":[],"custom_fields":[],"is_taxable":false},"fields":{"sec_065bb87e050112":{"extra":{"key":"sec_065bb87e050112","section_id":"sec_065bb87e050112","name":"Default","status":1,"cl_rule":"show","enableCl":false,"relations":[],"toggle":true,"title_tag":"h3","show_title":false,"showPrice":"default","form_id":2431,"form_rules":{"exclude_from_discount":false,"fee_label":"Extras","disp_hide_options_price":false,"disp_show_section_price":false,"disp_show_field_price":true,"layout_option":"standard","pric_use_as_fee":false,"process_fee_as":"woo_fee"},"layout_option":"standard"},"fields":[[{"type":"checkbox-group","elementId":"wcpa-checkbox-group-1671181573495","label":"A\u00f1adir maridaje de vinos (precio por persona)","enablePrice":true,"priceOptions":"different_for_all","pricingType":"fixed","name":"checkbox-group-1671181573495","other_text":"Other","cl_rule":"show","col":6,"values":[{"label":"Maridaje men\u00fa Homenaje+","value":"Men\u00fa Homenaje","price":"+70","pimage":"","pimage_id":"","pthumb":"","tempId":"aco_10","gt_translate_keys":["label"]}],"relations":false,"active":true,"tooltip":"","layOut":"","checkUi":"","error":false,"enable_quantity":true,"quantity_label":"","use_as_fee":true,"gt_translate_keys":["label","tooltip","quantity_label"],"price_dependency":false,"cl_dependency":false,"value":""}]]},"sec_065a7c3183d1fa":{"extra":{"key":"sec_065a7c3183d1fa","section_id":"sec_065a7c3183d1fa","name":"Default","status":1,"cl_rule":"show","enableCl":false,"relations":[],"toggle":true,"title_tag":"h3","show_title":false,"showPrice":"default","form_id":1219,"form_rules":{"exclude_from_discount":false,"fee_label":"Extras","disp_hide_options_price":false,"disp_show_section_price":false,"disp_show_field_price":true,"layout_option":"standard","pric_use_as_fee":false,"process_fee_as":"woo_fee"},"layout_option":"standard"},"fields":[[{"type":"checkbox-group","elementId":"wcpa-checkbox-group-1643214260988","label":"Afegir ampolla de vi o cava","enablePrice":true,"priceOptions":"different_for_all","pricingType":"fixed","name":"checkbox-group-1643214260988","other_text":"Other","cl_rule":"show","col":6,"values":[{"label":"Ampolla vi o cava +","value":"option-1","price":"34","pimage":"","pimage_id":"","pthumb":"","tempId":"aco_24","gt_translate_keys":["label"]},{"label":"Ampolla vi o cava +","value":"Botella cava","price":"36","pimage":"","pimage_id":"","pthumb":"","tempId":"aco_27","gt_translate_keys":["label"]},{"label":"Ampolla vi o cava +","value":"Botella cava2","price":"60","pimage":"","pimage_id":"","pthumb":"","tempId":"aco_28","gt_translate_keys":["label"]}],"relations":false,"active":true,"tooltip":"","layOut":"","checkUi":"","error":false,"use_as_fee":true,"enable_quantity":true,"quantity_label":"","gt_translate_keys":["label","tooltip","quantity_label"],"price_dependency":false,"cl_dependency":false,"value":""}]]},"sec_065a7c628f01a3":{"extra":{"key":"sec_065a7c628f01a3","section_id":"sec_065a7c628f01a3","name":"Default","status":1,"cl_rule":"show","enableCl":false,"relations":[],"toggle":true,"title_tag":"h3","show_title":false,"showPrice":"default","form_id":1216,"form_rules":{"exclude_from_discount":false,"fee_label":"Extras","disp_hide_options_price":false,"disp_show_section_price":false,"disp_show_field_price":true,"layout_option":"standard","pric_use_as_fee":false,"process_fee_as":"woo_fee"},"layout_option":"standard"},"fields":[[{"type":"checkbox-group","elementId":"wcpa-checkbox-group-1643214688485","label":"Mini past\u00eds d'aniversari","enablePrice":true,"priceOptions":"different_for_all","pricingType":"fixed","name":"checkbox-group-1643214688485","other_text":"Other","cl_rule":"show","col":6,"values":[{"label":"Mini past\u00eds +","value":"option-1","price":"25","pimage":"","pimage_id":"","pthumb":"","tempId":"aco_20","gt_translate_keys":["label"]}],"relations":false,"active":true,"tooltip":"","layOut":"","checkUi":"","error":false,"use_as_fee":true,"enable_quantity":true,"quantity_label":"0","gt_translate_keys":["label","tooltip","quantity_label"],"price_dependency":false,"cl_dependency":false,"value":""}]]}},"config":{"price_override":"","enable_recaptcha":false,"bind_quantity":false,"quantity_bind_formula":"","disp_summ_show_option_price":true,"disp_summ_show_product_price":true,"disp_summ_show_total_price":true,"disp_summ_show_fee":true,"disp_summ_show_discount":false,"summary_title":"","options_total_label":"","total_label":"Total","options_product_label":"Precio","fee_label":"Extras","discount_label":"Discount","has_price":true,"has_quantity_formula":false},"mc_unit":1,"tax_rate":1,"tax_rate_real":1,"discount":{"percentage":0,"fixed":0},"design":{"conf":{"LabelPosition":"above","DescPosition":"above","UploadField":"custom_1","QuantityFieldStyle":"default"},"css":{"LeftLabelWidth":"120px"}},"formulas":[],"clones":false,"cartKey":false}},"_links":{"self":[{"href":"https:\/\/regala.hotelvillaretiro.com\/ca\/wp-json\/wp\/v2\/product\/1163","targetHints":{"allow":["GET"]}}],"collection":[{"href":"https:\/\/regala.hotelvillaretiro.com\/ca\/wp-json\/wp\/v2\/product"}],"about":[{"href":"https:\/\/regala.hotelvillaretiro.com\/ca\/wp-json\/wp\/v2\/types\/product"}],"wp:featuredmedia":[{"embeddable":true,"href":"https:\/\/regala.hotelvillaretiro.com\/ca\/wp-json\/wp\/v2\/media\/4785"}],"wp:attachment":[{"href":"https:\/\/regala.hotelvillaretiro.com\/ca\/wp-json\/wp\/v2\/media?parent=1163"}],"wp:term":[{"taxonomy":"product_brand","embeddable":true,"href":"https:\/\/regala.hotelvillaretiro.com\/ca\/wp-json\/wp\/v2\/product_brand?post=1163"},{"taxonomy":"product_cat","embeddable":true,"href":"https:\/\/regala.hotelvillaretiro.com\/ca\/wp-json\/wp\/v2\/product_cat?post=1163"},{"taxonomy":"product_tag","embeddable":true,"href":"https:\/\/regala.hotelvillaretiro.com\/ca\/wp-json\/wp\/v2\/product_tag?post=1163"}],"curies":[{"name":"wp","href":"https:\/\/api.w.org\/{rel}","templated":true}]}}