{"id":1213,"date":"2022-01-25T19:42:14","date_gmt":"2022-01-25T18:42:14","guid":{"rendered":"https:\/\/regala.hotelvillaretiro.com\/producto\/menu-homenaje\/"},"modified":"2026-03-20T19:55:00","modified_gmt":"2026-03-20T18:55:00","slug":"menu-homenatge","status":"publish","type":"product","link":"https:\/\/regala.hotelvillaretiro.com\/ca\/producto\/menu-homenatge\/","title":{"rendered":"M\u00e9s que un Homenatge 20\u00e8 Aniversari"},"content":{"rendered":"[vc_row type=&#8221;in_container&#8221; full_screen_row_position=&#8221;middle&#8221; column_margin=&#8221;default&#8221; column_direction=&#8221;default&#8221; column_direction_tablet=&#8221;default&#8221; column_direction_phone=&#8221;default&#8221; scene_position=&#8221;center&#8221; text_color=&#8221;dark&#8221; text_align=&#8221;left&#8221; row_border_radius=&#8221;none&#8221; row_border_radius_applies=&#8221;bg&#8221; overflow=&#8221;visible&#8221; overlay_strength=&#8221;0.3&#8243; gradient_direction=&#8221;left_to_right&#8221; shape_divider_position=&#8221;bottom&#8221; bg_image_animation=&#8221;none&#8221;][vc_column column_padding=&#8221;no-extra-padding&#8221; column_padding_tablet=&#8221;inherit&#8221; column_padding_phone=&#8221;inherit&#8221; column_padding_position=&#8221;all&#8221; column_element_spacing=&#8221;default&#8221; background_color_opacity=&#8221;1&#8243; background_hover_color_opacity=&#8221;1&#8243; column_shadow=&#8221;none&#8221; column_border_radius=&#8221;none&#8221; column_link_target=&#8221;_self&#8221; column_position=&#8221;default&#8221; gradient_direction=&#8221;left_to_right&#8221; overlay_strength=&#8221;0.3&#8243; width=&#8221;1\/1&#8243; tablet_width_inherit=&#8221;default&#8221; tablet_text_alignment=&#8221;default&#8221; phone_text_alignment=&#8221;default&#8221; animation_type=&#8221;default&#8221; bg_image_animation=&#8221;none&#8221; border_type=&#8221;simple&#8221; column_border_width=&#8221;none&#8221; column_border_style=&#8221;solid&#8221;][vc_column_text]\n<div class=\"elementor-column elementor-col-50 elementor-inner-column elementor-element elementor-element-1b59bd19\" data-id=\"1b59bd19\" data-element_type=\"column\">\n<div class=\"elementor-widget-wrap elementor-element-populated\">\n<div class=\"elementor-element elementor-element-7de681ba elementor-widget elementor-widget-heading\" data-id=\"7de681ba\" data-element_type=\"widget\" data-widget_type=\"heading.default\">\n<div class=\"elementor-widget-container\">\n<div class=\"elementor-element elementor-element-2609281 elementor-widget elementor-widget-heading\" data-id=\"2609281\" data-element_type=\"widget\" data-widget_type=\"heading.default\">\n<div class=\"elementor-widget-container\">\n<p class=\"elementor-heading-title elementor-size-default\"><a href=\"https:\/\/hotelvillaretiro.com\/ca\/menu-mes-que-un-homenatge\/\" target=\"_blank\" rel=\"noopener\"><strong>Men\u00fa m\u00e9s que un Homenatge &#8211; El nostre men\u00fa estrella michelin m\u00e9s complet<\/strong><\/a><\/p>\n<\/div>\n<\/div>\n<div class=\"elementor-column elementor-col-50 elementor-inner-column elementor-element elementor-element-6d31b1f8\" data-id=\"6d31b1f8\" data-element_type=\"column\">\n<div class=\"elementor-widget-wrap elementor-element-populated\">\n<div class=\"elementor-element elementor-element-522b40d2 elementor-widget elementor-widget-text-editor\" data-id=\"522b40d2\" data-element_type=\"widget\" data-widget_type=\"text-editor.default\">\n<div class=\"elementor-widget-container\">Al nostre restaurant, 1 estrella Michelin, de l\u2019Hotel Villa Retiro podreu gaudir d\u2019una experi\u00e8ncia gastron\u00f2mica \u00fanica amb el nostre men\u00fa m\u00e9s que un homenatge.<\/div>\n<\/div>\n<\/div>\n<\/div>\n<\/div>\n<\/div>\n<\/div>\n<\/div>\n[\/vc_column_text][\/vc_column][\/vc_row]\n","protected":false},"excerpt":{"rendered":"<p><strong>Men\u00fa M\u00e9s que un Homenatge \u00e9s el nostre men\u00fa estrella Michelin m\u00e9s complet. El Restaurant Villa Retiro, dirigit pel xef Fran L\u00f3pez \u00e9s l&#8217;\u00fanic al Baix Ebre guardonat amb una estrella Michelin.<\/strong><\/p>\n<p>[nectar_btn size=&#8221;medium&#8221; button_style=&#8221;regular&#8221; button_color_2=&#8221;Accent-Color&#8221; icon_family=&#8221;none&#8221; text=&#8221;DESCARREGAR MEN\u00da&#8221; url=&#8221;https:\/\/regala.hotelvillaretiro.com\/wp-content\/uploads\/2026\/03\/CARTA-WEB-CAT-2026.pdf&#8221;]<\/p>\n","protected":false},"featured_media":818,"template":"","meta":{"inline_featured_image":false},"product_brand":[],"product_cat":[43],"product_tag":[],"class_list":{"0":"post-1213","1":"product","2":"type-product","3":"status-publish","4":"has-post-thumbnail","6":"product_cat-menus-ca","7":"wcpa_has_options","9":"first","10":"instock","11":"virtual","12":"purchasable","13":"product-type-simple"},"yoast_head":"<!-- This site is optimized with the Yoast SEO plugin v27.3 - https:\/\/yoast.com\/product\/yoast-seo-wordpress\/ -->\n<title>M\u00e9s que un Homenatge 20\u00e8 Aniversari - Regala Villa Retiro<\/title>\n<meta name=\"description\" content=\"M\u00e9s que un Homenatge Hotel Villa Retiro - Sorpr\u00e8n als teus 5 sentits donant-te un homenatge sense igual i gaudeix al m\u00e0xim de l\u2019experi\u00e8ncia Villa Retiro.\" \/>\n<meta name=\"robots\" content=\"index, follow, max-snippet:-1, max-image-preview:large, max-video-preview:-1\" \/>\n<link rel=\"canonical\" href=\"https:\/\/regala.hotelvillaretiro.com\/ca\/producto\/menu-homenatge\/\" \/>\n<meta property=\"og:locale\" content=\"ca_ES\" \/>\n<meta property=\"og:type\" content=\"article\" \/>\n<meta property=\"og:title\" content=\"M\u00e9s que un Homenatge 20\u00e8 Aniversari - Regala Villa Retiro\" \/>\n<meta property=\"og:description\" content=\"M\u00e9s que un Homenatge Hotel Villa Retiro - Sorpr\u00e8n als teus 5 sentits donant-te un homenatge sense igual i gaudeix al m\u00e0xim de l\u2019experi\u00e8ncia Villa Retiro.\" \/>\n<meta property=\"og:url\" content=\"https:\/\/regala.hotelvillaretiro.com\/ca\/producto\/menu-homenatge\/\" \/>\n<meta property=\"og:site_name\" content=\"Regala Villa Retiro\" \/>\n<meta property=\"article:modified_time\" content=\"2026-03-20T18:55:00+00:00\" \/>\n<meta property=\"og:image\" content=\"https:\/\/regala.hotelvillaretiro.com\/wp-content\/uploads\/2022\/01\/hotel-villa-retiro-estrella-michelin-fran-lopez-xerta-tarragonaVilla-Retiro-Octubre-2021-103.jpg\" \/>\n\t<meta property=\"og:image:width\" content=\"1200\" \/>\n\t<meta property=\"og:image:height\" content=\"800\" \/>\n\t<meta property=\"og:image:type\" content=\"image\/jpeg\" \/>\n<meta name=\"twitter:card\" content=\"summary_large_image\" \/>\n<meta name=\"twitter:label1\" content=\"Temps estimat de lectura\" \/>\n\t<meta name=\"twitter:data1\" content=\"1 minut\" \/>\n<script type=\"application\/ld+json\" class=\"yoast-schema-graph\">{\"@context\":\"https:\\\/\\\/schema.org\",\"@graph\":[{\"@type\":\"WebPage\",\"@id\":\"https:\\\/\\\/regala.hotelvillaretiro.com\\\/ca\\\/producto\\\/menu-homenatge\\\/\",\"url\":\"https:\\\/\\\/regala.hotelvillaretiro.com\\\/ca\\\/producto\\\/menu-homenatge\\\/\",\"name\":\"M\u00e9s que un Homenatge 20\u00e8 Aniversari - Regala Villa Retiro\",\"isPartOf\":{\"@id\":\"https:\\\/\\\/regala.hotelvillaretiro.com\\\/ca\\\/#website\"},\"primaryImageOfPage\":{\"@id\":\"https:\\\/\\\/regala.hotelvillaretiro.com\\\/ca\\\/producto\\\/menu-homenatge\\\/#primaryimage\"},\"image\":{\"@id\":\"https:\\\/\\\/regala.hotelvillaretiro.com\\\/ca\\\/producto\\\/menu-homenatge\\\/#primaryimage\"},\"thumbnailUrl\":\"https:\\\/\\\/regala.hotelvillaretiro.com\\\/wp-content\\\/uploads\\\/2022\\\/01\\\/hotel-villa-retiro-estrella-michelin-fran-lopez-xerta-tarragonaVilla-Retiro-Octubre-2021-103.jpg\",\"datePublished\":\"2022-01-25T18:42:14+00:00\",\"dateModified\":\"2026-03-20T18:55:00+00:00\",\"description\":\"M\u00e9s que un Homenatge Hotel Villa Retiro - Sorpr\u00e8n als teus 5 sentits donant-te un homenatge sense igual i gaudeix al m\u00e0xim de l\u2019experi\u00e8ncia Villa Retiro.\",\"breadcrumb\":{\"@id\":\"https:\\\/\\\/regala.hotelvillaretiro.com\\\/ca\\\/producto\\\/menu-homenatge\\\/#breadcrumb\"},\"inLanguage\":\"ca\",\"potentialAction\":[{\"@type\":\"ReadAction\",\"target\":[\"https:\\\/\\\/regala.hotelvillaretiro.com\\\/ca\\\/producto\\\/menu-homenatge\\\/\"]}]},{\"@type\":\"ImageObject\",\"inLanguage\":\"ca\",\"@id\":\"https:\\\/\\\/regala.hotelvillaretiro.com\\\/ca\\\/producto\\\/menu-homenatge\\\/#primaryimage\",\"url\":\"https:\\\/\\\/regala.hotelvillaretiro.com\\\/wp-content\\\/uploads\\\/2022\\\/01\\\/hotel-villa-retiro-estrella-michelin-fran-lopez-xerta-tarragonaVilla-Retiro-Octubre-2021-103.jpg\",\"contentUrl\":\"https:\\\/\\\/regala.hotelvillaretiro.com\\\/wp-content\\\/uploads\\\/2022\\\/01\\\/hotel-villa-retiro-estrella-michelin-fran-lopez-xerta-tarragonaVilla-Retiro-Octubre-2021-103.jpg\",\"width\":1200,\"height\":800,\"caption\":\"Regala Villa Retiro-escapadas-menus-estrella-michelin-hotel-cinco-estrellas-spa-enoturismo-gastroturimo M\u00e9s que un Homenatge\"},{\"@type\":\"BreadcrumbList\",\"@id\":\"https:\\\/\\\/regala.hotelvillaretiro.com\\\/ca\\\/producto\\\/menu-homenatge\\\/#breadcrumb\",\"itemListElement\":[{\"@type\":\"ListItem\",\"position\":1,\"name\":\"Portada\",\"item\":\"https:\\\/\\\/regala.hotelvillaretiro.com\\\/ca\\\/\"},{\"@type\":\"ListItem\",\"position\":2,\"name\":\"Botiga\",\"item\":\"https:\\\/\\\/regala.hotelvillaretiro.com\\\/ca\\\/botiga\\\/\"},{\"@type\":\"ListItem\",\"position\":3,\"name\":\"M\u00e9s que un Homenatge 20\u00e8 Aniversari\"}]},{\"@type\":\"WebSite\",\"@id\":\"https:\\\/\\\/regala.hotelvillaretiro.com\\\/ca\\\/#website\",\"url\":\"https:\\\/\\\/regala.hotelvillaretiro.com\\\/ca\\\/\",\"name\":\"Regala Villa Retiro\",\"description\":\"Regala experiencias gastron\u00f3micas con estrella Michelin en el Hotel Villa Retiro\",\"potentialAction\":[{\"@type\":\"SearchAction\",\"target\":{\"@type\":\"EntryPoint\",\"urlTemplate\":\"https:\\\/\\\/regala.hotelvillaretiro.com\\\/ca\\\/?s={search_term_string}\"},\"query-input\":{\"@type\":\"PropertyValueSpecification\",\"valueRequired\":true,\"valueName\":\"search_term_string\"}}],\"inLanguage\":\"ca\"}]}<\/script>\n<!-- \/ Yoast SEO plugin. -->","yoast_head_json":{"title":"M\u00e9s que un Homenatge 20\u00e8 Aniversari - Regala Villa Retiro","description":"M\u00e9s que un Homenatge Hotel Villa Retiro - Sorpr\u00e8n als teus 5 sentits donant-te un homenatge sense igual i gaudeix al m\u00e0xim de l\u2019experi\u00e8ncia Villa Retiro.","robots":{"index":"index","follow":"follow","max-snippet":"max-snippet:-1","max-image-preview":"max-image-preview:large","max-video-preview":"max-video-preview:-1"},"canonical":"https:\/\/regala.hotelvillaretiro.com\/ca\/producto\/menu-homenatge\/","og_locale":"ca_ES","og_type":"article","og_title":"M\u00e9s que un Homenatge 20\u00e8 Aniversari - Regala Villa Retiro","og_description":"M\u00e9s que un Homenatge Hotel Villa Retiro - Sorpr\u00e8n als teus 5 sentits donant-te un homenatge sense igual i gaudeix al m\u00e0xim de l\u2019experi\u00e8ncia Villa Retiro.","og_url":"https:\/\/regala.hotelvillaretiro.com\/ca\/producto\/menu-homenatge\/","og_site_name":"Regala Villa Retiro","article_modified_time":"2026-03-20T18:55:00+00:00","og_image":[{"width":1200,"height":800,"url":"https:\/\/regala.hotelvillaretiro.com\/wp-content\/uploads\/2022\/01\/hotel-villa-retiro-estrella-michelin-fran-lopez-xerta-tarragonaVilla-Retiro-Octubre-2021-103.jpg","type":"image\/jpeg"}],"twitter_card":"summary_large_image","twitter_misc":{"Temps estimat de lectura":"1 minut"},"schema":{"@context":"https:\/\/schema.org","@graph":[{"@type":"WebPage","@id":"https:\/\/regala.hotelvillaretiro.com\/ca\/producto\/menu-homenatge\/","url":"https:\/\/regala.hotelvillaretiro.com\/ca\/producto\/menu-homenatge\/","name":"M\u00e9s que un Homenatge 20\u00e8 Aniversari - Regala Villa Retiro","isPartOf":{"@id":"https:\/\/regala.hotelvillaretiro.com\/ca\/#website"},"primaryImageOfPage":{"@id":"https:\/\/regala.hotelvillaretiro.com\/ca\/producto\/menu-homenatge\/#primaryimage"},"image":{"@id":"https:\/\/regala.hotelvillaretiro.com\/ca\/producto\/menu-homenatge\/#primaryimage"},"thumbnailUrl":"https:\/\/regala.hotelvillaretiro.com\/wp-content\/uploads\/2022\/01\/hotel-villa-retiro-estrella-michelin-fran-lopez-xerta-tarragonaVilla-Retiro-Octubre-2021-103.jpg","datePublished":"2022-01-25T18:42:14+00:00","dateModified":"2026-03-20T18:55:00+00:00","description":"M\u00e9s que un Homenatge Hotel Villa Retiro - Sorpr\u00e8n als teus 5 sentits donant-te un homenatge sense igual i gaudeix al m\u00e0xim de l\u2019experi\u00e8ncia Villa Retiro.","breadcrumb":{"@id":"https:\/\/regala.hotelvillaretiro.com\/ca\/producto\/menu-homenatge\/#breadcrumb"},"inLanguage":"ca","potentialAction":[{"@type":"ReadAction","target":["https:\/\/regala.hotelvillaretiro.com\/ca\/producto\/menu-homenatge\/"]}]},{"@type":"ImageObject","inLanguage":"ca","@id":"https:\/\/regala.hotelvillaretiro.com\/ca\/producto\/menu-homenatge\/#primaryimage","url":"https:\/\/regala.hotelvillaretiro.com\/wp-content\/uploads\/2022\/01\/hotel-villa-retiro-estrella-michelin-fran-lopez-xerta-tarragonaVilla-Retiro-Octubre-2021-103.jpg","contentUrl":"https:\/\/regala.hotelvillaretiro.com\/wp-content\/uploads\/2022\/01\/hotel-villa-retiro-estrella-michelin-fran-lopez-xerta-tarragonaVilla-Retiro-Octubre-2021-103.jpg","width":1200,"height":800,"caption":"Regala Villa Retiro-escapadas-menus-estrella-michelin-hotel-cinco-estrellas-spa-enoturismo-gastroturimo M\u00e9s que un Homenatge"},{"@type":"BreadcrumbList","@id":"https:\/\/regala.hotelvillaretiro.com\/ca\/producto\/menu-homenatge\/#breadcrumb","itemListElement":[{"@type":"ListItem","position":1,"name":"Portada","item":"https:\/\/regala.hotelvillaretiro.com\/ca\/"},{"@type":"ListItem","position":2,"name":"Botiga","item":"https:\/\/regala.hotelvillaretiro.com\/ca\/botiga\/"},{"@type":"ListItem","position":3,"name":"M\u00e9s que un Homenatge 20\u00e8 Aniversari"}]},{"@type":"WebSite","@id":"https:\/\/regala.hotelvillaretiro.com\/ca\/#website","url":"https:\/\/regala.hotelvillaretiro.com\/ca\/","name":"Regala Villa Retiro","description":"Regala experiencias gastron\u00f3micas con estrella Michelin en el Hotel Villa Retiro","potentialAction":[{"@type":"SearchAction","target":{"@type":"EntryPoint","urlTemplate":"https:\/\/regala.hotelvillaretiro.com\/ca\/?s={search_term_string}"},"query-input":{"@type":"PropertyValueSpecification","valueRequired":true,"valueName":"search_term_string"}}],"inLanguage":"ca"}]}},"wcpa_form_fields":{"wcpaData":{"product":{"product_price":160,"price_html":"<span class=\"woocommerce-Price-amount amount\"><bdi>160,00&nbsp;<span class=\"woocommerce-Price-currencySymbol\">&euro;<\/span><\/bdi><\/span>","original_product_price":160,"price_including_tax":160,"price_excluding_tax":160,"product_id":{"parent":1213,"variation":false},"is_variable":false,"stock_status":"instock","stock_quantity":null,"parent_sku":"","product_attributes":[],"custom_fields":[],"is_taxable":false},"fields":{"sec_265a7c716d4505":{"extra":{"key":"sec_265a7c716d4505","section_id":"sec_265a7c716d4505","name":"Default","status":1,"cl_rule":"show","enableCl":false,"relations":[],"toggle":true,"title_tag":"h3","show_title":false,"showPrice":"default","form_id":1222,"form_rules":{"exclude_from_discount":false,"fee_label":"Extras","disp_hide_options_price":false,"disp_show_section_price":false,"disp_show_field_price":true,"layout_option":"standard","pric_use_as_fee":false,"process_fee_as":"woo_fee"},"layout_option":"standard"},"fields":[[{"type":"checkbox-group","elementId":"wcpa-checkbox-group-1642613023077","label":"Opci\u00f3 amb maridatge de vins (per persona)","enablePrice":true,"priceOptions":"different_for_all","pricingType":"fixed","name":"checkbox-group-1642613023077","other_text":"Other","cl_rule":"show","col":6,"values":[{"label":"Maridatge de vins +","value":"Maridaje de vinos +","price":"+90","pimage":"","pimage_id":"","pthumb":"","tempId":"aco_10","gt_translate_keys":["label"]}],"relations":false,"active":true,"tooltip":"","layOut":"","checkUi":"","error":false,"use_as_fee":false,"enable_quantity":true,"quantity_label":"","gt_translate_keys":["label","tooltip","quantity_label"],"price_dependency":false,"cl_dependency":false,"value":""}]]},"sec_065a7c3183d1fa":{"extra":{"key":"sec_065a7c3183d1fa","section_id":"sec_065a7c3183d1fa","name":"Default","status":1,"cl_rule":"show","enableCl":false,"relations":[],"toggle":true,"title_tag":"h3","show_title":false,"showPrice":"default","form_id":1219,"form_rules":{"exclude_from_discount":false,"fee_label":"Extras","disp_hide_options_price":false,"disp_show_section_price":false,"disp_show_field_price":true,"layout_option":"standard","pric_use_as_fee":false,"process_fee_as":"woo_fee"},"layout_option":"standard"},"fields":[[{"type":"checkbox-group","elementId":"wcpa-checkbox-group-1643214260988","label":"Afegir ampolla de vi o cava","enablePrice":true,"priceOptions":"different_for_all","pricingType":"fixed","name":"checkbox-group-1643214260988","other_text":"Other","cl_rule":"show","col":6,"values":[{"label":"Ampolla vi o cava +","value":"option-1","price":"34","pimage":"","pimage_id":"","pthumb":"","tempId":"aco_24","gt_translate_keys":["label"]},{"label":"Ampolla vi o cava +","value":"Botella cava","price":"36","pimage":"","pimage_id":"","pthumb":"","tempId":"aco_27","gt_translate_keys":["label"]},{"label":"Ampolla vi o cava +","value":"Botella cava2","price":"60","pimage":"","pimage_id":"","pthumb":"","tempId":"aco_28","gt_translate_keys":["label"]}],"relations":false,"active":true,"tooltip":"","layOut":"","checkUi":"","error":false,"use_as_fee":true,"enable_quantity":true,"quantity_label":"","gt_translate_keys":["label","tooltip","quantity_label"],"price_dependency":false,"cl_dependency":false,"value":""}]]},"sec_065a7c628f01a3":{"extra":{"key":"sec_065a7c628f01a3","section_id":"sec_065a7c628f01a3","name":"Default","status":1,"cl_rule":"show","enableCl":false,"relations":[],"toggle":true,"title_tag":"h3","show_title":false,"showPrice":"default","form_id":1216,"form_rules":{"exclude_from_discount":false,"fee_label":"Extras","disp_hide_options_price":false,"disp_show_section_price":false,"disp_show_field_price":true,"layout_option":"standard","pric_use_as_fee":false,"process_fee_as":"woo_fee"},"layout_option":"standard"},"fields":[[{"type":"checkbox-group","elementId":"wcpa-checkbox-group-1643214688485","label":"Mini past\u00eds d'aniversari","enablePrice":true,"priceOptions":"different_for_all","pricingType":"fixed","name":"checkbox-group-1643214688485","other_text":"Other","cl_rule":"show","col":6,"values":[{"label":"Mini past\u00eds +","value":"option-1","price":"25","pimage":"","pimage_id":"","pthumb":"","tempId":"aco_20","gt_translate_keys":["label"]}],"relations":false,"active":true,"tooltip":"","layOut":"","checkUi":"","error":false,"use_as_fee":true,"enable_quantity":true,"quantity_label":"0","gt_translate_keys":["label","tooltip","quantity_label"],"price_dependency":false,"cl_dependency":false,"value":""}]]}},"config":{"price_override":"","enable_recaptcha":false,"bind_quantity":false,"quantity_bind_formula":"","disp_summ_show_option_price":true,"disp_summ_show_product_price":true,"disp_summ_show_total_price":true,"disp_summ_show_fee":true,"disp_summ_show_discount":false,"summary_title":"","options_total_label":"","total_label":"Total","options_product_label":"Precio","fee_label":"Extras","discount_label":"Discount","has_price":true,"has_quantity_formula":false},"mc_unit":1,"tax_rate":1,"tax_rate_real":1,"discount":{"percentage":0,"fixed":0},"design":{"conf":{"LabelPosition":"above","DescPosition":"above","UploadField":"custom_1","QuantityFieldStyle":"default"},"css":{"LeftLabelWidth":"120px"}},"formulas":[],"clones":false,"cartKey":false}},"_links":{"self":[{"href":"https:\/\/regala.hotelvillaretiro.com\/ca\/wp-json\/wp\/v2\/product\/1213","targetHints":{"allow":["GET"]}}],"collection":[{"href":"https:\/\/regala.hotelvillaretiro.com\/ca\/wp-json\/wp\/v2\/product"}],"about":[{"href":"https:\/\/regala.hotelvillaretiro.com\/ca\/wp-json\/wp\/v2\/types\/product"}],"wp:featuredmedia":[{"embeddable":true,"href":"https:\/\/regala.hotelvillaretiro.com\/ca\/wp-json\/wp\/v2\/media\/818"}],"wp:attachment":[{"href":"https:\/\/regala.hotelvillaretiro.com\/ca\/wp-json\/wp\/v2\/media?parent=1213"}],"wp:term":[{"taxonomy":"product_brand","embeddable":true,"href":"https:\/\/regala.hotelvillaretiro.com\/ca\/wp-json\/wp\/v2\/product_brand?post=1213"},{"taxonomy":"product_cat","embeddable":true,"href":"https:\/\/regala.hotelvillaretiro.com\/ca\/wp-json\/wp\/v2\/product_cat?post=1213"},{"taxonomy":"product_tag","embeddable":true,"href":"https:\/\/regala.hotelvillaretiro.com\/ca\/wp-json\/wp\/v2\/product_tag?post=1213"}],"curies":[{"name":"wp","href":"https:\/\/api.w.org\/{rel}","templated":true}]}}