{"id":1539,"date":"2022-03-30T11:45:08","date_gmt":"2022-03-30T10:45:08","guid":{"rendered":"https:\/\/regala.hotelvillaretiro.com\/?post_type=product&#038;p=1539"},"modified":"2026-03-20T19:54:42","modified_gmt":"2026-03-20T18:54:42","slug":"menu-classic","status":"publish","type":"product","link":"https:\/\/regala.hotelvillaretiro.com\/ca\/producto\/menu-classic\/","title":{"rendered":"Men\u00fa Cl\u00e0ssics"},"content":{"rendered":"","protected":false},"excerpt":{"rendered":"<div class=\"wpb_text_column wpb_content_element \">\n<div class=\"wpb_wrapper\">\n<p>Gaudeix de la gastronomia de Terres de l\u00b4Ebre amb el nostre Men\u00fa Cl\u00e0ssic, creat pel xef Fran L\u00f3pez, estrella michelin.<\/p>\n<\/div>\n<\/div>\n<p>NOM\u00c9S DISPONIBLE DIUMENGE<\/p>\n<p>[nectar_btn size=&#8221;medium&#8221; button_style=&#8221;regular&#8221; button_color_2=&#8221;Accent-Color&#8221; icon_family=&#8221;none&#8221; text=&#8221;DESCARREGAR MEN\u00da&#8221; url=&#8221;https:\/\/regala.hotelvillaretiro.com\/wp-content\/uploads\/2026\/03\/CARTA-WEB-CAT-2026.pdf&#8221;]<\/p>\n","protected":false},"featured_media":854,"template":"","meta":{"inline_featured_image":false},"product_brand":[],"product_cat":[43],"product_tag":[],"class_list":{"0":"post-1539","1":"product","2":"type-product","3":"status-publish","4":"has-post-thumbnail","6":"product_cat-menus-ca","7":"wcpa_has_options","9":"first","10":"instock","11":"virtual","12":"purchasable","13":"product-type-simple"},"yoast_head":"<!-- This site is optimized with the Yoast SEO plugin v27.3 - https:\/\/yoast.com\/product\/yoast-seo-wordpress\/ -->\n<title>Men\u00fa Cl\u00e0ssics - Regala Villa Retiro<\/title>\n<meta name=\"description\" content=\"Gaudeix la millor gastronomia de la Delta del Ebre amb la nova proposta de Men\u00fa Cl\u00e0ssic del restaurant Hotel Villa Retiro creat pel xef biestrellado Fran L\u00f3pez.\" \/>\n<meta name=\"robots\" content=\"index, follow, max-snippet:-1, max-image-preview:large, max-video-preview:-1\" \/>\n<link rel=\"canonical\" href=\"https:\/\/regala.hotelvillaretiro.com\/ca\/producto\/menu-classic\/\" \/>\n<meta property=\"og:locale\" content=\"ca_ES\" \/>\n<meta property=\"og:type\" content=\"article\" \/>\n<meta property=\"og:title\" content=\"Men\u00fa Cl\u00e0ssics - Regala Villa Retiro\" \/>\n<meta property=\"og:description\" content=\"Gaudeix la millor gastronomia de la Delta del Ebre amb la nova proposta de Men\u00fa Cl\u00e0ssic del restaurant Hotel Villa Retiro creat pel xef biestrellado Fran L\u00f3pez.\" \/>\n<meta property=\"og:url\" content=\"https:\/\/regala.hotelvillaretiro.com\/ca\/producto\/menu-classic\/\" \/>\n<meta property=\"og:site_name\" content=\"Regala Villa Retiro\" \/>\n<meta property=\"article:modified_time\" content=\"2026-03-20T18:54:42+00:00\" \/>\n<meta property=\"og:image\" content=\"https:\/\/regala.hotelvillaretiro.com\/wp-content\/uploads\/2022\/01\/hotel-villa-retiro-estrella-michelin-fran-lopez-xerta-tarragona-restaurante-spaVilla-Retiro-Octubre-2021-149.jpg\" \/>\n\t<meta property=\"og:image:width\" content=\"1200\" \/>\n\t<meta property=\"og:image:height\" content=\"800\" \/>\n\t<meta property=\"og:image:type\" content=\"image\/jpeg\" \/>\n<meta name=\"twitter:card\" content=\"summary_large_image\" \/>\n<meta name=\"twitter:label1\" content=\"Temps estimat de lectura\" \/>\n\t<meta name=\"twitter:data1\" content=\"1 minut\" \/>\n<script type=\"application\/ld+json\" class=\"yoast-schema-graph\">{\"@context\":\"https:\\\/\\\/schema.org\",\"@graph\":[{\"@type\":\"WebPage\",\"@id\":\"https:\\\/\\\/regala.hotelvillaretiro.com\\\/ca\\\/producto\\\/menu-classic\\\/\",\"url\":\"https:\\\/\\\/regala.hotelvillaretiro.com\\\/ca\\\/producto\\\/menu-classic\\\/\",\"name\":\"Men\u00fa Cl\u00e0ssics - Regala Villa Retiro\",\"isPartOf\":{\"@id\":\"https:\\\/\\\/regala.hotelvillaretiro.com\\\/ca\\\/#website\"},\"primaryImageOfPage\":{\"@id\":\"https:\\\/\\\/regala.hotelvillaretiro.com\\\/ca\\\/producto\\\/menu-classic\\\/#primaryimage\"},\"image\":{\"@id\":\"https:\\\/\\\/regala.hotelvillaretiro.com\\\/ca\\\/producto\\\/menu-classic\\\/#primaryimage\"},\"thumbnailUrl\":\"https:\\\/\\\/regala.hotelvillaretiro.com\\\/wp-content\\\/uploads\\\/2022\\\/01\\\/hotel-villa-retiro-estrella-michelin-fran-lopez-xerta-tarragona-restaurante-spaVilla-Retiro-Octubre-2021-149.jpg\",\"datePublished\":\"2022-03-30T10:45:08+00:00\",\"dateModified\":\"2026-03-20T18:54:42+00:00\",\"description\":\"Gaudeix la millor gastronomia de la Delta del Ebre amb la nova proposta de Men\u00fa Cl\u00e0ssic del restaurant Hotel Villa Retiro creat pel xef biestrellado Fran L\u00f3pez.\",\"breadcrumb\":{\"@id\":\"https:\\\/\\\/regala.hotelvillaretiro.com\\\/ca\\\/producto\\\/menu-classic\\\/#breadcrumb\"},\"inLanguage\":\"ca\",\"potentialAction\":[{\"@type\":\"ReadAction\",\"target\":[\"https:\\\/\\\/regala.hotelvillaretiro.com\\\/ca\\\/producto\\\/menu-classic\\\/\"]}]},{\"@type\":\"ImageObject\",\"inLanguage\":\"ca\",\"@id\":\"https:\\\/\\\/regala.hotelvillaretiro.com\\\/ca\\\/producto\\\/menu-classic\\\/#primaryimage\",\"url\":\"https:\\\/\\\/regala.hotelvillaretiro.com\\\/wp-content\\\/uploads\\\/2022\\\/01\\\/hotel-villa-retiro-estrella-michelin-fran-lopez-xerta-tarragona-restaurante-spaVilla-Retiro-Octubre-2021-149.jpg\",\"contentUrl\":\"https:\\\/\\\/regala.hotelvillaretiro.com\\\/wp-content\\\/uploads\\\/2022\\\/01\\\/hotel-villa-retiro-estrella-michelin-fran-lopez-xerta-tarragona-restaurante-spaVilla-Retiro-Octubre-2021-149.jpg\",\"width\":1200,\"height\":800,\"caption\":\"Regala Villa Retiro-escapadas-menus-estrella-michelin-hotel-cinco-estrellas-spa-enoturismo-gastroturimo\"},{\"@type\":\"BreadcrumbList\",\"@id\":\"https:\\\/\\\/regala.hotelvillaretiro.com\\\/ca\\\/producto\\\/menu-classic\\\/#breadcrumb\",\"itemListElement\":[{\"@type\":\"ListItem\",\"position\":1,\"name\":\"Portada\",\"item\":\"https:\\\/\\\/regala.hotelvillaretiro.com\\\/ca\\\/\"},{\"@type\":\"ListItem\",\"position\":2,\"name\":\"Botiga\",\"item\":\"https:\\\/\\\/regala.hotelvillaretiro.com\\\/ca\\\/botiga\\\/\"},{\"@type\":\"ListItem\",\"position\":3,\"name\":\"Men\u00fa Cl\u00e0ssics\"}]},{\"@type\":\"WebSite\",\"@id\":\"https:\\\/\\\/regala.hotelvillaretiro.com\\\/ca\\\/#website\",\"url\":\"https:\\\/\\\/regala.hotelvillaretiro.com\\\/ca\\\/\",\"name\":\"Regala Villa Retiro\",\"description\":\"Regala experiencias gastron\u00f3micas con estrella Michelin en el Hotel Villa Retiro\",\"potentialAction\":[{\"@type\":\"SearchAction\",\"target\":{\"@type\":\"EntryPoint\",\"urlTemplate\":\"https:\\\/\\\/regala.hotelvillaretiro.com\\\/ca\\\/?s={search_term_string}\"},\"query-input\":{\"@type\":\"PropertyValueSpecification\",\"valueRequired\":true,\"valueName\":\"search_term_string\"}}],\"inLanguage\":\"ca\"}]}<\/script>\n<!-- \/ Yoast SEO plugin. -->","yoast_head_json":{"title":"Men\u00fa Cl\u00e0ssics - Regala Villa Retiro","description":"Gaudeix la millor gastronomia de la Delta del Ebre amb la nova proposta de Men\u00fa Cl\u00e0ssic del restaurant Hotel Villa Retiro creat pel xef biestrellado Fran L\u00f3pez.","robots":{"index":"index","follow":"follow","max-snippet":"max-snippet:-1","max-image-preview":"max-image-preview:large","max-video-preview":"max-video-preview:-1"},"canonical":"https:\/\/regala.hotelvillaretiro.com\/ca\/producto\/menu-classic\/","og_locale":"ca_ES","og_type":"article","og_title":"Men\u00fa Cl\u00e0ssics - Regala Villa Retiro","og_description":"Gaudeix la millor gastronomia de la Delta del Ebre amb la nova proposta de Men\u00fa Cl\u00e0ssic del restaurant Hotel Villa Retiro creat pel xef biestrellado Fran L\u00f3pez.","og_url":"https:\/\/regala.hotelvillaretiro.com\/ca\/producto\/menu-classic\/","og_site_name":"Regala Villa Retiro","article_modified_time":"2026-03-20T18:54:42+00:00","og_image":[{"width":1200,"height":800,"url":"https:\/\/regala.hotelvillaretiro.com\/wp-content\/uploads\/2022\/01\/hotel-villa-retiro-estrella-michelin-fran-lopez-xerta-tarragona-restaurante-spaVilla-Retiro-Octubre-2021-149.jpg","type":"image\/jpeg"}],"twitter_card":"summary_large_image","twitter_misc":{"Temps estimat de lectura":"1 minut"},"schema":{"@context":"https:\/\/schema.org","@graph":[{"@type":"WebPage","@id":"https:\/\/regala.hotelvillaretiro.com\/ca\/producto\/menu-classic\/","url":"https:\/\/regala.hotelvillaretiro.com\/ca\/producto\/menu-classic\/","name":"Men\u00fa Cl\u00e0ssics - Regala Villa Retiro","isPartOf":{"@id":"https:\/\/regala.hotelvillaretiro.com\/ca\/#website"},"primaryImageOfPage":{"@id":"https:\/\/regala.hotelvillaretiro.com\/ca\/producto\/menu-classic\/#primaryimage"},"image":{"@id":"https:\/\/regala.hotelvillaretiro.com\/ca\/producto\/menu-classic\/#primaryimage"},"thumbnailUrl":"https:\/\/regala.hotelvillaretiro.com\/wp-content\/uploads\/2022\/01\/hotel-villa-retiro-estrella-michelin-fran-lopez-xerta-tarragona-restaurante-spaVilla-Retiro-Octubre-2021-149.jpg","datePublished":"2022-03-30T10:45:08+00:00","dateModified":"2026-03-20T18:54:42+00:00","description":"Gaudeix la millor gastronomia de la Delta del Ebre amb la nova proposta de Men\u00fa Cl\u00e0ssic del restaurant Hotel Villa Retiro creat pel xef biestrellado Fran L\u00f3pez.","breadcrumb":{"@id":"https:\/\/regala.hotelvillaretiro.com\/ca\/producto\/menu-classic\/#breadcrumb"},"inLanguage":"ca","potentialAction":[{"@type":"ReadAction","target":["https:\/\/regala.hotelvillaretiro.com\/ca\/producto\/menu-classic\/"]}]},{"@type":"ImageObject","inLanguage":"ca","@id":"https:\/\/regala.hotelvillaretiro.com\/ca\/producto\/menu-classic\/#primaryimage","url":"https:\/\/regala.hotelvillaretiro.com\/wp-content\/uploads\/2022\/01\/hotel-villa-retiro-estrella-michelin-fran-lopez-xerta-tarragona-restaurante-spaVilla-Retiro-Octubre-2021-149.jpg","contentUrl":"https:\/\/regala.hotelvillaretiro.com\/wp-content\/uploads\/2022\/01\/hotel-villa-retiro-estrella-michelin-fran-lopez-xerta-tarragona-restaurante-spaVilla-Retiro-Octubre-2021-149.jpg","width":1200,"height":800,"caption":"Regala Villa Retiro-escapadas-menus-estrella-michelin-hotel-cinco-estrellas-spa-enoturismo-gastroturimo"},{"@type":"BreadcrumbList","@id":"https:\/\/regala.hotelvillaretiro.com\/ca\/producto\/menu-classic\/#breadcrumb","itemListElement":[{"@type":"ListItem","position":1,"name":"Portada","item":"https:\/\/regala.hotelvillaretiro.com\/ca\/"},{"@type":"ListItem","position":2,"name":"Botiga","item":"https:\/\/regala.hotelvillaretiro.com\/ca\/botiga\/"},{"@type":"ListItem","position":3,"name":"Men\u00fa Cl\u00e0ssics"}]},{"@type":"WebSite","@id":"https:\/\/regala.hotelvillaretiro.com\/ca\/#website","url":"https:\/\/regala.hotelvillaretiro.com\/ca\/","name":"Regala Villa Retiro","description":"Regala experiencias gastron\u00f3micas con estrella Michelin en el Hotel Villa Retiro","potentialAction":[{"@type":"SearchAction","target":{"@type":"EntryPoint","urlTemplate":"https:\/\/regala.hotelvillaretiro.com\/ca\/?s={search_term_string}"},"query-input":{"@type":"PropertyValueSpecification","valueRequired":true,"valueName":"search_term_string"}}],"inLanguage":"ca"}]}},"wcpa_form_fields":{"wcpaData":{"product":{"product_price":75,"price_html":"<span class=\"woocommerce-Price-amount amount\"><bdi>75,00&nbsp;<span class=\"woocommerce-Price-currencySymbol\">&euro;<\/span><\/bdi><\/span>","original_product_price":75,"price_including_tax":75,"price_excluding_tax":75,"product_id":{"parent":1539,"variation":false},"is_variable":false,"stock_status":"instock","stock_quantity":null,"parent_sku":"","product_attributes":[],"custom_fields":[],"is_taxable":false},"fields":{"sec_765a7c670de035":{"extra":{"key":"sec_765a7c670de035","section_id":"sec_765a7c670de035","name":"Default","status":1,"cl_rule":"show","enableCl":false,"relations":[],"toggle":true,"title_tag":"h3","show_title":false,"showPrice":"default","form_id":1234,"form_rules":{"exclude_from_discount":false,"fee_label":"Extras","disp_hide_options_price":false,"disp_show_section_price":false,"disp_show_field_price":true,"layout_option":"standard","pric_use_as_fee":false,"process_fee_as":"woo_fee"},"layout_option":"standard"},"fields":[[{"type":"checkbox-group","elementId":"wcpa-checkbox-group-61faad8133dcb","label":"Afegir maridatge de vins (preu per persona)","enablePrice":true,"priceOptions":"different_for_all","pricingType":"fixed","name":"checkbox-group-61faad8133ddb","other_text":"Other","cl_rule":"show","col":6,"values":[{"label":"Men\u00fa Cl\u00e1sico +","value":"Men\u00fa Cl\u00e1sico","price":"+40","pimage":"","pimage_id":"","pthumb":"","tempId":"aco_200","selected":false,"gt_translate_keys":["label"]}],"relations":false,"active":true,"tooltip":"","layOut":"","checkUi":"","error":false,"use_as_fee":true,"enable_quantity":true,"quantity_label":"","gt_translate_keys":["label","tooltip","quantity_label"],"price_dependency":false,"cl_dependency":false,"value":""}]]},"sec_065a7c3183d1fa":{"extra":{"key":"sec_065a7c3183d1fa","section_id":"sec_065a7c3183d1fa","name":"Default","status":1,"cl_rule":"show","enableCl":false,"relations":[],"toggle":true,"title_tag":"h3","show_title":false,"showPrice":"default","form_id":1219,"form_rules":{"exclude_from_discount":false,"fee_label":"Extras","disp_hide_options_price":false,"disp_show_section_price":false,"disp_show_field_price":true,"layout_option":"standard","pric_use_as_fee":false,"process_fee_as":"woo_fee"},"layout_option":"standard"},"fields":[[{"type":"checkbox-group","elementId":"wcpa-checkbox-group-1643214260988","label":"Afegir ampolla de vi o cava","enablePrice":true,"priceOptions":"different_for_all","pricingType":"fixed","name":"checkbox-group-1643214260988","other_text":"Other","cl_rule":"show","col":6,"values":[{"label":"Ampolla vi o cava +","value":"option-1","price":"34","pimage":"","pimage_id":"","pthumb":"","tempId":"aco_24","gt_translate_keys":["label"]},{"label":"Ampolla vi o cava +","value":"Botella cava","price":"36","pimage":"","pimage_id":"","pthumb":"","tempId":"aco_27","gt_translate_keys":["label"]},{"label":"Ampolla vi o cava +","value":"Botella cava2","price":"60","pimage":"","pimage_id":"","pthumb":"","tempId":"aco_28","gt_translate_keys":["label"]}],"relations":false,"active":true,"tooltip":"","layOut":"","checkUi":"","error":false,"use_as_fee":true,"enable_quantity":true,"quantity_label":"","gt_translate_keys":["label","tooltip","quantity_label"],"price_dependency":false,"cl_dependency":false,"value":""}]]},"sec_065a7c628f01a3":{"extra":{"key":"sec_065a7c628f01a3","section_id":"sec_065a7c628f01a3","name":"Default","status":1,"cl_rule":"show","enableCl":false,"relations":[],"toggle":true,"title_tag":"h3","show_title":false,"showPrice":"default","form_id":1216,"form_rules":{"exclude_from_discount":false,"fee_label":"Extras","disp_hide_options_price":false,"disp_show_section_price":false,"disp_show_field_price":true,"layout_option":"standard","pric_use_as_fee":false,"process_fee_as":"woo_fee"},"layout_option":"standard"},"fields":[[{"type":"checkbox-group","elementId":"wcpa-checkbox-group-1643214688485","label":"Mini past\u00eds d'aniversari","enablePrice":true,"priceOptions":"different_for_all","pricingType":"fixed","name":"checkbox-group-1643214688485","other_text":"Other","cl_rule":"show","col":6,"values":[{"label":"Mini past\u00eds +","value":"option-1","price":"25","pimage":"","pimage_id":"","pthumb":"","tempId":"aco_20","gt_translate_keys":["label"]}],"relations":false,"active":true,"tooltip":"","layOut":"","checkUi":"","error":false,"use_as_fee":true,"enable_quantity":true,"quantity_label":"0","gt_translate_keys":["label","tooltip","quantity_label"],"price_dependency":false,"cl_dependency":false,"value":""}]]}},"config":{"price_override":"","enable_recaptcha":false,"bind_quantity":false,"quantity_bind_formula":"","disp_summ_show_option_price":true,"disp_summ_show_product_price":true,"disp_summ_show_total_price":true,"disp_summ_show_fee":true,"disp_summ_show_discount":false,"summary_title":"","options_total_label":"","total_label":"Total","options_product_label":"Precio","fee_label":"Extras","discount_label":"Discount","has_price":true,"has_quantity_formula":false},"mc_unit":1,"tax_rate":1,"tax_rate_real":1,"discount":{"percentage":0,"fixed":0},"design":{"conf":{"LabelPosition":"above","DescPosition":"above","UploadField":"custom_1","QuantityFieldStyle":"default"},"css":{"LeftLabelWidth":"120px"}},"formulas":[],"clones":false,"cartKey":false}},"_links":{"self":[{"href":"https:\/\/regala.hotelvillaretiro.com\/ca\/wp-json\/wp\/v2\/product\/1539","targetHints":{"allow":["GET"]}}],"collection":[{"href":"https:\/\/regala.hotelvillaretiro.com\/ca\/wp-json\/wp\/v2\/product"}],"about":[{"href":"https:\/\/regala.hotelvillaretiro.com\/ca\/wp-json\/wp\/v2\/types\/product"}],"wp:featuredmedia":[{"embeddable":true,"href":"https:\/\/regala.hotelvillaretiro.com\/ca\/wp-json\/wp\/v2\/media\/854"}],"wp:attachment":[{"href":"https:\/\/regala.hotelvillaretiro.com\/ca\/wp-json\/wp\/v2\/media?parent=1539"}],"wp:term":[{"taxonomy":"product_brand","embeddable":true,"href":"https:\/\/regala.hotelvillaretiro.com\/ca\/wp-json\/wp\/v2\/product_brand?post=1539"},{"taxonomy":"product_cat","embeddable":true,"href":"https:\/\/regala.hotelvillaretiro.com\/ca\/wp-json\/wp\/v2\/product_cat?post=1539"},{"taxonomy":"product_tag","embeddable":true,"href":"https:\/\/regala.hotelvillaretiro.com\/ca\/wp-json\/wp\/v2\/product_tag?post=1539"}],"curies":[{"name":"wp","href":"https:\/\/api.w.org\/{rel}","templated":true}]}}