{"id":5446,"date":"2024-11-08T13:39:45","date_gmt":"2024-11-08T12:39:45","guid":{"rendered":"https:\/\/regala.hotelvillaretiro.com\/producto\/escapada-gastronomica-hotel-5-estrellas\/"},"modified":"2026-04-09T10:44:43","modified_gmt":"2026-04-09T09:44:43","slug":"escapada-gastronomica-hotel-5-estrellas","status":"publish","type":"product","link":"https:\/\/regala.hotelvillaretiro.com\/ca\/producto\/escapada-gastronomica-hotel-5-estrellas\/","title":{"rendered":"Escapada Gastron\u00f2mica &#8211; 1 Nit en Hotel de 5 Estrelles + Sopar amb Estrella Michelin"},"content":{"rendered":"[vc_row type=&#8221;in_container&#8221; full_screen_row_position=&#8221;middle&#8221; column_margin=&#8221;default&#8221; column_direction=&#8221;default&#8221; column_direction_tablet=&#8221;default&#8221; column_direction_phone=&#8221;default&#8221; scene_position=&#8221;center&#8221; text_color=&#8221;dark&#8221; text_align=&#8221;left&#8221; row_border_radius=&#8221;none&#8221; row_border_radius_applies=&#8221;bg&#8221; overflow=&#8221;visible&#8221; overlay_strength=&#8221;0.3&#8243; gradient_direction=&#8221;left_to_right&#8221; shape_divider_position=&#8221;bottom&#8221; bg_image_animation=&#8221;none&#8221;][vc_column column_padding=&#8221;no-extra-padding&#8221; column_padding_tablet=&#8221;inherit&#8221; column_padding_phone=&#8221;inherit&#8221; column_padding_position=&#8221;all&#8221; column_element_spacing=&#8221;default&#8221; background_color_opacity=&#8221;1&#8243; background_hover_color_opacity=&#8221;1&#8243; column_shadow=&#8221;none&#8221; column_border_radius=&#8221;none&#8221; column_link_target=&#8221;_self&#8221; column_position=&#8221;default&#8221; gradient_direction=&#8221;left_to_right&#8221; overlay_strength=&#8221;0.3&#8243; width=&#8221;1\/1&#8243; tablet_width_inherit=&#8221;default&#8221; tablet_text_alignment=&#8221;default&#8221; phone_text_alignment=&#8221;default&#8221; animation_type=&#8221;default&#8221; bg_image_animation=&#8221;none&#8221; border_type=&#8221;simple&#8221; column_border_width=&#8221;none&#8221; column_border_style=&#8221;solid&#8221;][vc_column_text]\n<h3><span style=\"color: #333333; font-size: 25px;\">Un Regal Gourmet i de Luxe<\/span><\/h3>\n<p>Regala&#8217;t o regala una escapada que combina el luxe i l&#8217;excel\u00b7l\u00e8ncia culin\u00e0ria, ideal per a qualsevol ocasi\u00f3 especial. Amb el nostre servei personalitzat i una experi\u00e8ncia gastron\u00f2mica \u00fanica, cada moment es convertir\u00e0 en un record inoblidable. <strong>Perfecte per a ocasions especials<\/strong><\/p>\n<ul>\n<li><strong>Regal per al Dia de Sant Valent\u00ed<\/strong>: Fes que aquest Sant Valent\u00ed sigui inoblidable amb una escapada rom\u00e0ntica plena de detalls i un Sopar Gourmet que enamorar\u00e0 la teva parella.<\/li>\n<li><strong>Regal de luxe per Nadal<\/strong>: Regala una experi\u00e8ncia inoblidable aquest Nadal. Oblida&#8217;t dels regals convencionals i sorpr\u00e8n amb una escapada de luxe, perfecta per desconnectar i gaudir d\u2019un entorn privilegiat.<\/li>\n<li><strong>Regals d\u2019Aniversaris, Completes o ocasions especials<\/strong>: Celebra aquest dia tan especial amb una experi\u00e8ncia \u00fanica. Tant si \u00e9s per un aniversari, un aniversari o simplement per sorprendre alg\u00fa especial, l\u2019experi\u00e8ncia tamb\u00e9 est\u00e0 disponible entre setmana per a una escapada inesperada i fora de la rutina.<\/li>\n<\/ul>\n[\/vc_column_text][\/vc_column][\/vc_row]\n","protected":false},"excerpt":{"rendered":"<p>Sorpr\u00e8n els amants de la bona gastronomia<br \/>\nDescobreix una escapada inigualable a l\u2019exclusiu Hotel 5* Villa Retiro, envoltat de natura i tranquil\u00b7litat. Aquesta experi\u00e8ncia \u00e9s perfecta per a aquells que volen gaudir d\u2019una combinaci\u00f3 de benestar, alta cuina i confort en un entorn de somni.<\/p>\n<p><strong>Inclou:<\/strong><\/p>\n<ul>\n<li><strong>Allotjament per a 1 nit<\/strong> en una habitaci\u00f3 de luxe per a dues persones<\/li>\n<li><strong>Dinar o sopar exclusiu<\/strong> al Restaurant Villa Retiro, guardonat amb una Estrella Michelin, on degustareu el nostre men\u00fa ins\u00edgnia <em>&#8220;M\u00e9s que un Homenatge&#8221;<\/em>, creat pel xef Fran L\u00f3pez<\/li>\n<li><strong>Esmorzar gourmet<\/strong><\/li>\n<li><strong>Detall de benvinguda<\/strong> a l\u2019habitaci\u00f3<\/li>\n<li><strong>Pack del Xef<\/strong>, que inclou una ampolla d\u2019oli d\u2019oliva verge extra de collita pr\u00f2pia i una ampolla de mistela seleccionad<\/li>\n<li>Nota: begudes no incloses.<\/li>\n<\/ul>\n<p><strong>Si vol afegir extres, pot fer-ho a continuaci\u00f3:<\/strong><\/p>\n","protected":false},"featured_media":4881,"template":"","meta":{"inline_featured_image":false},"product_brand":[],"product_cat":[40,37],"product_tag":[],"class_list":{"0":"post-5446","1":"product","2":"type-product","3":"status-publish","4":"has-post-thumbnail","6":"product_cat-hotel-villa-retiro-ca","7":"product_cat-escapadas-ca","8":"wcpa_has_options","10":"first","11":"instock","12":"virtual","13":"purchasable","14":"product-type-simple"},"yoast_head":"<!-- This site is optimized with the Yoast SEO plugin v27.3 - https:\/\/yoast.com\/product\/yoast-seo-wordpress\/ -->\n<title>Escapada Gastron\u00f2mica - 1 Nit en Hotel de 5 Estrelles + Sopar amb Estrella Michelin - Regala Villa Retiro<\/title>\n<meta name=\"description\" content=\"Escapada Gastron\u00f2mica Hotel Villa Retiro perfecta per a un viatge de negocis o unes vacances, relaxar-se o viure una aventura.\" \/>\n<meta name=\"robots\" content=\"index, follow, max-snippet:-1, max-image-preview:large, max-video-preview:-1\" \/>\n<link rel=\"canonical\" href=\"https:\/\/regala.hotelvillaretiro.com\/ca\/producto\/escapada-gastronomica-hotel-5-estrellas\/\" \/>\n<meta property=\"og:locale\" content=\"ca_ES\" \/>\n<meta property=\"og:type\" content=\"article\" \/>\n<meta property=\"og:title\" content=\"Escapada Gastron\u00f2mica - 1 Nit en Hotel de 5 Estrelles + Sopar amb Estrella Michelin - Regala Villa Retiro\" \/>\n<meta property=\"og:description\" content=\"Escapada Gastron\u00f2mica Hotel Villa Retiro perfecta per a un viatge de negocis o unes vacances, relaxar-se o viure una aventura.\" \/>\n<meta property=\"og:url\" content=\"https:\/\/regala.hotelvillaretiro.com\/ca\/producto\/escapada-gastronomica-hotel-5-estrellas\/\" \/>\n<meta property=\"og:site_name\" content=\"Regala Villa Retiro\" \/>\n<meta property=\"article:modified_time\" content=\"2026-04-09T09:44:43+00:00\" \/>\n<meta property=\"og:image\" content=\"https:\/\/regala.hotelvillaretiro.com\/wp-content\/uploads\/2022\/02\/NouMenuVR-59-1.jpg\" \/>\n\t<meta property=\"og:image:width\" content=\"2043\" \/>\n\t<meta property=\"og:image:height\" content=\"1363\" \/>\n\t<meta property=\"og:image:type\" content=\"image\/jpeg\" \/>\n<meta name=\"twitter:card\" content=\"summary_large_image\" \/>\n<meta name=\"twitter:label1\" content=\"Temps estimat de lectura\" \/>\n\t<meta name=\"twitter:data1\" content=\"1 minut\" \/>\n<script type=\"application\/ld+json\" class=\"yoast-schema-graph\">{\"@context\":\"https:\\\/\\\/schema.org\",\"@graph\":[{\"@type\":\"WebPage\",\"@id\":\"https:\\\/\\\/regala.hotelvillaretiro.com\\\/ca\\\/producto\\\/escapada-gastronomica-hotel-5-estrellas\\\/\",\"url\":\"https:\\\/\\\/regala.hotelvillaretiro.com\\\/ca\\\/producto\\\/escapada-gastronomica-hotel-5-estrellas\\\/\",\"name\":\"Escapada Gastron\u00f2mica - 1 Nit en Hotel de 5 Estrelles + Sopar amb Estrella Michelin - Regala Villa Retiro\",\"isPartOf\":{\"@id\":\"https:\\\/\\\/regala.hotelvillaretiro.com\\\/ca\\\/#website\"},\"primaryImageOfPage\":{\"@id\":\"https:\\\/\\\/regala.hotelvillaretiro.com\\\/ca\\\/producto\\\/escapada-gastronomica-hotel-5-estrellas\\\/#primaryimage\"},\"image\":{\"@id\":\"https:\\\/\\\/regala.hotelvillaretiro.com\\\/ca\\\/producto\\\/escapada-gastronomica-hotel-5-estrellas\\\/#primaryimage\"},\"thumbnailUrl\":\"https:\\\/\\\/regala.hotelvillaretiro.com\\\/wp-content\\\/uploads\\\/2022\\\/02\\\/NouMenuVR-59-1.jpg\",\"datePublished\":\"2024-11-08T12:39:45+00:00\",\"dateModified\":\"2026-04-09T09:44:43+00:00\",\"description\":\"Escapada Gastron\u00f2mica Hotel Villa Retiro perfecta per a un viatge de negocis o unes vacances, relaxar-se o viure una aventura.\",\"breadcrumb\":{\"@id\":\"https:\\\/\\\/regala.hotelvillaretiro.com\\\/ca\\\/producto\\\/escapada-gastronomica-hotel-5-estrellas\\\/#breadcrumb\"},\"inLanguage\":\"ca\",\"potentialAction\":[{\"@type\":\"ReadAction\",\"target\":[\"https:\\\/\\\/regala.hotelvillaretiro.com\\\/ca\\\/producto\\\/escapada-gastronomica-hotel-5-estrellas\\\/\"]}]},{\"@type\":\"ImageObject\",\"inLanguage\":\"ca\",\"@id\":\"https:\\\/\\\/regala.hotelvillaretiro.com\\\/ca\\\/producto\\\/escapada-gastronomica-hotel-5-estrellas\\\/#primaryimage\",\"url\":\"https:\\\/\\\/regala.hotelvillaretiro.com\\\/wp-content\\\/uploads\\\/2022\\\/02\\\/NouMenuVR-59-1.jpg\",\"contentUrl\":\"https:\\\/\\\/regala.hotelvillaretiro.com\\\/wp-content\\\/uploads\\\/2022\\\/02\\\/NouMenuVR-59-1.jpg\",\"width\":2043,\"height\":1363,\"caption\":\"https:\\\/\\\/regala.hotelvillaretiro.com\\\/fr\\\/producto\\\/escapade-gastronomique-hotel-5-etoiles\\\/\"},{\"@type\":\"BreadcrumbList\",\"@id\":\"https:\\\/\\\/regala.hotelvillaretiro.com\\\/ca\\\/producto\\\/escapada-gastronomica-hotel-5-estrellas\\\/#breadcrumb\",\"itemListElement\":[{\"@type\":\"ListItem\",\"position\":1,\"name\":\"Portada\",\"item\":\"https:\\\/\\\/regala.hotelvillaretiro.com\\\/ca\\\/\"},{\"@type\":\"ListItem\",\"position\":2,\"name\":\"Botiga\",\"item\":\"https:\\\/\\\/regala.hotelvillaretiro.com\\\/ca\\\/botiga\\\/\"},{\"@type\":\"ListItem\",\"position\":3,\"name\":\"Escapada Gastron\u00f2mica &#8211; 1 Nit en Hotel de 5 Estrelles + Sopar amb Estrella Michelin\"}]},{\"@type\":\"WebSite\",\"@id\":\"https:\\\/\\\/regala.hotelvillaretiro.com\\\/ca\\\/#website\",\"url\":\"https:\\\/\\\/regala.hotelvillaretiro.com\\\/ca\\\/\",\"name\":\"Regala Villa Retiro\",\"description\":\"Regala experiencias gastron\u00f3micas con estrella Michelin en el Hotel Villa Retiro\",\"potentialAction\":[{\"@type\":\"SearchAction\",\"target\":{\"@type\":\"EntryPoint\",\"urlTemplate\":\"https:\\\/\\\/regala.hotelvillaretiro.com\\\/ca\\\/?s={search_term_string}\"},\"query-input\":{\"@type\":\"PropertyValueSpecification\",\"valueRequired\":true,\"valueName\":\"search_term_string\"}}],\"inLanguage\":\"ca\"}]}<\/script>\n<!-- \/ Yoast SEO plugin. -->","yoast_head_json":{"title":"Escapada Gastron\u00f2mica - 1 Nit en Hotel de 5 Estrelles + Sopar amb Estrella Michelin - Regala Villa Retiro","description":"Escapada Gastron\u00f2mica Hotel Villa Retiro perfecta per a un viatge de negocis o unes vacances, relaxar-se o viure una aventura.","robots":{"index":"index","follow":"follow","max-snippet":"max-snippet:-1","max-image-preview":"max-image-preview:large","max-video-preview":"max-video-preview:-1"},"canonical":"https:\/\/regala.hotelvillaretiro.com\/ca\/producto\/escapada-gastronomica-hotel-5-estrellas\/","og_locale":"ca_ES","og_type":"article","og_title":"Escapada Gastron\u00f2mica - 1 Nit en Hotel de 5 Estrelles + Sopar amb Estrella Michelin - Regala Villa Retiro","og_description":"Escapada Gastron\u00f2mica Hotel Villa Retiro perfecta per a un viatge de negocis o unes vacances, relaxar-se o viure una aventura.","og_url":"https:\/\/regala.hotelvillaretiro.com\/ca\/producto\/escapada-gastronomica-hotel-5-estrellas\/","og_site_name":"Regala Villa Retiro","article_modified_time":"2026-04-09T09:44:43+00:00","og_image":[{"width":2043,"height":1363,"url":"https:\/\/regala.hotelvillaretiro.com\/wp-content\/uploads\/2022\/02\/NouMenuVR-59-1.jpg","type":"image\/jpeg"}],"twitter_card":"summary_large_image","twitter_misc":{"Temps estimat de lectura":"1 minut"},"schema":{"@context":"https:\/\/schema.org","@graph":[{"@type":"WebPage","@id":"https:\/\/regala.hotelvillaretiro.com\/ca\/producto\/escapada-gastronomica-hotel-5-estrellas\/","url":"https:\/\/regala.hotelvillaretiro.com\/ca\/producto\/escapada-gastronomica-hotel-5-estrellas\/","name":"Escapada Gastron\u00f2mica - 1 Nit en Hotel de 5 Estrelles + Sopar amb Estrella Michelin - Regala Villa Retiro","isPartOf":{"@id":"https:\/\/regala.hotelvillaretiro.com\/ca\/#website"},"primaryImageOfPage":{"@id":"https:\/\/regala.hotelvillaretiro.com\/ca\/producto\/escapada-gastronomica-hotel-5-estrellas\/#primaryimage"},"image":{"@id":"https:\/\/regala.hotelvillaretiro.com\/ca\/producto\/escapada-gastronomica-hotel-5-estrellas\/#primaryimage"},"thumbnailUrl":"https:\/\/regala.hotelvillaretiro.com\/wp-content\/uploads\/2022\/02\/NouMenuVR-59-1.jpg","datePublished":"2024-11-08T12:39:45+00:00","dateModified":"2026-04-09T09:44:43+00:00","description":"Escapada Gastron\u00f2mica Hotel Villa Retiro perfecta per a un viatge de negocis o unes vacances, relaxar-se o viure una aventura.","breadcrumb":{"@id":"https:\/\/regala.hotelvillaretiro.com\/ca\/producto\/escapada-gastronomica-hotel-5-estrellas\/#breadcrumb"},"inLanguage":"ca","potentialAction":[{"@type":"ReadAction","target":["https:\/\/regala.hotelvillaretiro.com\/ca\/producto\/escapada-gastronomica-hotel-5-estrellas\/"]}]},{"@type":"ImageObject","inLanguage":"ca","@id":"https:\/\/regala.hotelvillaretiro.com\/ca\/producto\/escapada-gastronomica-hotel-5-estrellas\/#primaryimage","url":"https:\/\/regala.hotelvillaretiro.com\/wp-content\/uploads\/2022\/02\/NouMenuVR-59-1.jpg","contentUrl":"https:\/\/regala.hotelvillaretiro.com\/wp-content\/uploads\/2022\/02\/NouMenuVR-59-1.jpg","width":2043,"height":1363,"caption":"https:\/\/regala.hotelvillaretiro.com\/fr\/producto\/escapade-gastronomique-hotel-5-etoiles\/"},{"@type":"BreadcrumbList","@id":"https:\/\/regala.hotelvillaretiro.com\/ca\/producto\/escapada-gastronomica-hotel-5-estrellas\/#breadcrumb","itemListElement":[{"@type":"ListItem","position":1,"name":"Portada","item":"https:\/\/regala.hotelvillaretiro.com\/ca\/"},{"@type":"ListItem","position":2,"name":"Botiga","item":"https:\/\/regala.hotelvillaretiro.com\/ca\/botiga\/"},{"@type":"ListItem","position":3,"name":"Escapada Gastron\u00f2mica &#8211; 1 Nit en Hotel de 5 Estrelles + Sopar amb Estrella Michelin"}]},{"@type":"WebSite","@id":"https:\/\/regala.hotelvillaretiro.com\/ca\/#website","url":"https:\/\/regala.hotelvillaretiro.com\/ca\/","name":"Regala Villa Retiro","description":"Regala experiencias gastron\u00f3micas con estrella Michelin en el Hotel Villa Retiro","potentialAction":[{"@type":"SearchAction","target":{"@type":"EntryPoint","urlTemplate":"https:\/\/regala.hotelvillaretiro.com\/ca\/?s={search_term_string}"},"query-input":{"@type":"PropertyValueSpecification","valueRequired":true,"valueName":"search_term_string"}}],"inLanguage":"ca"}]}},"wcpa_form_fields":{"wcpaData":{"product":{"product_price":598,"price_html":"<span class=\"woocommerce-Price-amount amount\"><bdi>598,00&nbsp;<span class=\"woocommerce-Price-currencySymbol\">&euro;<\/span><\/bdi><\/span>","original_product_price":598,"price_including_tax":598,"price_excluding_tax":598,"product_id":{"parent":5446,"variation":false},"is_variable":false,"stock_status":"instock","stock_quantity":null,"parent_sku":"","product_attributes":[],"custom_fields":[],"is_taxable":false},"fields":{"sec_265a7c716d4505":{"extra":{"key":"sec_265a7c716d4505","section_id":"sec_265a7c716d4505","name":"Default","status":1,"cl_rule":"show","enableCl":false,"relations":[],"toggle":true,"title_tag":"h3","show_title":false,"showPrice":"default","form_id":1222,"form_rules":{"exclude_from_discount":false,"fee_label":"Extras","disp_hide_options_price":false,"disp_show_section_price":false,"disp_show_field_price":true,"layout_option":"standard","pric_use_as_fee":false,"process_fee_as":"woo_fee"},"layout_option":"standard"},"fields":[[{"type":"checkbox-group","elementId":"wcpa-checkbox-group-1642613023077","label":"Opci\u00f3 amb maridatge de vins (per persona)","enablePrice":true,"priceOptions":"different_for_all","pricingType":"fixed","name":"checkbox-group-1642613023077","other_text":"Other","cl_rule":"show","col":6,"values":[{"label":"Maridatge de vins +","value":"Maridaje de vinos +","price":"+90","pimage":"","pimage_id":"","pthumb":"","tempId":"aco_10","gt_translate_keys":["label"]}],"relations":false,"active":true,"tooltip":"","layOut":"","checkUi":"","error":false,"use_as_fee":false,"enable_quantity":true,"quantity_label":"","gt_translate_keys":["label","tooltip","quantity_label"],"price_dependency":false,"cl_dependency":false,"value":""}]]},"sec_065a7c3183d1fa":{"extra":{"key":"sec_065a7c3183d1fa","section_id":"sec_065a7c3183d1fa","name":"Default","status":1,"cl_rule":"show","enableCl":false,"relations":[],"toggle":true,"title_tag":"h3","show_title":false,"showPrice":"default","form_id":1219,"form_rules":{"exclude_from_discount":false,"fee_label":"Extras","disp_hide_options_price":false,"disp_show_section_price":false,"disp_show_field_price":true,"layout_option":"standard","pric_use_as_fee":false,"process_fee_as":"woo_fee"},"layout_option":"standard"},"fields":[[{"type":"checkbox-group","elementId":"wcpa-checkbox-group-1643214260988","label":"Afegir ampolla de vi o cava","enablePrice":true,"priceOptions":"different_for_all","pricingType":"fixed","name":"checkbox-group-1643214260988","other_text":"Other","cl_rule":"show","col":6,"values":[{"label":"Ampolla vi o cava +","value":"option-1","price":"34","pimage":"","pimage_id":"","pthumb":"","tempId":"aco_24","gt_translate_keys":["label"]},{"label":"Ampolla vi o cava +","value":"Botella cava","price":"36","pimage":"","pimage_id":"","pthumb":"","tempId":"aco_27","gt_translate_keys":["label"]},{"label":"Ampolla vi o cava +","value":"Botella cava2","price":"60","pimage":"","pimage_id":"","pthumb":"","tempId":"aco_28","gt_translate_keys":["label"]}],"relations":false,"active":true,"tooltip":"","layOut":"","checkUi":"","error":false,"use_as_fee":true,"enable_quantity":true,"quantity_label":"","gt_translate_keys":["label","tooltip","quantity_label"],"price_dependency":false,"cl_dependency":false,"value":""}]]},"sec_369bd89ec33595":{"extra":{"key":"sec_369bd89ec33595","section_id":"sec_369bd89ec33595","name":"Default","status":1,"cl_rule":"show","enableCl":false,"relations":[],"toggle":true,"title_tag":"h3","show_title":false,"showPrice":"default","form_id":1231,"form_rules":{"exclude_from_discount":false,"fee_label":"Extras","disp_hide_options_price":false,"disp_show_section_price":false,"disp_show_field_price":true,"layout_option":"standard","pric_use_as_fee":false,"process_fee_as":"woo_fee"},"layout_option":"standard"},"fields":[[{"type":"checkbox-group","elementId":"wcpa-checkbox-group-1643221666959","label":"Suplement d\u2019habitaci\u00f3","enablePrice":true,"priceOptions":"different_for_all","pricingType":"fixed","name":"checkbox-group-1643221666959","other_text":"Other","cl_rule":"show","col":6,"values":[{"label":"Habitaci\u00f3 Junior Suite Jard\u00ed +","value":"Habitaci\u00f3n Junior Suite Jard\u00edn","price":"40","pimage":"","pimage_id":"","pthumb":"","tempId":"aco_21","gt_translate_keys":["label"]},{"label":" Habitaci\u00f3 Suite Cl\u00e1sica  +","value":"Habitaci\u00f3n Suite Cl\u00e1sica","price":"60","pimage":"","pimage_id":"","pthumb":"","tempId":"aco_22","gt_translate_keys":["label"]},{"label":" Habitaci\u00f3 Gran Suite Jard\u00ed +","value":"Habitaci\u00f3n Gran Suite Jard\u00edn","price":"120","pimage":"","pimage_id":"","pthumb":"","tempId":"aco_23","gt_translate_keys":["label"]}],"relations":false,"active":true,"tooltip":"","layOut":"","checkUi":"","error":false,"gt_translate_keys":["label","tooltip"],"price_dependency":false,"cl_dependency":false,"value":""}]]},"sec_465dc5ae4670ef":{"extra":{"key":"sec_465dc5ae4670ef","section_id":"sec_465dc5ae4670ef","name":"Default","status":1,"cl_rule":"show","enableCl":false,"relations":[],"toggle":true,"title_tag":"h3","show_title":false,"showPrice":"default","form_id":1228,"form_rules":{"exclude_from_discount":false,"fee_label":"Extras","disp_hide_options_price":false,"disp_show_section_price":false,"disp_show_field_price":true,"layout_option":"standard","pric_use_as_fee":false,"process_fee_as":"woo_fee"},"layout_option":"standard"},"fields":[[{"type":"checkbox-group","elementId":"wcpa-checkbox-group-1643221899196","label":"Extras habitaci\u00f3","enablePrice":true,"priceOptions":"different_for_all","pricingType":"fixed","name":"checkbox-group-1643221899196","other_text":"Other","cl_rule":"show","col":6,"values":[{"label":"Kit er\u00f2tic: inclou ampolla de cava, kit de cosm\u00e8tica er\u00f2tica i sals de bany +","value":"Kit er\u00f3tico","price":"75","pimage":"","pimage_id":"","pthumb":"","tempId":"aco_39","gt_translate_keys":["label"]},{"label":"Ampolla de cava i bombons +","value":"Botella de cava y bombones","price":"30","pimage":"","pimage_id":"","pthumb":"","tempId":"aco_40","gt_translate_keys":["label"]},{"label":"Sals de bany i cartes de suggeriments +","value":"Sales de ba\u00f1o y cartas de sugerencias","price":"16.9","pimage":"","pimage_id":"","pthumb":"","tempId":"aco_41","gt_translate_keys":["label"]},{"label":"Cosm\u00e8tica Er\u00f2tica +","value":"Cosm\u00e9tica Er\u00f3tica","price":"42.8","pimage":"","pimage_id":"","pthumb":"","tempId":"aco_42","gt_translate_keys":["label"]},{"label":"Sals de bany +","value":"Sales de ba\u00f1o","price":"12.99","pimage":"","pimage_id":"","pthumb":"","tempId":"aco_43","gt_translate_keys":["label"]},{"label":"Ampolla 0,38cl M\u00f6et & Chandon Imp\u00e9rial +","value":"Botella  0,38cl M\u00f6et & Chandon Imp\u00e9rial","price":"38","pimage":"","pimage_id":"","pthumb":"","tempId":"aco_44","gt_translate_keys":["label"]}],"relations":false,"active":true,"tooltip":"","layOut":"","checkUi":"","error":false,"enable_quantity":true,"quantity_label":"","gt_translate_keys":["label","tooltip","quantity_label"],"price_dependency":false,"cl_dependency":false,"value":""}]]},"sec_1065dc589827179":{"extra":{"key":"sec_1065dc589827179","section_id":"sec_1065dc589827179","name":"Default","status":1,"cl_rule":"show","enableCl":false,"relations":[],"toggle":true,"title_tag":"h3","show_title":false,"showPrice":"default","form_id":1225,"form_rules":{"exclude_from_discount":false,"fee_label":"Extras","disp_hide_options_price":false,"disp_show_section_price":false,"disp_show_field_price":true,"layout_option":"standard","pric_use_as_fee":false,"process_fee_as":"woo_fee"},"layout_option":"standard"},"fields":[[{"type":"checkbox-group","elementId":"wcpa-checkbox-group-1643222553174","label":"Massatges i tractaments (per persona)","description":"","enablePrice":true,"priceOptions":"different_for_all","pricingType":"custom","use_as_fee":true,"name":"checkbox-group-1643222553174","other_text":"Other","cl_rule":"show","col":6,"values":[{"label":"Massatge equilibrant Vata 50' +","value":"option-1Masaje equilibrante Vata 60","price":"88","pimage":"","pimage_id":"","pthumb":"","tempId":"aco_182","gt_translate_keys":["label"]},{"label":"Massatge Otham 50' +","value":"Masaje Otham 60'","price":"98","pimage":"","pimage_id":"","pthumb":"","tempId":"aco_183","gt_translate_keys":["label"]},{"label":"Massatge terap\u00e8utic de cames 25' +","value":"Masaje terap\u00e9utico de piernas 30","price":"44","pimage":"","pimage_id":"","pthumb":"","tempId":"aco_185","gt_translate_keys":["label"]},{"label":"Massatge terap\u00e8utic esquena 25' +","value":"Masaje terap\u00e9utico espalda 30'","price":"44","pimage":"","pimage_id":"","pthumb":"","tempId":"aco_186","gt_translate_keys":["label"]},{"label":"Massatge terap\u00e8utic podal 25' +","value":"Masaje terap\u00e9utico podal 30'","price":"44","pimage":"","pimage_id":"","pthumb":"","tempId":"aco_187","gt_translate_keys":["label"]},{"label":"Tractament facial hidratant 25' +","value":"o\tTratamiento facial hidratante 30'","price":"49","pimage":"","pimage_id":"","pthumb":"","tempId":"aco_188","gt_translate_keys":["label"]},{"label":"Massatge amb olis perfumats 25' +","value":"o\tMasaje con aceites perfumados 30'","selected":false,"tempId":"aco_234","price":"49","gt_translate_keys":["label"]}],"relations":[{"operator":false,"rules":[{"operator":false,"rules":{"cl_field":"quantity","cl_relation":"is","cl_val":""}}]}],"active":true,"tooltip":"","layOut":"","checkUi":"","error":false,"isTemplate":false,"enable_quantity":true,"quantity_label":"","gt_translate_keys":["label","description","tooltip","quantity_label"],"price_dependency":false,"cl_dependency":false,"value":""}]]},"sec_065a7c628f01a3":{"extra":{"key":"sec_065a7c628f01a3","section_id":"sec_065a7c628f01a3","name":"Default","status":1,"cl_rule":"show","enableCl":false,"relations":[],"toggle":true,"title_tag":"h3","show_title":false,"showPrice":"default","form_id":1216,"form_rules":{"exclude_from_discount":false,"fee_label":"Extras","disp_hide_options_price":false,"disp_show_section_price":false,"disp_show_field_price":true,"layout_option":"standard","pric_use_as_fee":false,"process_fee_as":"woo_fee"},"layout_option":"standard"},"fields":[[{"type":"checkbox-group","elementId":"wcpa-checkbox-group-1643214688485","label":"Mini past\u00eds d'aniversari","enablePrice":true,"priceOptions":"different_for_all","pricingType":"fixed","name":"checkbox-group-1643214688485","other_text":"Other","cl_rule":"show","col":6,"values":[{"label":"Mini past\u00eds +","value":"option-1","price":"25","pimage":"","pimage_id":"","pthumb":"","tempId":"aco_20","gt_translate_keys":["label"]}],"relations":false,"active":true,"tooltip":"","layOut":"","checkUi":"","error":false,"use_as_fee":true,"enable_quantity":true,"quantity_label":"0","gt_translate_keys":["label","tooltip","quantity_label"],"price_dependency":false,"cl_dependency":false,"value":""}]]}},"config":{"price_override":"","enable_recaptcha":false,"bind_quantity":true,"quantity_bind_formula":"{field.element_id_of_the_field.value}","disp_summ_show_option_price":true,"disp_summ_show_product_price":true,"disp_summ_show_total_price":true,"disp_summ_show_fee":true,"disp_summ_show_discount":false,"summary_title":"","options_total_label":"","total_label":"Total","options_product_label":"Precio","fee_label":"Extras","discount_label":"Discount","has_price":true,"has_quantity_formula":false},"mc_unit":1,"tax_rate":1,"tax_rate_real":1,"discount":{"percentage":0,"fixed":0},"design":{"conf":{"LabelPosition":"above","DescPosition":"above","UploadField":"custom_1","QuantityFieldStyle":"default"},"css":{"LeftLabelWidth":"120px"}},"formulas":[],"clones":false,"cartKey":false}},"_links":{"self":[{"href":"https:\/\/regala.hotelvillaretiro.com\/ca\/wp-json\/wp\/v2\/product\/5446","targetHints":{"allow":["GET"]}}],"collection":[{"href":"https:\/\/regala.hotelvillaretiro.com\/ca\/wp-json\/wp\/v2\/product"}],"about":[{"href":"https:\/\/regala.hotelvillaretiro.com\/ca\/wp-json\/wp\/v2\/types\/product"}],"wp:featuredmedia":[{"embeddable":true,"href":"https:\/\/regala.hotelvillaretiro.com\/ca\/wp-json\/wp\/v2\/media\/4881"}],"wp:attachment":[{"href":"https:\/\/regala.hotelvillaretiro.com\/ca\/wp-json\/wp\/v2\/media?parent=5446"}],"wp:term":[{"taxonomy":"product_brand","embeddable":true,"href":"https:\/\/regala.hotelvillaretiro.com\/ca\/wp-json\/wp\/v2\/product_brand?post=5446"},{"taxonomy":"product_cat","embeddable":true,"href":"https:\/\/regala.hotelvillaretiro.com\/ca\/wp-json\/wp\/v2\/product_cat?post=5446"},{"taxonomy":"product_tag","embeddable":true,"href":"https:\/\/regala.hotelvillaretiro.com\/ca\/wp-json\/wp\/v2\/product_tag?post=5446"}],"curies":[{"name":"wp","href":"https:\/\/api.w.org\/{rel}","templated":true}]}}