{"id":5447,"date":"2024-11-08T13:39:45","date_gmt":"2024-11-08T12:39:45","guid":{"rendered":"https:\/\/regala.hotelvillaretiro.com\/producto\/escapada-gastronomica-hotel-5-estrellas\/"},"modified":"2026-04-09T10:46:29","modified_gmt":"2026-04-09T09:46:29","slug":"gastronomic-getaway-5-star-hotel","status":"publish","type":"product","link":"https:\/\/regala.hotelvillaretiro.com\/en\/producto\/gastronomic-getaway-5-star-hotel\/","title":{"rendered":"Gastronomic Getaway \u2013 1 Night at a 5-Star Hotel + Michelin-Starred Dinner"},"content":{"rendered":"[vc_row type=&#8221;in_container&#8221; full_screen_row_position=&#8221;middle&#8221; column_margin=&#8221;default&#8221; column_direction=&#8221;default&#8221; column_direction_tablet=&#8221;default&#8221; column_direction_phone=&#8221;default&#8221; scene_position=&#8221;center&#8221; text_color=&#8221;dark&#8221; text_align=&#8221;left&#8221; row_border_radius=&#8221;none&#8221; row_border_radius_applies=&#8221;bg&#8221; overflow=&#8221;visible&#8221; overlay_strength=&#8221;0.3&#8243; gradient_direction=&#8221;left_to_right&#8221; shape_divider_position=&#8221;bottom&#8221; bg_image_animation=&#8221;none&#8221;][vc_column column_padding=&#8221;no-extra-padding&#8221; column_padding_tablet=&#8221;inherit&#8221; column_padding_phone=&#8221;inherit&#8221; column_padding_position=&#8221;all&#8221; column_element_spacing=&#8221;default&#8221; background_color_opacity=&#8221;1&#8243; background_hover_color_opacity=&#8221;1&#8243; column_shadow=&#8221;none&#8221; column_border_radius=&#8221;none&#8221; column_link_target=&#8221;_self&#8221; column_position=&#8221;default&#8221; gradient_direction=&#8221;left_to_right&#8221; overlay_strength=&#8221;0.3&#8243; width=&#8221;1\/1&#8243; tablet_width_inherit=&#8221;default&#8221; tablet_text_alignment=&#8221;default&#8221; phone_text_alignment=&#8221;default&#8221; animation_type=&#8221;default&#8221; bg_image_animation=&#8221;none&#8221; border_type=&#8221;simple&#8221; column_border_width=&#8221;none&#8221; column_border_style=&#8221;solid&#8221;][vc_column_text]\n<h3><span style=\"color: #333333; font-size: 25px;\">A Gourmet and Luxurious Gift<\/span><\/h3>\n<p>Treat yourself or surprise someone special with a getaway that combines luxury and culinary excellence, perfect for any special occasion. With our personalized service and an unparalleled gastronomic experience, each moment will turn into a cherished memory. Ideal for special occasions.<\/p>\n<ul>\n<li><strong>Valentine&#8217;s Day Gift<\/strong>: Make this Valentine&#8217;s Day unforgettable with a romantic getaway full of thoughtful details and a Gourmet Dinner that will delight your partner.<\/li>\n<li><strong>Luxury Christmas Gift<\/strong>: Give an unforgettable experience this Christmas. Forget conventional gifts and surprise them with a luxury escape, perfect for unwinding and enjoying a privileged setting.<\/li>\n<li><strong>Birthday, Anniversary, or Special Occasion Gifts<\/strong>: Celebrate that special day with a unique experience. Whether it&#8217;s for an anniversary, a birthday, or simply to surprise someone special. The experience is also available on weekdays for an unexpected escape from the routine.<\/li>\n<\/ul>\n[\/vc_column_text][\/vc_column][\/vc_row]\n","protected":false},"excerpt":{"rendered":"<p><strong>Surprise Gourmet Lovers<\/strong><\/p>\n<p>Discover an unparalleled getaway at the exclusive 5* Hotel Villa Retiro, surrounded by nature and tranquility. This experience is perfect for those seeking a blend of well-being, haute cuisine, and comfort in a dreamlike setting.<\/p>\n<p><strong>Includes<\/strong>:<\/p>\n<ul>\n<li><strong>1-night accommodation<\/strong> in a luxury room for two<\/li>\n<li><strong>Exclusive lunch or\u00a0 dinner<\/strong> at the Villa Retiro Restaurant, awarded a Michelin Star, featuring our signature menu <em>&#8220;More Than a Tribute&#8221;<\/em>, crafted by Chef Fran L\u00f3pez<\/li>\n<li><strong>Gourmet breakfast<\/strong><\/li>\n<li><strong>Welcome gift<\/strong> in the room<\/li>\n<li><strong>Chef\u2019s Package<\/strong>, including a bottle of premium, estate-produced olive oil and a selected bottle of mistela wine<\/li>\n<li><em>Note: Drinks not included.<\/em><\/li>\n<\/ul>\n<p>If you would like to add extras, you can do so below:<\/p>\n","protected":false},"featured_media":4882,"template":"","meta":{"inline_featured_image":false},"product_brand":[],"product_cat":[38,41],"product_tag":[],"class_list":{"0":"post-5447","1":"product","2":"type-product","3":"status-publish","4":"has-post-thumbnail","6":"product_cat-escapadas-en","7":"product_cat-hotel-villa-retiro-en","8":"wcpa_has_options","10":"first","11":"instock","12":"virtual","13":"purchasable","14":"product-type-simple"},"yoast_head":"<!-- This site is optimized with the Yoast SEO plugin v27.3 - https:\/\/yoast.com\/product\/yoast-seo-wordpress\/ -->\n<title>Gastronomic Getaway \u2013 1 Night at a 5-Star Hotel + Michelin-Starred Dinner - Regala Villa Retiro<\/title>\n<meta name=\"description\" content=\"Gastronomic Getaway at Hotel Villa Retiro Perfect for a business trip or a vacation, whether you&#039;re looking to relax or seek adventure.\" \/>\n<meta name=\"robots\" content=\"index, follow, max-snippet:-1, max-image-preview:large, max-video-preview:-1\" \/>\n<link rel=\"canonical\" href=\"https:\/\/regala.hotelvillaretiro.com\/en\/producto\/gastronomic-getaway-5-star-hotel\/\" \/>\n<meta property=\"og:locale\" content=\"en_US\" \/>\n<meta property=\"og:type\" content=\"article\" \/>\n<meta property=\"og:title\" content=\"Gastronomic Getaway \u2013 1 Night at a 5-Star Hotel + Michelin-Starred Dinner - Regala Villa Retiro\" \/>\n<meta property=\"og:description\" content=\"Gastronomic Getaway at Hotel Villa Retiro Perfect for a business trip or a vacation, whether you&#039;re looking to relax or seek adventure.\" \/>\n<meta property=\"og:url\" content=\"https:\/\/regala.hotelvillaretiro.com\/en\/producto\/gastronomic-getaway-5-star-hotel\/\" \/>\n<meta property=\"og:site_name\" content=\"Regala Villa Retiro\" \/>\n<meta property=\"article:modified_time\" content=\"2026-04-09T09:46:29+00:00\" \/>\n<meta property=\"og:image\" content=\"https:\/\/regala.hotelvillaretiro.com\/wp-content\/uploads\/2022\/02\/NouMenuVR-59-1.jpg\" \/>\n\t<meta property=\"og:image:width\" content=\"2043\" \/>\n\t<meta property=\"og:image:height\" content=\"1363\" \/>\n\t<meta property=\"og:image:type\" content=\"image\/jpeg\" \/>\n<meta name=\"twitter:card\" content=\"summary_large_image\" \/>\n<meta name=\"twitter:label1\" content=\"Est. reading time\" \/>\n\t<meta name=\"twitter:data1\" content=\"1 minute\" \/>\n<script type=\"application\/ld+json\" class=\"yoast-schema-graph\">{\"@context\":\"https:\\\/\\\/schema.org\",\"@graph\":[{\"@type\":\"WebPage\",\"@id\":\"https:\\\/\\\/regala.hotelvillaretiro.com\\\/en\\\/producto\\\/gastronomic-getaway-5-star-hotel\\\/\",\"url\":\"https:\\\/\\\/regala.hotelvillaretiro.com\\\/en\\\/producto\\\/gastronomic-getaway-5-star-hotel\\\/\",\"name\":\"Gastronomic Getaway \u2013 1 Night at a 5-Star Hotel + Michelin-Starred Dinner - Regala Villa Retiro\",\"isPartOf\":{\"@id\":\"https:\\\/\\\/regala.hotelvillaretiro.com\\\/en\\\/#website\"},\"primaryImageOfPage\":{\"@id\":\"https:\\\/\\\/regala.hotelvillaretiro.com\\\/en\\\/producto\\\/gastronomic-getaway-5-star-hotel\\\/#primaryimage\"},\"image\":{\"@id\":\"https:\\\/\\\/regala.hotelvillaretiro.com\\\/en\\\/producto\\\/gastronomic-getaway-5-star-hotel\\\/#primaryimage\"},\"thumbnailUrl\":\"https:\\\/\\\/regala.hotelvillaretiro.com\\\/wp-content\\\/uploads\\\/2022\\\/02\\\/NouMenuVR-59-1.jpg\",\"datePublished\":\"2024-11-08T12:39:45+00:00\",\"dateModified\":\"2026-04-09T09:46:29+00:00\",\"description\":\"Gastronomic Getaway at Hotel Villa Retiro Perfect for a business trip or a vacation, whether you're looking to relax or seek adventure.\",\"breadcrumb\":{\"@id\":\"https:\\\/\\\/regala.hotelvillaretiro.com\\\/en\\\/producto\\\/gastronomic-getaway-5-star-hotel\\\/#breadcrumb\"},\"inLanguage\":\"en-US\",\"potentialAction\":[{\"@type\":\"ReadAction\",\"target\":[\"https:\\\/\\\/regala.hotelvillaretiro.com\\\/en\\\/producto\\\/gastronomic-getaway-5-star-hotel\\\/\"]}]},{\"@type\":\"ImageObject\",\"inLanguage\":\"en-US\",\"@id\":\"https:\\\/\\\/regala.hotelvillaretiro.com\\\/en\\\/producto\\\/gastronomic-getaway-5-star-hotel\\\/#primaryimage\",\"url\":\"https:\\\/\\\/regala.hotelvillaretiro.com\\\/wp-content\\\/uploads\\\/2022\\\/02\\\/NouMenuVR-59-1.jpg\",\"contentUrl\":\"https:\\\/\\\/regala.hotelvillaretiro.com\\\/wp-content\\\/uploads\\\/2022\\\/02\\\/NouMenuVR-59-1.jpg\",\"width\":2043,\"height\":1363,\"caption\":\"https:\\\/\\\/regala.hotelvillaretiro.com\\\/fr\\\/producto\\\/escapade-gastronomique-hotel-5-etoiles\\\/\"},{\"@type\":\"BreadcrumbList\",\"@id\":\"https:\\\/\\\/regala.hotelvillaretiro.com\\\/en\\\/producto\\\/gastronomic-getaway-5-star-hotel\\\/#breadcrumb\",\"itemListElement\":[{\"@type\":\"ListItem\",\"position\":1,\"name\":\"Portada\",\"item\":\"https:\\\/\\\/regala.hotelvillaretiro.com\\\/en\\\/\"},{\"@type\":\"ListItem\",\"position\":2,\"name\":\"Shop\",\"item\":\"https:\\\/\\\/regala.hotelvillaretiro.com\\\/en\\\/shop\\\/\"},{\"@type\":\"ListItem\",\"position\":3,\"name\":\"Gastronomic Getaway \u2013 1 Night at a 5-Star Hotel + Michelin-Starred Dinner\"}]},{\"@type\":\"WebSite\",\"@id\":\"https:\\\/\\\/regala.hotelvillaretiro.com\\\/en\\\/#website\",\"url\":\"https:\\\/\\\/regala.hotelvillaretiro.com\\\/en\\\/\",\"name\":\"Regala Villa Retiro\",\"description\":\"Regala experiencias gastron\u00f3micas con estrella Michelin en el Hotel Villa Retiro\",\"potentialAction\":[{\"@type\":\"SearchAction\",\"target\":{\"@type\":\"EntryPoint\",\"urlTemplate\":\"https:\\\/\\\/regala.hotelvillaretiro.com\\\/en\\\/?s={search_term_string}\"},\"query-input\":{\"@type\":\"PropertyValueSpecification\",\"valueRequired\":true,\"valueName\":\"search_term_string\"}}],\"inLanguage\":\"en-US\"}]}<\/script>\n<!-- \/ Yoast SEO plugin. -->","yoast_head_json":{"title":"Gastronomic Getaway \u2013 1 Night at a 5-Star Hotel + Michelin-Starred Dinner - Regala Villa Retiro","description":"Gastronomic Getaway at Hotel Villa Retiro Perfect for a business trip or a vacation, whether you're looking to relax or seek adventure.","robots":{"index":"index","follow":"follow","max-snippet":"max-snippet:-1","max-image-preview":"max-image-preview:large","max-video-preview":"max-video-preview:-1"},"canonical":"https:\/\/regala.hotelvillaretiro.com\/en\/producto\/gastronomic-getaway-5-star-hotel\/","og_locale":"en_US","og_type":"article","og_title":"Gastronomic Getaway \u2013 1 Night at a 5-Star Hotel + Michelin-Starred Dinner - Regala Villa Retiro","og_description":"Gastronomic Getaway at Hotel Villa Retiro Perfect for a business trip or a vacation, whether you're looking to relax or seek adventure.","og_url":"https:\/\/regala.hotelvillaretiro.com\/en\/producto\/gastronomic-getaway-5-star-hotel\/","og_site_name":"Regala Villa Retiro","article_modified_time":"2026-04-09T09:46:29+00:00","og_image":[{"width":2043,"height":1363,"url":"https:\/\/regala.hotelvillaretiro.com\/wp-content\/uploads\/2022\/02\/NouMenuVR-59-1.jpg","type":"image\/jpeg"}],"twitter_card":"summary_large_image","twitter_misc":{"Est. reading time":"1 minute"},"schema":{"@context":"https:\/\/schema.org","@graph":[{"@type":"WebPage","@id":"https:\/\/regala.hotelvillaretiro.com\/en\/producto\/gastronomic-getaway-5-star-hotel\/","url":"https:\/\/regala.hotelvillaretiro.com\/en\/producto\/gastronomic-getaway-5-star-hotel\/","name":"Gastronomic Getaway \u2013 1 Night at a 5-Star Hotel + Michelin-Starred Dinner - Regala Villa Retiro","isPartOf":{"@id":"https:\/\/regala.hotelvillaretiro.com\/en\/#website"},"primaryImageOfPage":{"@id":"https:\/\/regala.hotelvillaretiro.com\/en\/producto\/gastronomic-getaway-5-star-hotel\/#primaryimage"},"image":{"@id":"https:\/\/regala.hotelvillaretiro.com\/en\/producto\/gastronomic-getaway-5-star-hotel\/#primaryimage"},"thumbnailUrl":"https:\/\/regala.hotelvillaretiro.com\/wp-content\/uploads\/2022\/02\/NouMenuVR-59-1.jpg","datePublished":"2024-11-08T12:39:45+00:00","dateModified":"2026-04-09T09:46:29+00:00","description":"Gastronomic Getaway at Hotel Villa Retiro Perfect for a business trip or a vacation, whether you're looking to relax or seek adventure.","breadcrumb":{"@id":"https:\/\/regala.hotelvillaretiro.com\/en\/producto\/gastronomic-getaway-5-star-hotel\/#breadcrumb"},"inLanguage":"en-US","potentialAction":[{"@type":"ReadAction","target":["https:\/\/regala.hotelvillaretiro.com\/en\/producto\/gastronomic-getaway-5-star-hotel\/"]}]},{"@type":"ImageObject","inLanguage":"en-US","@id":"https:\/\/regala.hotelvillaretiro.com\/en\/producto\/gastronomic-getaway-5-star-hotel\/#primaryimage","url":"https:\/\/regala.hotelvillaretiro.com\/wp-content\/uploads\/2022\/02\/NouMenuVR-59-1.jpg","contentUrl":"https:\/\/regala.hotelvillaretiro.com\/wp-content\/uploads\/2022\/02\/NouMenuVR-59-1.jpg","width":2043,"height":1363,"caption":"https:\/\/regala.hotelvillaretiro.com\/fr\/producto\/escapade-gastronomique-hotel-5-etoiles\/"},{"@type":"BreadcrumbList","@id":"https:\/\/regala.hotelvillaretiro.com\/en\/producto\/gastronomic-getaway-5-star-hotel\/#breadcrumb","itemListElement":[{"@type":"ListItem","position":1,"name":"Portada","item":"https:\/\/regala.hotelvillaretiro.com\/en\/"},{"@type":"ListItem","position":2,"name":"Shop","item":"https:\/\/regala.hotelvillaretiro.com\/en\/shop\/"},{"@type":"ListItem","position":3,"name":"Gastronomic Getaway \u2013 1 Night at a 5-Star Hotel + Michelin-Starred Dinner"}]},{"@type":"WebSite","@id":"https:\/\/regala.hotelvillaretiro.com\/en\/#website","url":"https:\/\/regala.hotelvillaretiro.com\/en\/","name":"Regala Villa Retiro","description":"Regala experiencias gastron\u00f3micas con estrella Michelin en el Hotel Villa Retiro","potentialAction":[{"@type":"SearchAction","target":{"@type":"EntryPoint","urlTemplate":"https:\/\/regala.hotelvillaretiro.com\/en\/?s={search_term_string}"},"query-input":{"@type":"PropertyValueSpecification","valueRequired":true,"valueName":"search_term_string"}}],"inLanguage":"en-US"}]}},"wcpa_form_fields":{"wcpaData":{"product":{"product_price":598,"price_html":"<span class=\"woocommerce-Price-amount amount\"><bdi>598,00&nbsp;<span class=\"woocommerce-Price-currencySymbol\">&euro;<\/span><\/bdi><\/span>","original_product_price":598,"price_including_tax":598,"price_excluding_tax":598,"product_id":{"parent":5447,"variation":false},"is_variable":false,"stock_status":"instock","stock_quantity":null,"parent_sku":"","product_attributes":[],"custom_fields":[],"is_taxable":false},"fields":{"sec_265a7c716d4505":{"extra":{"key":"sec_265a7c716d4505","section_id":"sec_265a7c716d4505","name":"Default","status":1,"cl_rule":"show","enableCl":false,"relations":[],"toggle":true,"title_tag":"h3","show_title":false,"showPrice":"default","form_id":1223,"form_rules":{"exclude_from_discount":false,"fee_label":"Extras","disp_hide_options_price":false,"disp_show_section_price":false,"disp_show_field_price":true,"layout_option":"standard","pric_use_as_fee":false,"process_fee_as":"woo_fee"},"layout_option":"standard"},"fields":[[{"type":"checkbox-group","elementId":"wcpa-checkbox-group-1642613023077","label":"Add wine pairing (price per person)","enablePrice":true,"priceOptions":"different_for_all","pricingType":"fixed","name":"checkbox-group-1642613023077","other_text":"Other","cl_rule":"show","col":6,"values":[{"label":"Wine pairing +","value":"Maridaje de vinos +","price":"+90","pimage":"","pimage_id":"","pthumb":"","tempId":"aco_10","gt_translate_keys":["label"]}],"relations":false,"active":true,"tooltip":"","layOut":"","checkUi":"","error":false,"use_as_fee":false,"enable_quantity":true,"quantity_label":"Quantity","gt_translate_keys":["label","tooltip","quantity_label"],"price_dependency":false,"cl_dependency":false,"value":""}]]},"sec_065a7c3183d1fa":{"extra":{"key":"sec_065a7c3183d1fa","section_id":"sec_065a7c3183d1fa","name":"Default","status":1,"cl_rule":"show","enableCl":false,"relations":[],"toggle":true,"title_tag":"h3","show_title":false,"showPrice":"default","form_id":1220,"form_rules":{"exclude_from_discount":false,"fee_label":"Extras","disp_hide_options_price":false,"disp_show_section_price":false,"disp_show_field_price":true,"layout_option":"standard","pric_use_as_fee":false,"process_fee_as":"woo_fee"},"layout_option":"standard"},"fields":[[{"type":"checkbox-group","elementId":"wcpa-checkbox-group-1643214260988","label":"Add bottle of wine or cava","enablePrice":true,"priceOptions":"different_for_all","pricingType":"fixed","name":"checkbox-group-1643214260988","other_text":"Other","cl_rule":"show","col":6,"values":[{"label":"Wine bottle or cava +","value":"option-1","price":"34","pimage":"","pimage_id":"","pthumb":"","tempId":"aco_24","gt_translate_keys":["label"]},{"label":"Wine bottle or cava+","value":"Botella cava","price":"36","pimage":"","pimage_id":"","pthumb":"","tempId":"aco_27","gt_translate_keys":["label"]},{"label":"Wine bottle or cava+","value":"Botella cava2","price":"60","pimage":"","pimage_id":"","pthumb":"","tempId":"aco_28","gt_translate_keys":["label"]}],"relations":false,"active":true,"tooltip":"","layOut":"","checkUi":"","error":false,"use_as_fee":true,"enable_quantity":true,"quantity_label":"Quantity","gt_translate_keys":["label","tooltip","quantity_label"],"price_dependency":false,"cl_dependency":false,"value":""}]]},"sec_369bd89ec33595":{"extra":{"key":"sec_369bd89ec33595","section_id":"sec_369bd89ec33595","name":"Default","status":1,"cl_rule":"show","enableCl":false,"relations":[],"toggle":true,"title_tag":"h3","show_title":false,"showPrice":"default","form_id":1232,"form_rules":{"exclude_from_discount":false,"fee_label":"Extras","disp_hide_options_price":false,"disp_show_section_price":false,"disp_show_field_price":true,"layout_option":"standard","pric_use_as_fee":false,"process_fee_as":"woo_fee"},"layout_option":"standard"},"fields":[[{"type":"checkbox-group","elementId":"wcpa-checkbox-group-1643221666959","label":"Room supplement","enablePrice":true,"priceOptions":"different_for_all","pricingType":"fixed","name":"checkbox-group-1643221666959","other_text":"Other","cl_rule":"show","col":6,"values":[{"label":"Junior Suite Garden Room +","value":"Habitaci\u00f3n Junior Suite Jard\u00edn","price":"40","pimage":"","pimage_id":"","pthumb":"","tempId":"aco_21","gt_translate_keys":["label"]},{"label":"Classic Suite Room +","value":"Habitaci\u00f3n Suite Cl\u00e1sica","price":"60","pimage":"","pimage_id":"","pthumb":"","tempId":"aco_22","gt_translate_keys":["label"]},{"label":"Grand Suite Garden Room +","value":"Habitaci\u00f3n Gran Suite Jard\u00edn","price":"120","pimage":"","pimage_id":"","pthumb":"","tempId":"aco_23","gt_translate_keys":["label"]}],"relations":false,"active":true,"tooltip":"","layOut":"","checkUi":"","error":false,"gt_translate_keys":["label","tooltip"],"price_dependency":false,"cl_dependency":false,"value":""}]]},"sec_465dc5ae4670ef":{"extra":{"key":"sec_465dc5ae4670ef","section_id":"sec_465dc5ae4670ef","name":"Default","status":1,"cl_rule":"show","enableCl":false,"relations":[],"toggle":true,"title_tag":"h3","show_title":false,"showPrice":"default","form_id":1229,"form_rules":{"exclude_from_discount":false,"fee_label":"Extras","disp_hide_options_price":false,"disp_show_section_price":false,"disp_show_field_price":true,"layout_option":"standard","pric_use_as_fee":false,"process_fee_as":"woo_fee"},"layout_option":"standard"},"fields":[[{"type":"checkbox-group","elementId":"wcpa-checkbox-group-1643221899196","label":"Room extras","enablePrice":true,"priceOptions":"different_for_all","pricingType":"fixed","name":"checkbox-group-1643221899196","other_text":"Other","cl_rule":"show","col":6,"values":[{"label":"Erotic kit: includes bottle of cava, erotic cosmetics kit and bath salts+","value":"Kit er\u00f3tico","price":"75","pimage":"","pimage_id":"","pthumb":"","tempId":"aco_39","gt_translate_keys":["label"]},{"label":"Bottle of cava and chocolates+","value":"Botella de cava y bombones","price":"30","pimage":"","pimage_id":"","pthumb":"","tempId":"aco_40","gt_translate_keys":["label"]},{"label":"Bath salts and sugges+tion letters","value":"Sales de ba\u00f1o y cartas de sugerencias","price":"16.9","pimage":"","pimage_id":"","pthumb":"","tempId":"aco_41","gt_translate_keys":["label"]},{"label":"Erotic Cosmetics+","value":"Cosm\u00e9tica Er\u00f3tica","price":"42.8","pimage":"","pimage_id":"","pthumb":"","tempId":"aco_42","gt_translate_keys":["label"]},{"label":"Bath salts+","value":"Sales de ba\u00f1o","price":"12.99","pimage":"","pimage_id":"","pthumb":"","tempId":"aco_43","gt_translate_keys":["label"]},{"label":"Bottle 0.38cl M\u00f6et & Chandon Imp\u00e9rial+","value":"Botella  0,38cl M\u00f6et & Chandon Imp\u00e9rial","price":"38","pimage":"","pimage_id":"","pthumb":"","tempId":"aco_44","gt_translate_keys":["label"]}],"relations":false,"active":true,"tooltip":"","layOut":"","checkUi":"","error":false,"enable_quantity":true,"quantity_label":"Quantity","gt_translate_keys":["label","tooltip","quantity_label"],"price_dependency":false,"cl_dependency":false,"value":""}]]},"sec_1065dc589827179":{"extra":{"key":"sec_1065dc589827179","section_id":"sec_1065dc589827179","name":"Default","status":1,"cl_rule":"show","enableCl":false,"relations":[],"toggle":true,"title_tag":"h3","show_title":false,"showPrice":"default","form_id":1226,"form_rules":{"exclude_from_discount":false,"fee_label":"Extras","disp_hide_options_price":false,"disp_show_section_price":false,"disp_show_field_price":true,"layout_option":"standard","pric_use_as_fee":false,"process_fee_as":"woo_fee"},"layout_option":"standard"},"fields":[[{"type":"checkbox-group","elementId":"wcpa-checkbox-group-1643222553174","label":"Massages and treatments (price per person)","description":"","enablePrice":true,"priceOptions":"different_for_all","pricingType":"custom","use_as_fee":true,"name":"checkbox-group-1643222553174","other_text":"Other","cl_rule":"show","col":6,"values":[{"label":"Vata 50 balancing massage+","value":"option-1Masaje equilibrante Vata 60","price":"88","pimage":"","pimage_id":"","pthumb":"","tempId":"aco_182","gt_translate_keys":["label"]},{"label":"Otham Massage 50'+","value":"Masaje Otham 60'","price":"98","pimage":"","pimage_id":"","pthumb":"","tempId":"aco_183","gt_translate_keys":["label"]},{"label":"Therapeutic leg massage 25'+","value":"Masaje terap\u00e9utico de piernas 30","price":"44","pimage":"","pimage_id":"","pthumb":"","tempId":"aco_185","gt_translate_keys":["label"]},{"label":"Therapeutic back massage 25'+","value":"Masaje terap\u00e9utico espalda 30'","price":"44","pimage":"","pimage_id":"","pthumb":"","tempId":"aco_186","gt_translate_keys":["label"]},{"label":"Therapeutic foot massage 25'+","value":"Masaje terap\u00e9utico podal 30'","price":"44","pimage":"","pimage_id":"","pthumb":"","tempId":"aco_187","gt_translate_keys":["label"]},{"label":"Moisturizing facial treatment 25'+","value":"o\tTratamiento facial hidratante 30'","price":"49","pimage":"","pimage_id":"","pthumb":"","tempId":"aco_188","gt_translate_keys":["label"]},{"label":"Massage with scented oils 25'+","value":"o\tMasaje con aceites perfumados 30'","selected":false,"tempId":"aco_234","price":"49","gt_translate_keys":["label"]}],"relations":[{"operator":false,"rules":[{"operator":false,"rules":{"cl_field":"quantity","cl_relation":"is","cl_val":""}}]}],"active":true,"tooltip":"","layOut":"","checkUi":"","error":false,"isTemplate":false,"enable_quantity":true,"quantity_label":"Quantity","gt_translate_keys":["label","description","tooltip","quantity_label"],"price_dependency":false,"cl_dependency":false,"value":""}]]},"sec_065a7c628f01a3":{"extra":{"key":"sec_065a7c628f01a3","section_id":"sec_065a7c628f01a3","name":"Default","status":1,"cl_rule":"show","enableCl":false,"relations":[],"toggle":true,"title_tag":"h3","show_title":false,"showPrice":"default","form_id":1217,"form_rules":{"exclude_from_discount":false,"fee_label":"Extras","disp_hide_options_price":false,"disp_show_section_price":false,"disp_show_field_price":true,"layout_option":"standard","pric_use_as_fee":false,"process_fee_as":"woo_fee"},"layout_option":"standard"},"fields":[[{"type":"checkbox-group","elementId":"wcpa-checkbox-group-1643214688485","label":"Special birthday mini cake","enablePrice":true,"priceOptions":"different_for_all","pricingType":"fixed","name":"checkbox-group-1643214688485","other_text":"Other","cl_rule":"show","col":6,"values":[{"label":"Mini Cake +","value":"option-1","price":"25","pimage":"","pimage_id":"","pthumb":"","tempId":"aco_20","gt_translate_keys":["label"]}],"relations":false,"active":true,"tooltip":"","layOut":"","checkUi":"","error":false,"use_as_fee":true,"enable_quantity":true,"quantity_label":"Quantity","gt_translate_keys":["label","tooltip","quantity_label"],"price_dependency":false,"cl_dependency":false,"value":""}]]}},"config":{"price_override":"","enable_recaptcha":false,"bind_quantity":true,"quantity_bind_formula":"{field.element_id_of_the_field.value}","disp_summ_show_option_price":true,"disp_summ_show_product_price":true,"disp_summ_show_total_price":true,"disp_summ_show_fee":true,"disp_summ_show_discount":false,"summary_title":"","options_total_label":"","total_label":"Total","options_product_label":"Price","fee_label":"Extras","discount_label":"Discount","has_price":true,"has_quantity_formula":false},"mc_unit":1,"tax_rate":1,"tax_rate_real":1,"discount":{"percentage":0,"fixed":0},"design":{"conf":{"LabelPosition":"above","DescPosition":"above","UploadField":"custom_1","QuantityFieldStyle":"default"},"css":{"LeftLabelWidth":"120px"}},"formulas":[],"clones":false,"cartKey":false}},"_links":{"self":[{"href":"https:\/\/regala.hotelvillaretiro.com\/en\/wp-json\/wp\/v2\/product\/5447","targetHints":{"allow":["GET"]}}],"collection":[{"href":"https:\/\/regala.hotelvillaretiro.com\/en\/wp-json\/wp\/v2\/product"}],"about":[{"href":"https:\/\/regala.hotelvillaretiro.com\/en\/wp-json\/wp\/v2\/types\/product"}],"wp:featuredmedia":[{"embeddable":true,"href":"https:\/\/regala.hotelvillaretiro.com\/en\/wp-json\/wp\/v2\/media\/4882"}],"wp:attachment":[{"href":"https:\/\/regala.hotelvillaretiro.com\/en\/wp-json\/wp\/v2\/media?parent=5447"}],"wp:term":[{"taxonomy":"product_brand","embeddable":true,"href":"https:\/\/regala.hotelvillaretiro.com\/en\/wp-json\/wp\/v2\/product_brand?post=5447"},{"taxonomy":"product_cat","embeddable":true,"href":"https:\/\/regala.hotelvillaretiro.com\/en\/wp-json\/wp\/v2\/product_cat?post=5447"},{"taxonomy":"product_tag","embeddable":true,"href":"https:\/\/regala.hotelvillaretiro.com\/en\/wp-json\/wp\/v2\/product_tag?post=5447"}],"curies":[{"name":"wp","href":"https:\/\/api.w.org\/{rel}","templated":true}]}}