{"id":1162,"date":"2022-01-26T19:43:10","date_gmt":"2022-01-26T18:43:10","guid":{"rendered":"https:\/\/regala.hotelvillaretiro.com\/producto\/escapada-gourmet\/"},"modified":"2024-10-11T16:18:53","modified_gmt":"2024-10-11T15:18:53","slug":"escapade-romantique","status":"publish","type":"product","link":"https:\/\/regala.hotelvillaretiro.com\/fr\/producto\/escapade-romantique\/","title":{"rendered":"Escapade Romantique\u2013 h\u00f4tel 5 \u00e9toiles"},"content":{"rendered":"","protected":false},"excerpt":{"rendered":"<p><span style=\"font-weight: 400;\">Vivez une exp\u00e9rience gastronomique dans notre Boutique H\u00f4tel 5* &amp; Gastronomique. Comprend un menu pour 2 personnes dans notre restaurant avec 1 \u00e9toile Michelin par le chef Fran L\u00f3pez.<\/span><\/p>\n<ul>\n<li style=\"font-weight: 400;\" aria-level=\"1\"><span style=\"font-weight: 400;\">1 nuit en chambre double standard pour 2 personnes<\/span><\/li>\n<li style=\"font-weight: 400;\" aria-level=\"1\"><span style=\"font-weight: 400;\">Petit-d\u00e9jeuner<\/span><\/li>\n<li style=\"font-weight: 400;\" aria-level=\"1\"><span style=\"font-weight: 400;\">Menu hommage pour 2 personnes au restaurant Villa Retiro (1*Michelin). Ne comprend pas les boissons.<\/span><\/li>\n<\/ul>\n<p>&nbsp;<\/p>\n","protected":false},"featured_media":970,"template":"","meta":{"inline_featured_image":false},"product_brand":[],"product_cat":[39],"product_tag":[],"class_list":{"0":"post-1162","1":"product","2":"type-product","3":"status-publish","4":"has-post-thumbnail","6":"product_cat-escapadas-fr","7":"wcpa_has_options","9":"first","10":"instock","11":"virtual","12":"purchasable","13":"product-type-simple"},"yoast_head":"<!-- This site is optimized with the Yoast SEO plugin v27.3 - https:\/\/yoast.com\/product\/yoast-seo-wordpress\/ -->\n<title>Escapade Romantique\u2013 h\u00f4tel 5 \u00e9toiles - Regala Villa Retiro<\/title>\n<meta name=\"description\" content=\"Escapada Romantique Hotel Villa Retiro perfecta para un viaje de negocios o unas vacaciones, relajarse o vivir una aventura.\" \/>\n<meta name=\"robots\" content=\"index, follow, max-snippet:-1, max-image-preview:large, max-video-preview:-1\" \/>\n<link rel=\"canonical\" href=\"https:\/\/regala.hotelvillaretiro.com\/fr\/producto\/escapade-romantique\/\" \/>\n<meta property=\"og:locale\" content=\"fr_FR\" \/>\n<meta property=\"og:type\" content=\"article\" \/>\n<meta property=\"og:title\" content=\"Escapade Romantique\u2013 h\u00f4tel 5 \u00e9toiles - Regala Villa Retiro\" \/>\n<meta property=\"og:description\" content=\"Escapada Romantique Hotel Villa Retiro perfecta para un viaje de negocios o unas vacaciones, relajarse o vivir una aventura.\" \/>\n<meta property=\"og:url\" content=\"https:\/\/regala.hotelvillaretiro.com\/fr\/producto\/escapade-romantique\/\" \/>\n<meta property=\"og:site_name\" content=\"Regala Villa Retiro\" \/>\n<meta property=\"article:modified_time\" content=\"2024-10-11T15:18:53+00:00\" \/>\n<meta property=\"og:image\" content=\"https:\/\/regala.hotelvillaretiro.com\/wp-content\/uploads\/2022\/01\/hotel-villa-retiro-estrella-michelin-fran-lopez-xerta-tarragona-restaurante-spaVilla-Retiro-Octubre-2021-189.jpg\" \/>\n\t<meta property=\"og:image:width\" content=\"1200\" \/>\n\t<meta property=\"og:image:height\" content=\"800\" \/>\n\t<meta property=\"og:image:type\" content=\"image\/jpeg\" \/>\n<meta name=\"twitter:card\" content=\"summary_large_image\" \/>\n<meta name=\"twitter:label1\" content=\"Dur\u00e9e de lecture estim\u00e9e\" \/>\n\t<meta name=\"twitter:data1\" content=\"1 minute\" \/>\n<script type=\"application\/ld+json\" class=\"yoast-schema-graph\">{\"@context\":\"https:\\\/\\\/schema.org\",\"@graph\":[{\"@type\":\"WebPage\",\"@id\":\"https:\\\/\\\/regala.hotelvillaretiro.com\\\/fr\\\/producto\\\/escapade-romantique\\\/\",\"url\":\"https:\\\/\\\/regala.hotelvillaretiro.com\\\/fr\\\/producto\\\/escapade-romantique\\\/\",\"name\":\"Escapade Romantique\u2013 h\u00f4tel 5 \u00e9toiles - Regala Villa Retiro\",\"isPartOf\":{\"@id\":\"https:\\\/\\\/regala.hotelvillaretiro.com\\\/fr\\\/#website\"},\"primaryImageOfPage\":{\"@id\":\"https:\\\/\\\/regala.hotelvillaretiro.com\\\/fr\\\/producto\\\/escapade-romantique\\\/#primaryimage\"},\"image\":{\"@id\":\"https:\\\/\\\/regala.hotelvillaretiro.com\\\/fr\\\/producto\\\/escapade-romantique\\\/#primaryimage\"},\"thumbnailUrl\":\"https:\\\/\\\/regala.hotelvillaretiro.com\\\/wp-content\\\/uploads\\\/2022\\\/01\\\/hotel-villa-retiro-estrella-michelin-fran-lopez-xerta-tarragona-restaurante-spaVilla-Retiro-Octubre-2021-189.jpg\",\"datePublished\":\"2022-01-26T18:43:10+00:00\",\"dateModified\":\"2024-10-11T15:18:53+00:00\",\"description\":\"Escapada Romantique Hotel Villa Retiro perfecta para un viaje de negocios o unas vacaciones, relajarse o vivir una aventura.\",\"breadcrumb\":{\"@id\":\"https:\\\/\\\/regala.hotelvillaretiro.com\\\/fr\\\/producto\\\/escapade-romantique\\\/#breadcrumb\"},\"inLanguage\":\"fr-FR\",\"potentialAction\":[{\"@type\":\"ReadAction\",\"target\":[\"https:\\\/\\\/regala.hotelvillaretiro.com\\\/fr\\\/producto\\\/escapade-romantique\\\/\"]}]},{\"@type\":\"ImageObject\",\"inLanguage\":\"fr-FR\",\"@id\":\"https:\\\/\\\/regala.hotelvillaretiro.com\\\/fr\\\/producto\\\/escapade-romantique\\\/#primaryimage\",\"url\":\"https:\\\/\\\/regala.hotelvillaretiro.com\\\/wp-content\\\/uploads\\\/2022\\\/01\\\/hotel-villa-retiro-estrella-michelin-fran-lopez-xerta-tarragona-restaurante-spaVilla-Retiro-Octubre-2021-189.jpg\",\"contentUrl\":\"https:\\\/\\\/regala.hotelvillaretiro.com\\\/wp-content\\\/uploads\\\/2022\\\/01\\\/hotel-villa-retiro-estrella-michelin-fran-lopez-xerta-tarragona-restaurante-spaVilla-Retiro-Octubre-2021-189.jpg\",\"width\":1200,\"height\":800,\"caption\":\"Regala Villa Retiro-escapadas-menus-estrella-michelin-hotel-cinco-estrellas-spa-enoturismo-gastroturimo\"},{\"@type\":\"BreadcrumbList\",\"@id\":\"https:\\\/\\\/regala.hotelvillaretiro.com\\\/fr\\\/producto\\\/escapade-romantique\\\/#breadcrumb\",\"itemListElement\":[{\"@type\":\"ListItem\",\"position\":1,\"name\":\"Portada\",\"item\":\"https:\\\/\\\/regala.hotelvillaretiro.com\\\/fr\\\/\"},{\"@type\":\"ListItem\",\"position\":2,\"name\":\"Boutique\",\"item\":\"https:\\\/\\\/regala.hotelvillaretiro.com\\\/fr\\\/boutique\\\/\"},{\"@type\":\"ListItem\",\"position\":3,\"name\":\"Escapade Romantique\u2013 h\u00f4tel 5 \u00e9toiles\"}]},{\"@type\":\"WebSite\",\"@id\":\"https:\\\/\\\/regala.hotelvillaretiro.com\\\/fr\\\/#website\",\"url\":\"https:\\\/\\\/regala.hotelvillaretiro.com\\\/fr\\\/\",\"name\":\"Regala Villa Retiro\",\"description\":\"Regala experiencias gastron\u00f3micas con estrella Michelin en el Hotel Villa Retiro\",\"potentialAction\":[{\"@type\":\"SearchAction\",\"target\":{\"@type\":\"EntryPoint\",\"urlTemplate\":\"https:\\\/\\\/regala.hotelvillaretiro.com\\\/fr\\\/?s={search_term_string}\"},\"query-input\":{\"@type\":\"PropertyValueSpecification\",\"valueRequired\":true,\"valueName\":\"search_term_string\"}}],\"inLanguage\":\"fr-FR\"}]}<\/script>\n<!-- \/ Yoast SEO plugin. -->","yoast_head_json":{"title":"Escapade Romantique\u2013 h\u00f4tel 5 \u00e9toiles - Regala Villa Retiro","description":"Escapada Romantique Hotel Villa Retiro perfecta para un viaje de negocios o unas vacaciones, relajarse o vivir una aventura.","robots":{"index":"index","follow":"follow","max-snippet":"max-snippet:-1","max-image-preview":"max-image-preview:large","max-video-preview":"max-video-preview:-1"},"canonical":"https:\/\/regala.hotelvillaretiro.com\/fr\/producto\/escapade-romantique\/","og_locale":"fr_FR","og_type":"article","og_title":"Escapade Romantique\u2013 h\u00f4tel 5 \u00e9toiles - Regala Villa Retiro","og_description":"Escapada Romantique Hotel Villa Retiro perfecta para un viaje de negocios o unas vacaciones, relajarse o vivir una aventura.","og_url":"https:\/\/regala.hotelvillaretiro.com\/fr\/producto\/escapade-romantique\/","og_site_name":"Regala Villa Retiro","article_modified_time":"2024-10-11T15:18:53+00:00","og_image":[{"width":1200,"height":800,"url":"https:\/\/regala.hotelvillaretiro.com\/wp-content\/uploads\/2022\/01\/hotel-villa-retiro-estrella-michelin-fran-lopez-xerta-tarragona-restaurante-spaVilla-Retiro-Octubre-2021-189.jpg","type":"image\/jpeg"}],"twitter_card":"summary_large_image","twitter_misc":{"Dur\u00e9e de lecture estim\u00e9e":"1 minute"},"schema":{"@context":"https:\/\/schema.org","@graph":[{"@type":"WebPage","@id":"https:\/\/regala.hotelvillaretiro.com\/fr\/producto\/escapade-romantique\/","url":"https:\/\/regala.hotelvillaretiro.com\/fr\/producto\/escapade-romantique\/","name":"Escapade Romantique\u2013 h\u00f4tel 5 \u00e9toiles - Regala Villa Retiro","isPartOf":{"@id":"https:\/\/regala.hotelvillaretiro.com\/fr\/#website"},"primaryImageOfPage":{"@id":"https:\/\/regala.hotelvillaretiro.com\/fr\/producto\/escapade-romantique\/#primaryimage"},"image":{"@id":"https:\/\/regala.hotelvillaretiro.com\/fr\/producto\/escapade-romantique\/#primaryimage"},"thumbnailUrl":"https:\/\/regala.hotelvillaretiro.com\/wp-content\/uploads\/2022\/01\/hotel-villa-retiro-estrella-michelin-fran-lopez-xerta-tarragona-restaurante-spaVilla-Retiro-Octubre-2021-189.jpg","datePublished":"2022-01-26T18:43:10+00:00","dateModified":"2024-10-11T15:18:53+00:00","description":"Escapada Romantique Hotel Villa Retiro perfecta para un viaje de negocios o unas vacaciones, relajarse o vivir una aventura.","breadcrumb":{"@id":"https:\/\/regala.hotelvillaretiro.com\/fr\/producto\/escapade-romantique\/#breadcrumb"},"inLanguage":"fr-FR","potentialAction":[{"@type":"ReadAction","target":["https:\/\/regala.hotelvillaretiro.com\/fr\/producto\/escapade-romantique\/"]}]},{"@type":"ImageObject","inLanguage":"fr-FR","@id":"https:\/\/regala.hotelvillaretiro.com\/fr\/producto\/escapade-romantique\/#primaryimage","url":"https:\/\/regala.hotelvillaretiro.com\/wp-content\/uploads\/2022\/01\/hotel-villa-retiro-estrella-michelin-fran-lopez-xerta-tarragona-restaurante-spaVilla-Retiro-Octubre-2021-189.jpg","contentUrl":"https:\/\/regala.hotelvillaretiro.com\/wp-content\/uploads\/2022\/01\/hotel-villa-retiro-estrella-michelin-fran-lopez-xerta-tarragona-restaurante-spaVilla-Retiro-Octubre-2021-189.jpg","width":1200,"height":800,"caption":"Regala Villa Retiro-escapadas-menus-estrella-michelin-hotel-cinco-estrellas-spa-enoturismo-gastroturimo"},{"@type":"BreadcrumbList","@id":"https:\/\/regala.hotelvillaretiro.com\/fr\/producto\/escapade-romantique\/#breadcrumb","itemListElement":[{"@type":"ListItem","position":1,"name":"Portada","item":"https:\/\/regala.hotelvillaretiro.com\/fr\/"},{"@type":"ListItem","position":2,"name":"Boutique","item":"https:\/\/regala.hotelvillaretiro.com\/fr\/boutique\/"},{"@type":"ListItem","position":3,"name":"Escapade Romantique\u2013 h\u00f4tel 5 \u00e9toiles"}]},{"@type":"WebSite","@id":"https:\/\/regala.hotelvillaretiro.com\/fr\/#website","url":"https:\/\/regala.hotelvillaretiro.com\/fr\/","name":"Regala Villa Retiro","description":"Regala experiencias gastron\u00f3micas con estrella Michelin en el Hotel Villa Retiro","potentialAction":[{"@type":"SearchAction","target":{"@type":"EntryPoint","urlTemplate":"https:\/\/regala.hotelvillaretiro.com\/fr\/?s={search_term_string}"},"query-input":{"@type":"PropertyValueSpecification","valueRequired":true,"valueName":"search_term_string"}}],"inLanguage":"fr-FR"}]}},"wcpa_form_fields":{"wcpaData":{"product":{"product_price":499,"price_html":"<span class=\"woocommerce-Price-amount amount\"><bdi>499,00&nbsp;<span class=\"woocommerce-Price-currencySymbol\">&euro;<\/span><\/bdi><\/span>","original_product_price":499,"price_including_tax":499,"price_excluding_tax":499,"product_id":{"parent":1162,"variation":false},"is_variable":false,"stock_status":"instock","stock_quantity":null,"parent_sku":"","product_attributes":[],"custom_fields":[],"is_taxable":false},"fields":{"sec_1066701cc10e541":{"extra":{"key":"sec_1066701cc10e541","section_id":"sec_1066701cc10e541","name":"Default","status":1,"cl_rule":"show","enableCl":false,"relations":[],"toggle":true,"title_tag":"h3","show_title":false,"showPrice":"default","form_id":4033,"form_rules":{"exclude_from_discount":false,"fee_label":"Extras","disp_hide_options_price":false,"disp_show_section_price":false,"disp_show_field_price":true,"layout_option":"standard","pric_use_as_fee":false,"process_fee_as":"woo_fee"},"layout_option":"standard"},"fields":[[{"label":"Ajouter un accord mets et vins (prix par personne)","active":true,"elementId":"checkbox-group-2730362075","tooltip":"","name":"checkbox-group-2730362075","enablePrice":true,"relations":false,"enable_quantity":true,"quantity_label":"","checkUi":"","layOut":"","other_text":"Other","values":[{"label":"Accords vins +","value":"Maridaje de vinos","price":"+70","pimage":"","pimage_id":"","pthumb":"","tempId":"aco_137","selected":false,"gt_translate_keys":["label"]}],"priceOptions":"different_for_all","pricingType":"fixed","cl_rule":"show","col":6,"type":"checkbox-group","error":false,"use_as_fee":false,"gt_translate_keys":["label","tooltip","quantity_label"],"price_dependency":false,"cl_dependency":false,"value":""}]]},"sec_065a7c3183d1fa":{"extra":{"key":"sec_065a7c3183d1fa","section_id":"sec_065a7c3183d1fa","name":"Default","status":1,"cl_rule":"show","enableCl":false,"relations":[],"toggle":true,"title_tag":"h3","show_title":false,"showPrice":"default","form_id":1221,"form_rules":{"exclude_from_discount":false,"fee_label":"Extras","disp_hide_options_price":false,"disp_show_section_price":false,"disp_show_field_price":true,"layout_option":"standard","pric_use_as_fee":false,"process_fee_as":"woo_fee"},"layout_option":"standard"},"fields":[[{"type":"checkbox-group","elementId":"wcpa-checkbox-group-1643214260988","label":"Option de bouteille de vin ou de cava","enablePrice":true,"priceOptions":"different_for_all","pricingType":"fixed","name":"checkbox-group-1643214260988","other_text":"Other","cl_rule":"show","col":6,"values":[{"label":"Bouteille de vin ou de cava","value":"option-1","price":"34","pimage":"","pimage_id":"","pthumb":"","tempId":"aco_24","gt_translate_keys":["label"]},{"label":"Bouteille de vin ou de cava","value":"Botella cava","price":"36","pimage":"","pimage_id":"","pthumb":"","tempId":"aco_27","gt_translate_keys":["label"]},{"label":"Bouteille de vin ou de cava","value":"Botella cava2","price":"60","pimage":"","pimage_id":"","pthumb":"","tempId":"aco_28","gt_translate_keys":["label"]}],"relations":false,"active":true,"tooltip":"","layOut":"","checkUi":"","error":false,"use_as_fee":true,"enable_quantity":true,"quantity_label":"Quantity","gt_translate_keys":["label","tooltip","quantity_label"],"price_dependency":false,"cl_dependency":false,"value":""}]]},"sec_369bd89ec33595":{"extra":{"key":"sec_369bd89ec33595","section_id":"sec_369bd89ec33595","name":"Default","status":1,"cl_rule":"show","enableCl":false,"relations":[],"toggle":true,"title_tag":"h3","show_title":false,"showPrice":"default","form_id":1233,"form_rules":{"exclude_from_discount":false,"fee_label":"Extras","disp_hide_options_price":false,"disp_show_section_price":false,"disp_show_field_price":true,"layout_option":"standard","pric_use_as_fee":false,"process_fee_as":"woo_fee"},"layout_option":"standard"},"fields":[[{"type":"checkbox-group","elementId":"wcpa-checkbox-group-1643221666959","label":"Suplement de chambre","enablePrice":true,"priceOptions":"different_for_all","pricingType":"fixed","name":"checkbox-group-1643221666959","other_text":"Other","cl_rule":"show","col":6,"values":[{"label":"Chambre Junior Suite Jardin+","value":"Habitaci\u00f3n Junior Suite Jard\u00edn","price":"40","pimage":"","pimage_id":"","pthumb":"","tempId":"aco_21","gt_translate_keys":["label"]},{"label":"Chambre Suite Classique +","value":"Habitaci\u00f3n Suite Cl\u00e1sica","price":"60","pimage":"","pimage_id":"","pthumb":"","tempId":"aco_22","gt_translate_keys":["label"]},{"label":"Chambre Grande Suite Jardin +","value":"Habitaci\u00f3n Gran Suite Jard\u00edn","price":"120","pimage":"","pimage_id":"","pthumb":"","tempId":"aco_23","gt_translate_keys":["label"]}],"relations":false,"active":true,"tooltip":"","layOut":"","checkUi":"","error":false,"gt_translate_keys":["label","tooltip"],"price_dependency":false,"cl_dependency":false,"value":""}]]},"sec_465dc5ae4670ef":{"extra":{"key":"sec_465dc5ae4670ef","section_id":"sec_465dc5ae4670ef","name":"Default","status":1,"cl_rule":"show","enableCl":false,"relations":[],"toggle":true,"title_tag":"h3","show_title":false,"showPrice":"default","form_id":1230,"form_rules":{"exclude_from_discount":false,"fee_label":"Extras","disp_hide_options_price":false,"disp_show_section_price":false,"disp_show_field_price":true,"layout_option":"standard","pric_use_as_fee":false,"process_fee_as":"woo_fee"},"layout_option":"standard"},"fields":[[{"type":"checkbox-group","elementId":"wcpa-checkbox-group-1643221899196","label":"Les plus de la chambre","enablePrice":true,"priceOptions":"different_for_all","pricingType":"fixed","name":"checkbox-group-1643221899196","other_text":"Other","cl_rule":"show","col":6,"values":[{"label":"Kit \u00e9rotique : comprend une bouteille de cava, un kit de cosm\u00e9tiques \u00e9rotiques et des sels de bain.","value":"Kit er\u00f3tico","price":"75","pimage":"","pimage_id":"","pthumb":"","tempId":"aco_39","gt_translate_keys":["label"]},{"label":"Bouteille de cava et chocolats","value":"Botella de cava y bombones","price":"30","pimage":"","pimage_id":"","pthumb":"","tempId":"aco_40","gt_translate_keys":["label"]},{"label":"Sels de bain et lettres de suggestions","value":"Sales de ba\u00f1o y cartas de sugerencias","price":"16.9","pimage":"","pimage_id":"","pthumb":"","tempId":"aco_41","gt_translate_keys":["label"]},{"label":"Erotic Cosmetics","value":"Cosm\u00e9tica Er\u00f3tica","price":"42.8","pimage":"","pimage_id":"","pthumb":"","tempId":"aco_42","gt_translate_keys":["label"]},{"label":"Sels de bain","value":"Sales de ba\u00f1o","price":"12.99","pimage":"","pimage_id":"","pthumb":"","tempId":"aco_43","gt_translate_keys":["label"]},{"label":"Bouteille 0,38cl M\u00f6et & Chandon Imp\u00e9rial","value":"Botella  0,38cl M\u00f6et & Chandon Imp\u00e9rial","price":"38","pimage":"","pimage_id":"","pthumb":"","tempId":"aco_44","gt_translate_keys":["label"]}],"relations":false,"active":true,"tooltip":"","layOut":"","checkUi":"","error":false,"enable_quantity":true,"quantity_label":"Quantity","gt_translate_keys":["label","tooltip","quantity_label"],"price_dependency":false,"cl_dependency":false,"value":""}]]},"sec_1065dc589827179":{"extra":{"key":"sec_1065dc589827179","section_id":"sec_1065dc589827179","name":"Default","status":1,"cl_rule":"show","enableCl":false,"relations":[],"toggle":true,"title_tag":"h3","show_title":false,"showPrice":"default","form_id":1227,"form_rules":{"exclude_from_discount":false,"fee_label":"Extras","disp_hide_options_price":false,"disp_show_section_price":false,"disp_show_field_price":true,"layout_option":"standard","pric_use_as_fee":false,"process_fee_as":"woo_fee"},"layout_option":"standard"},"fields":[[{"type":"checkbox-group","elementId":"wcpa-checkbox-group-1643222553174","label":"Massages et soins (prix par personne)","description":"","enablePrice":true,"priceOptions":"different_for_all","pricingType":"custom","use_as_fee":true,"name":"checkbox-group-1643222553174","other_text":"Other","cl_rule":"show","col":6,"values":[{"label":"Massage \u00e9quilibrant Vata 50'+","value":"option-1Masaje equilibrante Vata 60","price":"88","pimage":"","pimage_id":"","pthumb":"","tempId":"aco_182","gt_translate_keys":["label"]},{"label":"Massage Otham 50'+","value":"Masaje Otham 60'","price":"98","pimage":"","pimage_id":"","pthumb":"","tempId":"aco_183","gt_translate_keys":["label"]},{"label":"Massage th\u00e9rapeutique des jambes 25'+","value":"Masaje terap\u00e9utico de piernas 30","price":"44","pimage":"","pimage_id":"","pthumb":"","tempId":"aco_185","gt_translate_keys":["label"]},{"label":"Massage th\u00e9rapeutique du dos 25'+","value":"Masaje terap\u00e9utico espalda 30'","price":"44","pimage":"","pimage_id":"","pthumb":"","tempId":"aco_186","gt_translate_keys":["label"]},{"label":"Massage th\u00e9rapeutique des pieds 25'+","value":"Masaje terap\u00e9utico podal 30'","price":"44","pimage":"","pimage_id":"","pthumb":"","tempId":"aco_187","gt_translate_keys":["label"]},{"label":"Soin du visage hydratant 25'+","value":"o\tTratamiento facial hidratante 30'","price":"49","pimage":"","pimage_id":"","pthumb":"","tempId":"aco_188","gt_translate_keys":["label"]},{"label":"Massage aux huiles parfum\u00e9es 25'+","value":"o\tMasaje con aceites perfumados 30'","selected":false,"tempId":"aco_234","price":"49","gt_translate_keys":["label"]}],"relations":[{"operator":false,"rules":[{"operator":false,"rules":{"cl_field":"quantity","cl_relation":"is","cl_val":""}}]}],"active":true,"tooltip":"","layOut":"","checkUi":"","error":false,"isTemplate":false,"enable_quantity":true,"quantity_label":"Quantity","gt_translate_keys":["label","description","tooltip","quantity_label"],"price_dependency":false,"cl_dependency":false,"value":""}]]},"sec_065a7c628f01a3":{"extra":{"key":"sec_065a7c628f01a3","section_id":"sec_065a7c628f01a3","name":"Default","status":1,"cl_rule":"show","enableCl":false,"relations":[],"toggle":true,"title_tag":"h3","show_title":false,"showPrice":"default","form_id":1218,"form_rules":{"exclude_from_discount":false,"fee_label":"Extras","disp_hide_options_price":false,"disp_show_section_price":false,"disp_show_field_price":true,"layout_option":"standard","pric_use_as_fee":false,"process_fee_as":"woo_fee"},"layout_option":"standard"},"fields":[[{"type":"checkbox-group","elementId":"wcpa-checkbox-group-1643214688485","label":"Mini g\u00e2teau sp\u00e9cial anniversaire","enablePrice":true,"priceOptions":"different_for_all","pricingType":"fixed","name":"checkbox-group-1643214688485","other_text":"Other","cl_rule":"show","col":6,"values":[{"label":"Mini-g\u00e2teau","value":"option-1","price":"25","pimage":"","pimage_id":"","pthumb":"","tempId":"aco_20","gt_translate_keys":["label"]}],"relations":false,"active":true,"tooltip":"","layOut":"","checkUi":"","error":false,"use_as_fee":true,"enable_quantity":true,"quantity_label":"Quantity","gt_translate_keys":["label","tooltip","quantity_label"],"price_dependency":false,"cl_dependency":false,"value":""}]]}},"config":{"price_override":"","enable_recaptcha":false,"bind_quantity":true,"quantity_bind_formula":"{field.element_id_of_the_field.value}","disp_summ_show_option_price":true,"disp_summ_show_product_price":true,"disp_summ_show_total_price":true,"disp_summ_show_fee":true,"disp_summ_show_discount":false,"summary_title":"","options_total_label":"","total_label":"Total","options_product_label":"Prix","fee_label":"Extras","discount_label":"Discount","has_price":true,"has_quantity_formula":false},"mc_unit":1,"tax_rate":1,"tax_rate_real":1,"discount":{"percentage":0,"fixed":0},"design":{"conf":{"LabelPosition":"above","DescPosition":"above","UploadField":"custom_1","QuantityFieldStyle":"default"},"css":{"LeftLabelWidth":"120px"}},"formulas":[],"clones":false,"cartKey":false}},"_links":{"self":[{"href":"https:\/\/regala.hotelvillaretiro.com\/fr\/wp-json\/wp\/v2\/product\/1162","targetHints":{"allow":["GET"]}}],"collection":[{"href":"https:\/\/regala.hotelvillaretiro.com\/fr\/wp-json\/wp\/v2\/product"}],"about":[{"href":"https:\/\/regala.hotelvillaretiro.com\/fr\/wp-json\/wp\/v2\/types\/product"}],"wp:featuredmedia":[{"embeddable":true,"href":"https:\/\/regala.hotelvillaretiro.com\/fr\/wp-json\/wp\/v2\/media\/970"}],"wp:attachment":[{"href":"https:\/\/regala.hotelvillaretiro.com\/fr\/wp-json\/wp\/v2\/media?parent=1162"}],"wp:term":[{"taxonomy":"product_brand","embeddable":true,"href":"https:\/\/regala.hotelvillaretiro.com\/fr\/wp-json\/wp\/v2\/product_brand?post=1162"},{"taxonomy":"product_cat","embeddable":true,"href":"https:\/\/regala.hotelvillaretiro.com\/fr\/wp-json\/wp\/v2\/product_cat?post=1162"},{"taxonomy":"product_tag","embeddable":true,"href":"https:\/\/regala.hotelvillaretiro.com\/fr\/wp-json\/wp\/v2\/product_tag?post=1162"}],"curies":[{"name":"wp","href":"https:\/\/api.w.org\/{rel}","templated":true}]}}