{"id":1215,"date":"2022-01-25T19:42:14","date_gmt":"2022-01-25T18:42:14","guid":{"rendered":"https:\/\/regala.hotelvillaretiro.com\/producto\/menu-homenaje\/"},"modified":"2026-03-20T19:57:14","modified_gmt":"2026-03-20T18:57:14","slug":"menu-plus-hommage","status":"publish","type":"product","link":"https:\/\/regala.hotelvillaretiro.com\/fr\/producto\/menu-plus-hommage\/","title":{"rendered":"Menu plus qu&rsquo;un hommage\u2013 \u00c9toile Michelin Villa Retiro"},"content":{"rendered":"[vc_row type=\u00a0\u00bbin_container\u00a0\u00bb full_screen_row_position=\u00a0\u00bbmiddle\u00a0\u00bb column_margin=\u00a0\u00bbdefault\u00a0\u00bb column_direction=\u00a0\u00bbdefault\u00a0\u00bb column_direction_tablet=\u00a0\u00bbdefault\u00a0\u00bb column_direction_phone=\u00a0\u00bbdefault\u00a0\u00bb scene_position=\u00a0\u00bbcenter\u00a0\u00bb text_color=\u00a0\u00bbdark\u00a0\u00bb text_align=\u00a0\u00bbleft\u00a0\u00bb row_border_radius=\u00a0\u00bbnone\u00a0\u00bb row_border_radius_applies=\u00a0\u00bbbg\u00a0\u00bb overflow=\u00a0\u00bbvisible\u00a0\u00bb overlay_strength=\u00a0\u00bb0.3&Prime; gradient_direction=\u00a0\u00bbleft_to_right\u00a0\u00bb shape_divider_position=\u00a0\u00bbbottom\u00a0\u00bb bg_image_animation=\u00a0\u00bbnone\u00a0\u00bb][vc_column column_padding=\u00a0\u00bbno-extra-padding\u00a0\u00bb column_padding_tablet=\u00a0\u00bbinherit\u00a0\u00bb column_padding_phone=\u00a0\u00bbinherit\u00a0\u00bb column_padding_position=\u00a0\u00bball\u00a0\u00bb column_element_spacing=\u00a0\u00bbdefault\u00a0\u00bb background_color_opacity=\u00a0\u00bb1&Prime; background_hover_color_opacity=\u00a0\u00bb1&Prime; column_shadow=\u00a0\u00bbnone\u00a0\u00bb column_border_radius=\u00a0\u00bbnone\u00a0\u00bb column_link_target=\u00a0\u00bb_self\u00a0\u00bb column_position=\u00a0\u00bbdefault\u00a0\u00bb gradient_direction=\u00a0\u00bbleft_to_right\u00a0\u00bb overlay_strength=\u00a0\u00bb0.3&Prime; width=\u00a0\u00bb1\/1&Prime; tablet_width_inherit=\u00a0\u00bbdefault\u00a0\u00bb tablet_text_alignment=\u00a0\u00bbdefault\u00a0\u00bb phone_text_alignment=\u00a0\u00bbdefault\u00a0\u00bb animation_type=\u00a0\u00bbdefault\u00a0\u00bb bg_image_animation=\u00a0\u00bbnone\u00a0\u00bb border_type=\u00a0\u00bbsimple\u00a0\u00bb column_border_width=\u00a0\u00bbnone\u00a0\u00bb column_border_style=\u00a0\u00bbsolid\u00a0\u00bb][\/vc_column][\/vc_row]\n","protected":false},"excerpt":{"rendered":"<p>Dans notre restaurant \u00e9toil\u00e9 au guide Michelin de l&rsquo;H\u00f4tel Villa Retiro, vous pourrez profiter d&rsquo;une exp\u00e9rience gastronomique unique avec notre menu, bien plus qu\u2019un hommage.  <\/p>\n<p>Le Restaurant Villa Retiro, dirig\u00e9 par le chef Fran L\u00f3pez, est le seul du Baix Ebre \u00e0 avoir \u00e9t\u00e9 r\u00e9compens\u00e9 d&rsquo;une \u00e9toile Michelin.<br \/>\n[nectar_btn size=\u00a0\u00bbmedium\u00a0\u00bb button_style=\u00a0\u00bbregular\u00a0\u00bb button_color_2=\u00a0\u00bbAccent-Color\u00a0\u00bb icon_family=\u00a0\u00bbnone\u00a0\u00bb text=\u00a0\u00bbVoir le menu complet\u00a0\u00bb url=\u00a0\u00bbhttps:\/\/regala.hotelvillaretiro.com\/wp-content\/uploads\/2026\/03\/CARTA-WEB-FRA-2026.pdf\u00a0\u00bb]<\/p>\n","protected":false},"featured_media":820,"template":"","meta":{"inline_featured_image":false},"product_brand":[],"product_cat":[45],"product_tag":[],"class_list":{"0":"post-1215","1":"product","2":"type-product","3":"status-publish","4":"has-post-thumbnail","6":"product_cat-menus-fr","7":"wcpa_has_options","9":"first","10":"instock","11":"virtual","12":"purchasable","13":"product-type-simple"},"yoast_head":"<!-- This site is optimized with the Yoast SEO plugin v27.3 - https:\/\/yoast.com\/product\/yoast-seo-wordpress\/ -->\n<title>Menu plus qu&#039;un hommage\u2013 \u00c9toile Michelin Villa Retiro - Regala Villa Retiro<\/title>\n<meta name=\"description\" content=\"Menu plus qu&#039;un hommageDans notre restaurant \u00e9toil\u00e9 au guide Michelin de l&#039;H\u00f4tel Villa Retiro, vous pourrez profiter d&#039;une exp\u00e9rience gastronomique unique avec notre menu, bien plus qu\u2019un hommage.\" \/>\n<meta name=\"robots\" content=\"index, follow, max-snippet:-1, max-image-preview:large, max-video-preview:-1\" \/>\n<link rel=\"canonical\" href=\"https:\/\/regala.hotelvillaretiro.com\/fr\/producto\/menu-plus-hommage\/\" \/>\n<meta property=\"og:locale\" content=\"fr_FR\" \/>\n<meta property=\"og:type\" content=\"article\" \/>\n<meta property=\"og:title\" content=\"Menu plus qu&#039;un hommage\u2013 \u00c9toile Michelin Villa Retiro - Regala Villa Retiro\" \/>\n<meta property=\"og:description\" content=\"Menu plus qu&#039;un hommageDans notre restaurant \u00e9toil\u00e9 au guide Michelin de l&#039;H\u00f4tel Villa Retiro, vous pourrez profiter d&#039;une exp\u00e9rience gastronomique unique avec notre menu, bien plus qu\u2019un hommage.\" \/>\n<meta property=\"og:url\" content=\"https:\/\/regala.hotelvillaretiro.com\/fr\/producto\/menu-plus-hommage\/\" \/>\n<meta property=\"og:site_name\" content=\"Regala Villa Retiro\" \/>\n<meta property=\"article:modified_time\" content=\"2026-03-20T18:57:14+00:00\" \/>\n<meta property=\"og:image\" content=\"https:\/\/regala.hotelvillaretiro.com\/wp-content\/uploads\/2022\/01\/hotel-villa-retiro-estrella-michelin-fran-lopez-xerta-tarragonaVilla-Retiro-Octubre-2021-103.jpg\" \/>\n\t<meta property=\"og:image:width\" content=\"1200\" \/>\n\t<meta property=\"og:image:height\" content=\"800\" \/>\n\t<meta property=\"og:image:type\" content=\"image\/jpeg\" \/>\n<meta name=\"twitter:card\" content=\"summary_large_image\" \/>\n<meta name=\"twitter:label1\" content=\"Dur\u00e9e de lecture estim\u00e9e\" \/>\n\t<meta name=\"twitter:data1\" content=\"1 minute\" \/>\n<script type=\"application\/ld+json\" class=\"yoast-schema-graph\">{\"@context\":\"https:\\\/\\\/schema.org\",\"@graph\":[{\"@type\":\"WebPage\",\"@id\":\"https:\\\/\\\/regala.hotelvillaretiro.com\\\/fr\\\/producto\\\/menu-plus-hommage\\\/\",\"url\":\"https:\\\/\\\/regala.hotelvillaretiro.com\\\/fr\\\/producto\\\/menu-plus-hommage\\\/\",\"name\":\"Menu plus qu'un hommage\u2013 \u00c9toile Michelin Villa Retiro - Regala Villa Retiro\",\"isPartOf\":{\"@id\":\"https:\\\/\\\/regala.hotelvillaretiro.com\\\/fr\\\/#website\"},\"primaryImageOfPage\":{\"@id\":\"https:\\\/\\\/regala.hotelvillaretiro.com\\\/fr\\\/producto\\\/menu-plus-hommage\\\/#primaryimage\"},\"image\":{\"@id\":\"https:\\\/\\\/regala.hotelvillaretiro.com\\\/fr\\\/producto\\\/menu-plus-hommage\\\/#primaryimage\"},\"thumbnailUrl\":\"https:\\\/\\\/regala.hotelvillaretiro.com\\\/wp-content\\\/uploads\\\/2022\\\/01\\\/hotel-villa-retiro-estrella-michelin-fran-lopez-xerta-tarragonaVilla-Retiro-Octubre-2021-103.jpg\",\"datePublished\":\"2022-01-25T18:42:14+00:00\",\"dateModified\":\"2026-03-20T18:57:14+00:00\",\"description\":\"Menu plus qu'un hommageDans notre restaurant \u00e9toil\u00e9 au guide Michelin de l'H\u00f4tel Villa Retiro, vous pourrez profiter d'une exp\u00e9rience gastronomique unique avec notre menu, bien plus qu\u2019un hommage.\",\"breadcrumb\":{\"@id\":\"https:\\\/\\\/regala.hotelvillaretiro.com\\\/fr\\\/producto\\\/menu-plus-hommage\\\/#breadcrumb\"},\"inLanguage\":\"fr-FR\",\"potentialAction\":[{\"@type\":\"ReadAction\",\"target\":[\"https:\\\/\\\/regala.hotelvillaretiro.com\\\/fr\\\/producto\\\/menu-plus-hommage\\\/\"]}]},{\"@type\":\"ImageObject\",\"inLanguage\":\"fr-FR\",\"@id\":\"https:\\\/\\\/regala.hotelvillaretiro.com\\\/fr\\\/producto\\\/menu-plus-hommage\\\/#primaryimage\",\"url\":\"https:\\\/\\\/regala.hotelvillaretiro.com\\\/wp-content\\\/uploads\\\/2022\\\/01\\\/hotel-villa-retiro-estrella-michelin-fran-lopez-xerta-tarragonaVilla-Retiro-Octubre-2021-103.jpg\",\"contentUrl\":\"https:\\\/\\\/regala.hotelvillaretiro.com\\\/wp-content\\\/uploads\\\/2022\\\/01\\\/hotel-villa-retiro-estrella-michelin-fran-lopez-xerta-tarragonaVilla-Retiro-Octubre-2021-103.jpg\",\"width\":1200,\"height\":800,\"caption\":\"Regala Villa Retiro-escapadas-menus-estrella-michelin-hotel-cinco-estrellas-spa-enoturismo-gastroturimo\"},{\"@type\":\"BreadcrumbList\",\"@id\":\"https:\\\/\\\/regala.hotelvillaretiro.com\\\/fr\\\/producto\\\/menu-plus-hommage\\\/#breadcrumb\",\"itemListElement\":[{\"@type\":\"ListItem\",\"position\":1,\"name\":\"Portada\",\"item\":\"https:\\\/\\\/regala.hotelvillaretiro.com\\\/fr\\\/\"},{\"@type\":\"ListItem\",\"position\":2,\"name\":\"Boutique\",\"item\":\"https:\\\/\\\/regala.hotelvillaretiro.com\\\/fr\\\/boutique\\\/\"},{\"@type\":\"ListItem\",\"position\":3,\"name\":\"Menu plus qu&#8217;un hommage\u2013 \u00c9toile Michelin Villa Retiro\"}]},{\"@type\":\"WebSite\",\"@id\":\"https:\\\/\\\/regala.hotelvillaretiro.com\\\/fr\\\/#website\",\"url\":\"https:\\\/\\\/regala.hotelvillaretiro.com\\\/fr\\\/\",\"name\":\"Regala Villa Retiro\",\"description\":\"Regala experiencias gastron\u00f3micas con estrella Michelin en el Hotel Villa Retiro\",\"potentialAction\":[{\"@type\":\"SearchAction\",\"target\":{\"@type\":\"EntryPoint\",\"urlTemplate\":\"https:\\\/\\\/regala.hotelvillaretiro.com\\\/fr\\\/?s={search_term_string}\"},\"query-input\":{\"@type\":\"PropertyValueSpecification\",\"valueRequired\":true,\"valueName\":\"search_term_string\"}}],\"inLanguage\":\"fr-FR\"}]}<\/script>\n<!-- \/ Yoast SEO plugin. -->","yoast_head_json":{"title":"Menu plus qu'un hommage\u2013 \u00c9toile Michelin Villa Retiro - Regala Villa Retiro","description":"Menu plus qu'un hommageDans notre restaurant \u00e9toil\u00e9 au guide Michelin de l'H\u00f4tel Villa Retiro, vous pourrez profiter d'une exp\u00e9rience gastronomique unique avec notre menu, bien plus qu\u2019un hommage.","robots":{"index":"index","follow":"follow","max-snippet":"max-snippet:-1","max-image-preview":"max-image-preview:large","max-video-preview":"max-video-preview:-1"},"canonical":"https:\/\/regala.hotelvillaretiro.com\/fr\/producto\/menu-plus-hommage\/","og_locale":"fr_FR","og_type":"article","og_title":"Menu plus qu'un hommage\u2013 \u00c9toile Michelin Villa Retiro - Regala Villa Retiro","og_description":"Menu plus qu'un hommageDans notre restaurant \u00e9toil\u00e9 au guide Michelin de l'H\u00f4tel Villa Retiro, vous pourrez profiter d'une exp\u00e9rience gastronomique unique avec notre menu, bien plus qu\u2019un hommage.","og_url":"https:\/\/regala.hotelvillaretiro.com\/fr\/producto\/menu-plus-hommage\/","og_site_name":"Regala Villa Retiro","article_modified_time":"2026-03-20T18:57:14+00:00","og_image":[{"width":1200,"height":800,"url":"https:\/\/regala.hotelvillaretiro.com\/wp-content\/uploads\/2022\/01\/hotel-villa-retiro-estrella-michelin-fran-lopez-xerta-tarragonaVilla-Retiro-Octubre-2021-103.jpg","type":"image\/jpeg"}],"twitter_card":"summary_large_image","twitter_misc":{"Dur\u00e9e de lecture estim\u00e9e":"1 minute"},"schema":{"@context":"https:\/\/schema.org","@graph":[{"@type":"WebPage","@id":"https:\/\/regala.hotelvillaretiro.com\/fr\/producto\/menu-plus-hommage\/","url":"https:\/\/regala.hotelvillaretiro.com\/fr\/producto\/menu-plus-hommage\/","name":"Menu plus qu'un hommage\u2013 \u00c9toile Michelin Villa Retiro - Regala Villa Retiro","isPartOf":{"@id":"https:\/\/regala.hotelvillaretiro.com\/fr\/#website"},"primaryImageOfPage":{"@id":"https:\/\/regala.hotelvillaretiro.com\/fr\/producto\/menu-plus-hommage\/#primaryimage"},"image":{"@id":"https:\/\/regala.hotelvillaretiro.com\/fr\/producto\/menu-plus-hommage\/#primaryimage"},"thumbnailUrl":"https:\/\/regala.hotelvillaretiro.com\/wp-content\/uploads\/2022\/01\/hotel-villa-retiro-estrella-michelin-fran-lopez-xerta-tarragonaVilla-Retiro-Octubre-2021-103.jpg","datePublished":"2022-01-25T18:42:14+00:00","dateModified":"2026-03-20T18:57:14+00:00","description":"Menu plus qu'un hommageDans notre restaurant \u00e9toil\u00e9 au guide Michelin de l'H\u00f4tel Villa Retiro, vous pourrez profiter d'une exp\u00e9rience gastronomique unique avec notre menu, bien plus qu\u2019un hommage.","breadcrumb":{"@id":"https:\/\/regala.hotelvillaretiro.com\/fr\/producto\/menu-plus-hommage\/#breadcrumb"},"inLanguage":"fr-FR","potentialAction":[{"@type":"ReadAction","target":["https:\/\/regala.hotelvillaretiro.com\/fr\/producto\/menu-plus-hommage\/"]}]},{"@type":"ImageObject","inLanguage":"fr-FR","@id":"https:\/\/regala.hotelvillaretiro.com\/fr\/producto\/menu-plus-hommage\/#primaryimage","url":"https:\/\/regala.hotelvillaretiro.com\/wp-content\/uploads\/2022\/01\/hotel-villa-retiro-estrella-michelin-fran-lopez-xerta-tarragonaVilla-Retiro-Octubre-2021-103.jpg","contentUrl":"https:\/\/regala.hotelvillaretiro.com\/wp-content\/uploads\/2022\/01\/hotel-villa-retiro-estrella-michelin-fran-lopez-xerta-tarragonaVilla-Retiro-Octubre-2021-103.jpg","width":1200,"height":800,"caption":"Regala Villa Retiro-escapadas-menus-estrella-michelin-hotel-cinco-estrellas-spa-enoturismo-gastroturimo"},{"@type":"BreadcrumbList","@id":"https:\/\/regala.hotelvillaretiro.com\/fr\/producto\/menu-plus-hommage\/#breadcrumb","itemListElement":[{"@type":"ListItem","position":1,"name":"Portada","item":"https:\/\/regala.hotelvillaretiro.com\/fr\/"},{"@type":"ListItem","position":2,"name":"Boutique","item":"https:\/\/regala.hotelvillaretiro.com\/fr\/boutique\/"},{"@type":"ListItem","position":3,"name":"Menu plus qu&#8217;un hommage\u2013 \u00c9toile Michelin Villa Retiro"}]},{"@type":"WebSite","@id":"https:\/\/regala.hotelvillaretiro.com\/fr\/#website","url":"https:\/\/regala.hotelvillaretiro.com\/fr\/","name":"Regala Villa Retiro","description":"Regala experiencias gastron\u00f3micas con estrella Michelin en el Hotel Villa Retiro","potentialAction":[{"@type":"SearchAction","target":{"@type":"EntryPoint","urlTemplate":"https:\/\/regala.hotelvillaretiro.com\/fr\/?s={search_term_string}"},"query-input":{"@type":"PropertyValueSpecification","valueRequired":true,"valueName":"search_term_string"}}],"inLanguage":"fr-FR"}]}},"wcpa_form_fields":{"wcpaData":{"product":{"product_price":160,"price_html":"<span class=\"woocommerce-Price-amount amount\"><bdi>160,00&nbsp;<span class=\"woocommerce-Price-currencySymbol\">&euro;<\/span><\/bdi><\/span>","original_product_price":160,"price_including_tax":160,"price_excluding_tax":160,"product_id":{"parent":1215,"variation":false},"is_variable":false,"stock_status":"instock","stock_quantity":null,"parent_sku":"","product_attributes":[],"custom_fields":[],"is_taxable":false},"fields":{"sec_265a7c716d4505":{"extra":{"key":"sec_265a7c716d4505","section_id":"sec_265a7c716d4505","name":"Default","status":1,"cl_rule":"show","enableCl":false,"relations":[],"toggle":true,"title_tag":"h3","show_title":false,"showPrice":"default","form_id":1224,"form_rules":{"exclude_from_discount":false,"fee_label":"Extras","disp_hide_options_price":false,"disp_show_section_price":false,"disp_show_field_price":true,"layout_option":"standard","pric_use_as_fee":false,"process_fee_as":"woo_fee"},"layout_option":"standard"},"fields":[[{"type":"checkbox-group","elementId":"wcpa-checkbox-group-1642613023077","label":"Option avec accord mets et vins (prix par personne)","enablePrice":true,"priceOptions":"different_for_all","pricingType":"fixed","name":"checkbox-group-1642613023077","other_text":"Other","cl_rule":"show","col":6,"values":[{"label":"Accord mets et vins +","value":"Maridaje de vinos +","price":"+90","pimage":"","pimage_id":"","pthumb":"","tempId":"aco_10","gt_translate_keys":["label"]}],"relations":false,"active":true,"tooltip":"","layOut":"","checkUi":"","error":false,"use_as_fee":false,"enable_quantity":true,"quantity_label":"Quantity","gt_translate_keys":["label","tooltip","quantity_label"],"price_dependency":false,"cl_dependency":false,"value":""}]]},"sec_065a7c3183d1fa":{"extra":{"key":"sec_065a7c3183d1fa","section_id":"sec_065a7c3183d1fa","name":"Default","status":1,"cl_rule":"show","enableCl":false,"relations":[],"toggle":true,"title_tag":"h3","show_title":false,"showPrice":"default","form_id":1221,"form_rules":{"exclude_from_discount":false,"fee_label":"Extras","disp_hide_options_price":false,"disp_show_section_price":false,"disp_show_field_price":true,"layout_option":"standard","pric_use_as_fee":false,"process_fee_as":"woo_fee"},"layout_option":"standard"},"fields":[[{"type":"checkbox-group","elementId":"wcpa-checkbox-group-1643214260988","label":"Option de bouteille de vin ou de cava","enablePrice":true,"priceOptions":"different_for_all","pricingType":"fixed","name":"checkbox-group-1643214260988","other_text":"Other","cl_rule":"show","col":6,"values":[{"label":"Bouteille de vin ou de cava","value":"option-1","price":"34","pimage":"","pimage_id":"","pthumb":"","tempId":"aco_24","gt_translate_keys":["label"]},{"label":"Bouteille de vin ou de cava","value":"Botella cava","price":"36","pimage":"","pimage_id":"","pthumb":"","tempId":"aco_27","gt_translate_keys":["label"]},{"label":"Bouteille de vin ou de cava","value":"Botella cava2","price":"60","pimage":"","pimage_id":"","pthumb":"","tempId":"aco_28","gt_translate_keys":["label"]}],"relations":false,"active":true,"tooltip":"","layOut":"","checkUi":"","error":false,"use_as_fee":true,"enable_quantity":true,"quantity_label":"Quantity","gt_translate_keys":["label","tooltip","quantity_label"],"price_dependency":false,"cl_dependency":false,"value":""}]]},"sec_065a7c628f01a3":{"extra":{"key":"sec_065a7c628f01a3","section_id":"sec_065a7c628f01a3","name":"Default","status":1,"cl_rule":"show","enableCl":false,"relations":[],"toggle":true,"title_tag":"h3","show_title":false,"showPrice":"default","form_id":1218,"form_rules":{"exclude_from_discount":false,"fee_label":"Extras","disp_hide_options_price":false,"disp_show_section_price":false,"disp_show_field_price":true,"layout_option":"standard","pric_use_as_fee":false,"process_fee_as":"woo_fee"},"layout_option":"standard"},"fields":[[{"type":"checkbox-group","elementId":"wcpa-checkbox-group-1643214688485","label":"Mini g\u00e2teau sp\u00e9cial anniversaire","enablePrice":true,"priceOptions":"different_for_all","pricingType":"fixed","name":"checkbox-group-1643214688485","other_text":"Other","cl_rule":"show","col":6,"values":[{"label":"Mini-g\u00e2teau","value":"option-1","price":"25","pimage":"","pimage_id":"","pthumb":"","tempId":"aco_20","gt_translate_keys":["label"]}],"relations":false,"active":true,"tooltip":"","layOut":"","checkUi":"","error":false,"use_as_fee":true,"enable_quantity":true,"quantity_label":"Quantity","gt_translate_keys":["label","tooltip","quantity_label"],"price_dependency":false,"cl_dependency":false,"value":""}]]}},"config":{"price_override":"","enable_recaptcha":false,"bind_quantity":false,"quantity_bind_formula":"","disp_summ_show_option_price":true,"disp_summ_show_product_price":true,"disp_summ_show_total_price":true,"disp_summ_show_fee":true,"disp_summ_show_discount":false,"summary_title":"","options_total_label":"","total_label":"Total","options_product_label":"Prix","fee_label":"Extras","discount_label":"Discount","has_price":true,"has_quantity_formula":false},"mc_unit":1,"tax_rate":1,"tax_rate_real":1,"discount":{"percentage":0,"fixed":0},"design":{"conf":{"LabelPosition":"above","DescPosition":"above","UploadField":"custom_1","QuantityFieldStyle":"default"},"css":{"LeftLabelWidth":"120px"}},"formulas":[],"clones":false,"cartKey":false}},"_links":{"self":[{"href":"https:\/\/regala.hotelvillaretiro.com\/fr\/wp-json\/wp\/v2\/product\/1215","targetHints":{"allow":["GET"]}}],"collection":[{"href":"https:\/\/regala.hotelvillaretiro.com\/fr\/wp-json\/wp\/v2\/product"}],"about":[{"href":"https:\/\/regala.hotelvillaretiro.com\/fr\/wp-json\/wp\/v2\/types\/product"}],"wp:featuredmedia":[{"embeddable":true,"href":"https:\/\/regala.hotelvillaretiro.com\/fr\/wp-json\/wp\/v2\/media\/820"}],"wp:attachment":[{"href":"https:\/\/regala.hotelvillaretiro.com\/fr\/wp-json\/wp\/v2\/media?parent=1215"}],"wp:term":[{"taxonomy":"product_brand","embeddable":true,"href":"https:\/\/regala.hotelvillaretiro.com\/fr\/wp-json\/wp\/v2\/product_brand?post=1215"},{"taxonomy":"product_cat","embeddable":true,"href":"https:\/\/regala.hotelvillaretiro.com\/fr\/wp-json\/wp\/v2\/product_cat?post=1215"},{"taxonomy":"product_tag","embeddable":true,"href":"https:\/\/regala.hotelvillaretiro.com\/fr\/wp-json\/wp\/v2\/product_tag?post=1215"}],"curies":[{"name":"wp","href":"https:\/\/api.w.org\/{rel}","templated":true}]}}