{"id":5448,"date":"2024-11-08T13:39:45","date_gmt":"2024-11-08T12:39:45","guid":{"rendered":"https:\/\/regala.hotelvillaretiro.com\/producto\/escapada-gastronomica-hotel-5-estrellas\/"},"modified":"2026-04-09T10:47:51","modified_gmt":"2026-04-09T09:47:51","slug":"escapade-gastronomique-hotel-5-etoiles","status":"publish","type":"product","link":"https:\/\/regala.hotelvillaretiro.com\/fr\/producto\/escapade-gastronomique-hotel-5-etoiles\/","title":{"rendered":"Escapade Gastronomique &#8211; H\u00f4tel 5 \u00e9toiles"},"content":{"rendered":"<p>Que ce soit pour un voyage d&rsquo;affaires ou des vacances, pour se d\u00e9tendre ou vivre une aventure, le gastronomique H\u00f4tel Villa Retiro est le choix id\u00e9al. En tant qu&rsquo;h\u00f4te, vous b\u00e9n\u00e9ficierez de tout le charme d&rsquo;un h\u00f4tel colonial, avec le confort du monde moderne : des chambres con\u00e7ues pour votre bien-\u00eatre \u00e0 une \u00e9quipe attentionn\u00e9e, toujours \u00e0 votre service.<\/p>\n","protected":false},"excerpt":{"rendered":"<p>Pour les amateurs de bien-\u00eatre et de luxe, notre H\u00f4tel 5 \u00c9toiles Villa Retiro vous propose une <strong>Escapade Gastronomique<\/strong> avec un menu dans notre restaurant \u00e9toil\u00e9 au guide Michelin.<\/p>\n<p>Ce forfait inclut :<\/p>\n<ul>\n<li><strong>1 nuit<\/strong> avec petit-d\u00e9jeuner en chambre standard<\/li>\n<li><strong>Cadeau de bienvenue<\/strong> \u00e0 votre arriv\u00e9e<\/li>\n<li><strong>Menu Plus qu&rsquo;un Hommage<\/strong><\/li>\n<li><strong>Coffret du chef<\/strong> comprenant une bouteille d&rsquo;huile d&rsquo;olive et une bouteille de mistelle<\/li>\n<li>Note : boissons non incluses.<\/li>\n<\/ul>\n<p>Vous pouvez ajouter encore plus d&rsquo;extras \u00e0 votre escapade ici :<\/p>\n","protected":false},"featured_media":4883,"template":"","meta":{"inline_featured_image":false},"product_brand":[],"product_cat":[42,39],"product_tag":[],"class_list":{"0":"post-5448","1":"product","2":"type-product","3":"status-publish","4":"has-post-thumbnail","6":"product_cat-hotel-villa-retiro-fr","7":"product_cat-escapadas-fr","8":"wcpa_has_options","10":"first","11":"instock","12":"virtual","13":"purchasable","14":"product-type-simple"},"yoast_head":"<!-- This site is optimized with the Yoast SEO plugin v27.3 - https:\/\/yoast.com\/product\/yoast-seo-wordpress\/ -->\n<title>Escapade Gastronomique - H\u00f4tel 5 \u00e9toiles - Regala Villa Retiro<\/title>\n<meta name=\"description\" content=\"Escapade Gastronomique \u00e0 l&#039;H\u00f4tel Villa Retiro Parfaite pour un voyage d&#039;affaires ou des vacances, que ce soit pour se d\u00e9tendre ou vivre une aventure.\" \/>\n<meta name=\"robots\" content=\"index, follow, max-snippet:-1, max-image-preview:large, max-video-preview:-1\" \/>\n<link rel=\"canonical\" href=\"https:\/\/regala.hotelvillaretiro.com\/fr\/producto\/escapade-gastronomique-hotel-5-etoiles\/\" \/>\n<meta property=\"og:locale\" content=\"fr_FR\" \/>\n<meta property=\"og:type\" content=\"article\" \/>\n<meta property=\"og:title\" content=\"Escapade Gastronomique - H\u00f4tel 5 \u00e9toiles - Regala Villa Retiro\" \/>\n<meta property=\"og:description\" content=\"Escapade Gastronomique \u00e0 l&#039;H\u00f4tel Villa Retiro Parfaite pour un voyage d&#039;affaires ou des vacances, que ce soit pour se d\u00e9tendre ou vivre une aventure.\" \/>\n<meta property=\"og:url\" content=\"https:\/\/regala.hotelvillaretiro.com\/fr\/producto\/escapade-gastronomique-hotel-5-etoiles\/\" \/>\n<meta property=\"og:site_name\" content=\"Regala Villa Retiro\" \/>\n<meta property=\"article:modified_time\" content=\"2026-04-09T09:47:51+00:00\" \/>\n<meta property=\"og:image\" content=\"https:\/\/regala.hotelvillaretiro.com\/wp-content\/uploads\/2022\/02\/NouMenuVR-59-1.jpg\" \/>\n\t<meta property=\"og:image:width\" content=\"2043\" \/>\n\t<meta property=\"og:image:height\" content=\"1363\" \/>\n\t<meta property=\"og:image:type\" content=\"image\/jpeg\" \/>\n<meta name=\"twitter:card\" content=\"summary_large_image\" \/>\n<meta name=\"twitter:label1\" content=\"Dur\u00e9e de lecture estim\u00e9e\" \/>\n\t<meta name=\"twitter:data1\" content=\"1 minute\" \/>\n<script type=\"application\/ld+json\" class=\"yoast-schema-graph\">{\"@context\":\"https:\\\/\\\/schema.org\",\"@graph\":[{\"@type\":\"WebPage\",\"@id\":\"https:\\\/\\\/regala.hotelvillaretiro.com\\\/fr\\\/producto\\\/escapade-gastronomique-hotel-5-etoiles\\\/\",\"url\":\"https:\\\/\\\/regala.hotelvillaretiro.com\\\/fr\\\/producto\\\/escapade-gastronomique-hotel-5-etoiles\\\/\",\"name\":\"Escapade Gastronomique - H\u00f4tel 5 \u00e9toiles - Regala Villa Retiro\",\"isPartOf\":{\"@id\":\"https:\\\/\\\/regala.hotelvillaretiro.com\\\/fr\\\/#website\"},\"primaryImageOfPage\":{\"@id\":\"https:\\\/\\\/regala.hotelvillaretiro.com\\\/fr\\\/producto\\\/escapade-gastronomique-hotel-5-etoiles\\\/#primaryimage\"},\"image\":{\"@id\":\"https:\\\/\\\/regala.hotelvillaretiro.com\\\/fr\\\/producto\\\/escapade-gastronomique-hotel-5-etoiles\\\/#primaryimage\"},\"thumbnailUrl\":\"https:\\\/\\\/regala.hotelvillaretiro.com\\\/wp-content\\\/uploads\\\/2022\\\/02\\\/NouMenuVR-59-1.jpg\",\"datePublished\":\"2024-11-08T12:39:45+00:00\",\"dateModified\":\"2026-04-09T09:47:51+00:00\",\"description\":\"Escapade Gastronomique \u00e0 l'H\u00f4tel Villa Retiro Parfaite pour un voyage d'affaires ou des vacances, que ce soit pour se d\u00e9tendre ou vivre une aventure.\",\"breadcrumb\":{\"@id\":\"https:\\\/\\\/regala.hotelvillaretiro.com\\\/fr\\\/producto\\\/escapade-gastronomique-hotel-5-etoiles\\\/#breadcrumb\"},\"inLanguage\":\"fr-FR\",\"potentialAction\":[{\"@type\":\"ReadAction\",\"target\":[\"https:\\\/\\\/regala.hotelvillaretiro.com\\\/fr\\\/producto\\\/escapade-gastronomique-hotel-5-etoiles\\\/\"]}]},{\"@type\":\"ImageObject\",\"inLanguage\":\"fr-FR\",\"@id\":\"https:\\\/\\\/regala.hotelvillaretiro.com\\\/fr\\\/producto\\\/escapade-gastronomique-hotel-5-etoiles\\\/#primaryimage\",\"url\":\"https:\\\/\\\/regala.hotelvillaretiro.com\\\/wp-content\\\/uploads\\\/2022\\\/02\\\/NouMenuVR-59-1.jpg\",\"contentUrl\":\"https:\\\/\\\/regala.hotelvillaretiro.com\\\/wp-content\\\/uploads\\\/2022\\\/02\\\/NouMenuVR-59-1.jpg\",\"width\":2043,\"height\":1363,\"caption\":\"Escapade Gastronomique \u2013 H\u00f4tel 5 \u00e9toiles\"},{\"@type\":\"BreadcrumbList\",\"@id\":\"https:\\\/\\\/regala.hotelvillaretiro.com\\\/fr\\\/producto\\\/escapade-gastronomique-hotel-5-etoiles\\\/#breadcrumb\",\"itemListElement\":[{\"@type\":\"ListItem\",\"position\":1,\"name\":\"Portada\",\"item\":\"https:\\\/\\\/regala.hotelvillaretiro.com\\\/fr\\\/\"},{\"@type\":\"ListItem\",\"position\":2,\"name\":\"Boutique\",\"item\":\"https:\\\/\\\/regala.hotelvillaretiro.com\\\/fr\\\/boutique\\\/\"},{\"@type\":\"ListItem\",\"position\":3,\"name\":\"Escapade Gastronomique &#8211; H\u00f4tel 5 \u00e9toiles\"}]},{\"@type\":\"WebSite\",\"@id\":\"https:\\\/\\\/regala.hotelvillaretiro.com\\\/fr\\\/#website\",\"url\":\"https:\\\/\\\/regala.hotelvillaretiro.com\\\/fr\\\/\",\"name\":\"Regala Villa Retiro\",\"description\":\"Regala experiencias gastron\u00f3micas con estrella Michelin en el Hotel Villa Retiro\",\"potentialAction\":[{\"@type\":\"SearchAction\",\"target\":{\"@type\":\"EntryPoint\",\"urlTemplate\":\"https:\\\/\\\/regala.hotelvillaretiro.com\\\/fr\\\/?s={search_term_string}\"},\"query-input\":{\"@type\":\"PropertyValueSpecification\",\"valueRequired\":true,\"valueName\":\"search_term_string\"}}],\"inLanguage\":\"fr-FR\"}]}<\/script>\n<!-- \/ Yoast SEO plugin. -->","yoast_head_json":{"title":"Escapade Gastronomique - H\u00f4tel 5 \u00e9toiles - Regala Villa Retiro","description":"Escapade Gastronomique \u00e0 l'H\u00f4tel Villa Retiro Parfaite pour un voyage d'affaires ou des vacances, que ce soit pour se d\u00e9tendre ou vivre une aventure.","robots":{"index":"index","follow":"follow","max-snippet":"max-snippet:-1","max-image-preview":"max-image-preview:large","max-video-preview":"max-video-preview:-1"},"canonical":"https:\/\/regala.hotelvillaretiro.com\/fr\/producto\/escapade-gastronomique-hotel-5-etoiles\/","og_locale":"fr_FR","og_type":"article","og_title":"Escapade Gastronomique - H\u00f4tel 5 \u00e9toiles - Regala Villa Retiro","og_description":"Escapade Gastronomique \u00e0 l'H\u00f4tel Villa Retiro Parfaite pour un voyage d'affaires ou des vacances, que ce soit pour se d\u00e9tendre ou vivre une aventure.","og_url":"https:\/\/regala.hotelvillaretiro.com\/fr\/producto\/escapade-gastronomique-hotel-5-etoiles\/","og_site_name":"Regala Villa Retiro","article_modified_time":"2026-04-09T09:47:51+00:00","og_image":[{"width":2043,"height":1363,"url":"https:\/\/regala.hotelvillaretiro.com\/wp-content\/uploads\/2022\/02\/NouMenuVR-59-1.jpg","type":"image\/jpeg"}],"twitter_card":"summary_large_image","twitter_misc":{"Dur\u00e9e de lecture estim\u00e9e":"1 minute"},"schema":{"@context":"https:\/\/schema.org","@graph":[{"@type":"WebPage","@id":"https:\/\/regala.hotelvillaretiro.com\/fr\/producto\/escapade-gastronomique-hotel-5-etoiles\/","url":"https:\/\/regala.hotelvillaretiro.com\/fr\/producto\/escapade-gastronomique-hotel-5-etoiles\/","name":"Escapade Gastronomique - H\u00f4tel 5 \u00e9toiles - Regala Villa Retiro","isPartOf":{"@id":"https:\/\/regala.hotelvillaretiro.com\/fr\/#website"},"primaryImageOfPage":{"@id":"https:\/\/regala.hotelvillaretiro.com\/fr\/producto\/escapade-gastronomique-hotel-5-etoiles\/#primaryimage"},"image":{"@id":"https:\/\/regala.hotelvillaretiro.com\/fr\/producto\/escapade-gastronomique-hotel-5-etoiles\/#primaryimage"},"thumbnailUrl":"https:\/\/regala.hotelvillaretiro.com\/wp-content\/uploads\/2022\/02\/NouMenuVR-59-1.jpg","datePublished":"2024-11-08T12:39:45+00:00","dateModified":"2026-04-09T09:47:51+00:00","description":"Escapade Gastronomique \u00e0 l'H\u00f4tel Villa Retiro Parfaite pour un voyage d'affaires ou des vacances, que ce soit pour se d\u00e9tendre ou vivre une aventure.","breadcrumb":{"@id":"https:\/\/regala.hotelvillaretiro.com\/fr\/producto\/escapade-gastronomique-hotel-5-etoiles\/#breadcrumb"},"inLanguage":"fr-FR","potentialAction":[{"@type":"ReadAction","target":["https:\/\/regala.hotelvillaretiro.com\/fr\/producto\/escapade-gastronomique-hotel-5-etoiles\/"]}]},{"@type":"ImageObject","inLanguage":"fr-FR","@id":"https:\/\/regala.hotelvillaretiro.com\/fr\/producto\/escapade-gastronomique-hotel-5-etoiles\/#primaryimage","url":"https:\/\/regala.hotelvillaretiro.com\/wp-content\/uploads\/2022\/02\/NouMenuVR-59-1.jpg","contentUrl":"https:\/\/regala.hotelvillaretiro.com\/wp-content\/uploads\/2022\/02\/NouMenuVR-59-1.jpg","width":2043,"height":1363,"caption":"Escapade Gastronomique \u2013 H\u00f4tel 5 \u00e9toiles"},{"@type":"BreadcrumbList","@id":"https:\/\/regala.hotelvillaretiro.com\/fr\/producto\/escapade-gastronomique-hotel-5-etoiles\/#breadcrumb","itemListElement":[{"@type":"ListItem","position":1,"name":"Portada","item":"https:\/\/regala.hotelvillaretiro.com\/fr\/"},{"@type":"ListItem","position":2,"name":"Boutique","item":"https:\/\/regala.hotelvillaretiro.com\/fr\/boutique\/"},{"@type":"ListItem","position":3,"name":"Escapade Gastronomique &#8211; H\u00f4tel 5 \u00e9toiles"}]},{"@type":"WebSite","@id":"https:\/\/regala.hotelvillaretiro.com\/fr\/#website","url":"https:\/\/regala.hotelvillaretiro.com\/fr\/","name":"Regala Villa Retiro","description":"Regala experiencias gastron\u00f3micas con estrella Michelin en el Hotel Villa Retiro","potentialAction":[{"@type":"SearchAction","target":{"@type":"EntryPoint","urlTemplate":"https:\/\/regala.hotelvillaretiro.com\/fr\/?s={search_term_string}"},"query-input":{"@type":"PropertyValueSpecification","valueRequired":true,"valueName":"search_term_string"}}],"inLanguage":"fr-FR"}]}},"wcpa_form_fields":{"wcpaData":{"product":{"product_price":598,"price_html":"<span class=\"woocommerce-Price-amount amount\"><bdi>598,00&nbsp;<span class=\"woocommerce-Price-currencySymbol\">&euro;<\/span><\/bdi><\/span>","original_product_price":598,"price_including_tax":598,"price_excluding_tax":598,"product_id":{"parent":5448,"variation":false},"is_variable":false,"stock_status":"instock","stock_quantity":null,"parent_sku":"","product_attributes":[],"custom_fields":[],"is_taxable":false},"fields":{"sec_265a7c716d4505":{"extra":{"key":"sec_265a7c716d4505","section_id":"sec_265a7c716d4505","name":"Default","status":1,"cl_rule":"show","enableCl":false,"relations":[],"toggle":true,"title_tag":"h3","show_title":false,"showPrice":"default","form_id":1224,"form_rules":{"exclude_from_discount":false,"fee_label":"Extras","disp_hide_options_price":false,"disp_show_section_price":false,"disp_show_field_price":true,"layout_option":"standard","pric_use_as_fee":false,"process_fee_as":"woo_fee"},"layout_option":"standard"},"fields":[[{"type":"checkbox-group","elementId":"wcpa-checkbox-group-1642613023077","label":"Option avec accord mets et vins (prix par personne)","enablePrice":true,"priceOptions":"different_for_all","pricingType":"fixed","name":"checkbox-group-1642613023077","other_text":"Other","cl_rule":"show","col":6,"values":[{"label":"Accord mets et vins +","value":"Maridaje de vinos +","price":"+90","pimage":"","pimage_id":"","pthumb":"","tempId":"aco_10","gt_translate_keys":["label"]}],"relations":false,"active":true,"tooltip":"","layOut":"","checkUi":"","error":false,"use_as_fee":false,"enable_quantity":true,"quantity_label":"Quantity","gt_translate_keys":["label","tooltip","quantity_label"],"price_dependency":false,"cl_dependency":false,"value":""}]]},"sec_065a7c3183d1fa":{"extra":{"key":"sec_065a7c3183d1fa","section_id":"sec_065a7c3183d1fa","name":"Default","status":1,"cl_rule":"show","enableCl":false,"relations":[],"toggle":true,"title_tag":"h3","show_title":false,"showPrice":"default","form_id":1221,"form_rules":{"exclude_from_discount":false,"fee_label":"Extras","disp_hide_options_price":false,"disp_show_section_price":false,"disp_show_field_price":true,"layout_option":"standard","pric_use_as_fee":false,"process_fee_as":"woo_fee"},"layout_option":"standard"},"fields":[[{"type":"checkbox-group","elementId":"wcpa-checkbox-group-1643214260988","label":"Option de bouteille de vin ou de cava","enablePrice":true,"priceOptions":"different_for_all","pricingType":"fixed","name":"checkbox-group-1643214260988","other_text":"Other","cl_rule":"show","col":6,"values":[{"label":"Bouteille de vin ou de cava","value":"option-1","price":"34","pimage":"","pimage_id":"","pthumb":"","tempId":"aco_24","gt_translate_keys":["label"]},{"label":"Bouteille de vin ou de cava","value":"Botella cava","price":"36","pimage":"","pimage_id":"","pthumb":"","tempId":"aco_27","gt_translate_keys":["label"]},{"label":"Bouteille de vin ou de cava","value":"Botella cava2","price":"60","pimage":"","pimage_id":"","pthumb":"","tempId":"aco_28","gt_translate_keys":["label"]}],"relations":false,"active":true,"tooltip":"","layOut":"","checkUi":"","error":false,"use_as_fee":true,"enable_quantity":true,"quantity_label":"Quantity","gt_translate_keys":["label","tooltip","quantity_label"],"price_dependency":false,"cl_dependency":false,"value":""}]]},"sec_369bd89ec33595":{"extra":{"key":"sec_369bd89ec33595","section_id":"sec_369bd89ec33595","name":"Default","status":1,"cl_rule":"show","enableCl":false,"relations":[],"toggle":true,"title_tag":"h3","show_title":false,"showPrice":"default","form_id":1233,"form_rules":{"exclude_from_discount":false,"fee_label":"Extras","disp_hide_options_price":false,"disp_show_section_price":false,"disp_show_field_price":true,"layout_option":"standard","pric_use_as_fee":false,"process_fee_as":"woo_fee"},"layout_option":"standard"},"fields":[[{"type":"checkbox-group","elementId":"wcpa-checkbox-group-1643221666959","label":"Suplement de chambre","enablePrice":true,"priceOptions":"different_for_all","pricingType":"fixed","name":"checkbox-group-1643221666959","other_text":"Other","cl_rule":"show","col":6,"values":[{"label":"Chambre Junior Suite Jardin+","value":"Habitaci\u00f3n Junior Suite Jard\u00edn","price":"40","pimage":"","pimage_id":"","pthumb":"","tempId":"aco_21","gt_translate_keys":["label"]},{"label":"Chambre Suite Classique +","value":"Habitaci\u00f3n Suite Cl\u00e1sica","price":"60","pimage":"","pimage_id":"","pthumb":"","tempId":"aco_22","gt_translate_keys":["label"]},{"label":"Chambre Grande Suite Jardin +","value":"Habitaci\u00f3n Gran Suite Jard\u00edn","price":"120","pimage":"","pimage_id":"","pthumb":"","tempId":"aco_23","gt_translate_keys":["label"]}],"relations":false,"active":true,"tooltip":"","layOut":"","checkUi":"","error":false,"gt_translate_keys":["label","tooltip"],"price_dependency":false,"cl_dependency":false,"value":""}]]},"sec_465dc5ae4670ef":{"extra":{"key":"sec_465dc5ae4670ef","section_id":"sec_465dc5ae4670ef","name":"Default","status":1,"cl_rule":"show","enableCl":false,"relations":[],"toggle":true,"title_tag":"h3","show_title":false,"showPrice":"default","form_id":1230,"form_rules":{"exclude_from_discount":false,"fee_label":"Extras","disp_hide_options_price":false,"disp_show_section_price":false,"disp_show_field_price":true,"layout_option":"standard","pric_use_as_fee":false,"process_fee_as":"woo_fee"},"layout_option":"standard"},"fields":[[{"type":"checkbox-group","elementId":"wcpa-checkbox-group-1643221899196","label":"Les plus de la chambre","enablePrice":true,"priceOptions":"different_for_all","pricingType":"fixed","name":"checkbox-group-1643221899196","other_text":"Other","cl_rule":"show","col":6,"values":[{"label":"Kit \u00e9rotique : comprend une bouteille de cava, un kit de cosm\u00e9tiques \u00e9rotiques et des sels de bain.","value":"Kit er\u00f3tico","price":"75","pimage":"","pimage_id":"","pthumb":"","tempId":"aco_39","gt_translate_keys":["label"]},{"label":"Bouteille de cava et chocolats","value":"Botella de cava y bombones","price":"30","pimage":"","pimage_id":"","pthumb":"","tempId":"aco_40","gt_translate_keys":["label"]},{"label":"Sels de bain et lettres de suggestions","value":"Sales de ba\u00f1o y cartas de sugerencias","price":"16.9","pimage":"","pimage_id":"","pthumb":"","tempId":"aco_41","gt_translate_keys":["label"]},{"label":"Erotic Cosmetics","value":"Cosm\u00e9tica Er\u00f3tica","price":"42.8","pimage":"","pimage_id":"","pthumb":"","tempId":"aco_42","gt_translate_keys":["label"]},{"label":"Sels de bain","value":"Sales de ba\u00f1o","price":"12.99","pimage":"","pimage_id":"","pthumb":"","tempId":"aco_43","gt_translate_keys":["label"]},{"label":"Bouteille 0,38cl M\u00f6et & Chandon Imp\u00e9rial","value":"Botella  0,38cl M\u00f6et & Chandon Imp\u00e9rial","price":"38","pimage":"","pimage_id":"","pthumb":"","tempId":"aco_44","gt_translate_keys":["label"]}],"relations":false,"active":true,"tooltip":"","layOut":"","checkUi":"","error":false,"enable_quantity":true,"quantity_label":"Quantity","gt_translate_keys":["label","tooltip","quantity_label"],"price_dependency":false,"cl_dependency":false,"value":""}]]},"sec_1065dc589827179":{"extra":{"key":"sec_1065dc589827179","section_id":"sec_1065dc589827179","name":"Default","status":1,"cl_rule":"show","enableCl":false,"relations":[],"toggle":true,"title_tag":"h3","show_title":false,"showPrice":"default","form_id":1227,"form_rules":{"exclude_from_discount":false,"fee_label":"Extras","disp_hide_options_price":false,"disp_show_section_price":false,"disp_show_field_price":true,"layout_option":"standard","pric_use_as_fee":false,"process_fee_as":"woo_fee"},"layout_option":"standard"},"fields":[[{"type":"checkbox-group","elementId":"wcpa-checkbox-group-1643222553174","label":"Massages et soins (prix par personne)","description":"","enablePrice":true,"priceOptions":"different_for_all","pricingType":"custom","use_as_fee":true,"name":"checkbox-group-1643222553174","other_text":"Other","cl_rule":"show","col":6,"values":[{"label":"Massage \u00e9quilibrant Vata 50'+","value":"option-1Masaje equilibrante Vata 60","price":"88","pimage":"","pimage_id":"","pthumb":"","tempId":"aco_182","gt_translate_keys":["label"]},{"label":"Massage Otham 50'+","value":"Masaje Otham 60'","price":"98","pimage":"","pimage_id":"","pthumb":"","tempId":"aco_183","gt_translate_keys":["label"]},{"label":"Massage th\u00e9rapeutique des jambes 25'+","value":"Masaje terap\u00e9utico de piernas 30","price":"44","pimage":"","pimage_id":"","pthumb":"","tempId":"aco_185","gt_translate_keys":["label"]},{"label":"Massage th\u00e9rapeutique du dos 25'+","value":"Masaje terap\u00e9utico espalda 30'","price":"44","pimage":"","pimage_id":"","pthumb":"","tempId":"aco_186","gt_translate_keys":["label"]},{"label":"Massage th\u00e9rapeutique des pieds 25'+","value":"Masaje terap\u00e9utico podal 30'","price":"44","pimage":"","pimage_id":"","pthumb":"","tempId":"aco_187","gt_translate_keys":["label"]},{"label":"Soin du visage hydratant 25'+","value":"o\tTratamiento facial hidratante 30'","price":"49","pimage":"","pimage_id":"","pthumb":"","tempId":"aco_188","gt_translate_keys":["label"]},{"label":"Massage aux huiles parfum\u00e9es 25'+","value":"o\tMasaje con aceites perfumados 30'","selected":false,"tempId":"aco_234","price":"49","gt_translate_keys":["label"]}],"relations":[{"operator":false,"rules":[{"operator":false,"rules":{"cl_field":"quantity","cl_relation":"is","cl_val":""}}]}],"active":true,"tooltip":"","layOut":"","checkUi":"","error":false,"isTemplate":false,"enable_quantity":true,"quantity_label":"Quantity","gt_translate_keys":["label","description","tooltip","quantity_label"],"price_dependency":false,"cl_dependency":false,"value":""}]]},"sec_065a7c628f01a3":{"extra":{"key":"sec_065a7c628f01a3","section_id":"sec_065a7c628f01a3","name":"Default","status":1,"cl_rule":"show","enableCl":false,"relations":[],"toggle":true,"title_tag":"h3","show_title":false,"showPrice":"default","form_id":1218,"form_rules":{"exclude_from_discount":false,"fee_label":"Extras","disp_hide_options_price":false,"disp_show_section_price":false,"disp_show_field_price":true,"layout_option":"standard","pric_use_as_fee":false,"process_fee_as":"woo_fee"},"layout_option":"standard"},"fields":[[{"type":"checkbox-group","elementId":"wcpa-checkbox-group-1643214688485","label":"Mini g\u00e2teau sp\u00e9cial anniversaire","enablePrice":true,"priceOptions":"different_for_all","pricingType":"fixed","name":"checkbox-group-1643214688485","other_text":"Other","cl_rule":"show","col":6,"values":[{"label":"Mini-g\u00e2teau","value":"option-1","price":"25","pimage":"","pimage_id":"","pthumb":"","tempId":"aco_20","gt_translate_keys":["label"]}],"relations":false,"active":true,"tooltip":"","layOut":"","checkUi":"","error":false,"use_as_fee":true,"enable_quantity":true,"quantity_label":"Quantity","gt_translate_keys":["label","tooltip","quantity_label"],"price_dependency":false,"cl_dependency":false,"value":""}]]}},"config":{"price_override":"","enable_recaptcha":false,"bind_quantity":true,"quantity_bind_formula":"{field.element_id_of_the_field.value}","disp_summ_show_option_price":true,"disp_summ_show_product_price":true,"disp_summ_show_total_price":true,"disp_summ_show_fee":true,"disp_summ_show_discount":false,"summary_title":"","options_total_label":"","total_label":"Total","options_product_label":"Prix","fee_label":"Extras","discount_label":"Discount","has_price":true,"has_quantity_formula":false},"mc_unit":1,"tax_rate":1,"tax_rate_real":1,"discount":{"percentage":0,"fixed":0},"design":{"conf":{"LabelPosition":"above","DescPosition":"above","UploadField":"custom_1","QuantityFieldStyle":"default"},"css":{"LeftLabelWidth":"120px"}},"formulas":[],"clones":false,"cartKey":false}},"_links":{"self":[{"href":"https:\/\/regala.hotelvillaretiro.com\/fr\/wp-json\/wp\/v2\/product\/5448","targetHints":{"allow":["GET"]}}],"collection":[{"href":"https:\/\/regala.hotelvillaretiro.com\/fr\/wp-json\/wp\/v2\/product"}],"about":[{"href":"https:\/\/regala.hotelvillaretiro.com\/fr\/wp-json\/wp\/v2\/types\/product"}],"wp:featuredmedia":[{"embeddable":true,"href":"https:\/\/regala.hotelvillaretiro.com\/fr\/wp-json\/wp\/v2\/media\/4883"}],"wp:attachment":[{"href":"https:\/\/regala.hotelvillaretiro.com\/fr\/wp-json\/wp\/v2\/media?parent=5448"}],"wp:term":[{"taxonomy":"product_brand","embeddable":true,"href":"https:\/\/regala.hotelvillaretiro.com\/fr\/wp-json\/wp\/v2\/product_brand?post=5448"},{"taxonomy":"product_cat","embeddable":true,"href":"https:\/\/regala.hotelvillaretiro.com\/fr\/wp-json\/wp\/v2\/product_cat?post=5448"},{"taxonomy":"product_tag","embeddable":true,"href":"https:\/\/regala.hotelvillaretiro.com\/fr\/wp-json\/wp\/v2\/product_tag?post=5448"}],"curies":[{"name":"wp","href":"https:\/\/api.w.org\/{rel}","templated":true}]}}